{"id":29,"date":"2020-10-12T16:12:10","date_gmt":"2020-10-12T14:12:10","guid":{"rendered":"https:\/\/mboudry.fr\/epssm65wp\/?page_id=29"},"modified":"2020-10-12T16:12:10","modified_gmt":"2020-10-12T14:12:10","slug":"votre-espace-personnel","status":"publish","type":"page","link":"https:\/\/mboudry.fr\/epssm65\/votre-espace-personnel\/","title":{"rendered":"Votre espace personnel"},"content":{"rendered":"<p>Ces espaces ont \u00e9t\u00e9 cr\u00e9\u00e9s afin que vous puissiez d\u00e9poser, en toute s\u00fbret\u00e9, des donn\u00e9es en relation avec le but de ce site et que vous souhaitez, dans un second temps, partager avec les visiteurs du site \u00ab Epssm65 \u00bb.<\/p>\n<p>Les donn\u00e9es d\u00e9pos\u00e9es, une fois que vous serez entr\u00e9 dans votre espace personnel, en choisissant l\u2019espace comportant votre nom et pr\u00e9nom, ne seront visibles et lisibles que par seul l\u2019administrateur du site et vous&#8230; pas m\u00eame les autres de la promo !<\/p>\n<p>Ceci est possible car pour avoir acc\u00e8s \u00e0 cette partie du site, vous devez avoir pass\u00e9 avec succ\u00e8s les phases d\u2019identification et d\u2019authentification (identifiant et mot de passe ; login et password).<\/p>\n<p>Utilisez donc cet espace personnel pour stocker les donn\u00e9es qui pourraient \u00eatre utiles \u00e0 l\u2019enrichissement des informations diffus\u00e9es aux visiteurs du site \u00ab Epssm65 \u00bb.<\/p>\n","protected":false},"excerpt":{"rendered":"<p>Ces espaces ont \u00e9t\u00e9 cr\u00e9\u00e9s afin que vous puissiez d\u00e9poser, en toute s\u00fbret\u00e9, des donn\u00e9es en relation avec le but de ce site et que vous souhaitez, dans un second temps, partager avec les visiteurs du site \u00ab Epssm65 \u00bb. Les donn\u00e9es d\u00e9pos\u00e9es, une fois que vous serez entr\u00e9 dans votre espace personnel, en choisissant &#8230; <a title=\"Votre espace personnel\" class=\"read-more\" href=\"https:\/\/mboudry.fr\/epssm65\/votre-espace-personnel\/\" aria-label=\"En savoir plus sur Votre espace personnel\">Lire la suite<\/a><\/p>\n","protected":false},"author":1,"featured_media":0,"parent":0,"menu_order":19,"comment_status":"closed","ping_status":"closed","template":"","meta":{"om_disable_all_campaigns":false,"_monsterinsights_skip_tracking":false,"_monsterinsights_sitenote_active":false,"_monsterinsights_sitenote_note":"","_monsterinsights_sitenote_category":0,"footnotes":""},"class_list":["post-29","page","type-page","status-publish"],"_links":{"self":[{"href":"https:\/\/mboudry.fr\/epssm65\/wp-json\/wp\/v2\/pages\/29","targetHints":{"allow":["GET"]}}],"collection":[{"href":"https:\/\/mboudry.fr\/epssm65\/wp-json\/wp\/v2\/pages"}],"about":[{"href":"https:\/\/mboudry.fr\/epssm65\/wp-json\/wp\/v2\/types\/page"}],"author":[{"embeddable":true,"href":"https:\/\/mboudry.fr\/epssm65\/wp-json\/wp\/v2\/users\/1"}],"replies":[{"embeddable":true,"href":"https:\/\/mboudry.fr\/epssm65\/wp-json\/wp\/v2\/comments?post=29"}],"version-history":[{"count":0,"href":"https:\/\/mboudry.fr\/epssm65\/wp-json\/wp\/v2\/pages\/29\/revisions"}],"wp:attachment":[{"href":"https:\/\/mboudry.fr\/epssm65\/wp-json\/wp\/v2\/media?parent=29"}],"curies":[{"name":"wp","href":"https:\/\/api.w.org\/{rel}","templated":true}]}}