{"id":56,"date":"2020-10-12T16:22:51","date_gmt":"2020-10-12T14:22:51","guid":{"rendered":"https:\/\/mboudry.fr\/epssm65wp\/?page_id=56"},"modified":"2020-10-12T16:22:51","modified_gmt":"2020-10-12T14:22:51","slug":"nos-sujets-de-theses","status":"publish","type":"page","link":"https:\/\/mboudry.fr\/epssm65\/nos-parcours-professionnels\/nos-sujets-de-theses\/","title":{"rendered":"Nos sujets de th\u00e8ses"},"content":{"rendered":"<hr \/>\n<h5>Aspects actuels des abc\u00e8s c\u00e9r\u00e9braux : \u00e0 propos de 15 observations<\/h5>\n<p>Jacques Aubertin<br \/>\n1973 &#8211; 176 pages<\/p>\n<hr \/>\n<h5>Le Traitement di\u00e9t\u00e9tique pr\u00e9- et post-op\u00e9ratoire des gastrectomis\u00e9s<\/h5>\n<p>Jean-Paul Bonnet<br \/>\n\u00c9ditions Bergeret &#8211; 250 pages<\/p>\n<hr \/>\n<h5>Le fil d\u2019acier avec Harpon ou Barb-Wire : Deux ans d\u2019utilisation en chirurgie de la main<\/h5>\n<p>Michel Boudry<br \/>\nImprimerie Telliez Compi\u00e8gne, 1973 &#8211; 105 pages<\/p>\n<hr \/>\n<h5>La Scintigraphie pancr\u00e9atique : \u00e0 propos de 1.500 examens, bilan et am\u00e9liorations<\/h5>\n<p>Patrick Calen<br \/>\n\u00c9ditions Bergeret &#8211; 232 pages<\/p>\n<hr \/>\n<h5>Contribution \u00e0 l\u2019\u00e9tude des dystrophies turn\u00e9riennes : \u00e0 propos d\u2019un cas chez un nouveau-n\u00e9 de sexe m\u00e2le<\/h5>\n<p>Dominique Candito<br \/>\n\u00c9ditions Bergeret, 1972 &#8211; 76 pages<\/p>\n<hr \/>\n<h5>Cancer de la vulve : 106 femmes suivies \u00e0 la Fondation Bergoni\u00e9 de 1960 \u00e0 1976<\/h5>\n<p>Jacques Clapies<br \/>\nA.C.E.M.B., 1978<\/p>\n<hr \/>\n<h5>Informatique et anatomie pathologique : propositions pour un syst\u00e8me d\u2019entr\u00e9e en ordinateur<\/h5>\n<p>Didier Couturier<br \/>\n\u00c9ditions Bergeret, 1971 &#8211; 156 pages<\/p>\n<hr \/>\n<h5>Contribution \u00e0 l\u2019\u00e9tude clinique des manifestations neurologiques de la maladie de Marfan chez l\u2019adulte : \u00e0 propos d\u2019une observation<\/h5>\n<p>Jean Marie Den\u00e9e<br \/>\n\u00c9ditions Bergeret &#8211; 136 pages<\/p>\n<hr \/>\n<h5>Action de l\u2019Ethanol sur la broncho motricite : Etude chez l\u2019homme sain, non fumeur<\/h5>\n<p>Michel Desrentes<br \/>\n1972<\/p>\n<hr \/>\n<h5>Donn\u00e9es \u00e9tio-pathog\u00e9niques cliniques et pronostiques sur la grossesse extra-ut\u00e9rine \u00e0 Libreville<\/h5>\n<p>Guy Duboze<br \/>\n1972<\/p>\n<hr \/>\n<h5>Les Ascites cirrhotiques, int\u00e9r\u00eat de l\u2019ionogramme pour le pronostic et le traitement : \u00e0 propos de 104 observations<\/h5>\n<p>Gilbert Faessel<br \/>\n\u00c9ditions Bergeret &#8211; 146 pages<\/p>\n<hr \/>\n<h5>Les Complications cardiaques de l\u2019hypoparathyro\u00efdie : \u00e0 propos de 2 cas<\/h5>\n<p>Yvon Foll<br \/>\n\u00c9ditions Bergeret &#8211; 116 pages<\/p>\n<hr \/>\n<h5>Le dosage des IgE chez une population de sujets t\u00e9moins et allergiques<\/h5>\n<p>Alain Gal\u00e9ano<br \/>\n\u00c9ditions Bergeret, 1972 &#8211; 72 pages<\/p>\n<hr \/>\n<h5>Chirurgie de l\u2019Ulcus duod\u00e9nal : Int\u00e9r\u00eat des tubages gastriques dans le bilan pr\u00e9op\u00e9ratoire de l\u2019ulc\u00e9reux<\/h5>\n<p>Philippe Gasnier<br \/>\n1972<\/p>\n<hr \/>\n<h5>Nerf optique et diab\u00e8te : revue de la litt\u00e9rature \u00e0 propos de six observations<\/h5>\n<p>Georges Gonday<br \/>\n\u00c9d. Bergeret, 1978 &#8211; 132 pages<\/p>\n<hr \/>\n<h5>Contribution \u00e0 l\u2019\u00e9tude des m\u00e9lanomes malins : \u00e0 propos de 80 cas<\/h5>\n<p>Christian Goudot<br \/>\n\u2014 Amiens<\/p>\n<hr \/>\n<h5>Les multin\u00e9vrites de la polyarthrite rhumato\u00efde<\/h5>\n<p>Pierre Jallon<br \/>\n1971<\/p>\n<hr \/>\n<h5>Les M\u00e9ningites bact\u00e9riennes au cours des h\u00e9mopathies et r\u00e9ticulopathies malignes : \u00e0 propos de 5 observations<\/h5>\n<p>Dominique Jaubert<br \/>\n\u00c9ditions Bergeret &#8211; 144 pages<\/p>\n<hr \/>\n<h5>Place de la gastropexie ant\u00e9rieure \u00ab en \u00e9charpe \u00bb dans le traitement des volvulus gastriques<\/h5>\n<p>Vivian Jaud<br \/>\n\u00c9ditions Bergeret &#8211; 106 pages<\/p>\n<hr \/>\n<h5>Contribution \u00e0 l\u2019\u00e9tude du r\u00f4le des acariens dans l\u2019allergie aux poussi\u00e8res de maison<\/h5>\n<p>Roger Josseran<br \/>\n\u00c9ditions Bergeret &#8211; 138 pages<\/p>\n<hr \/>\n<h5>\u00c9valuation quantitative des m\u00e9gacaryocytes rapport\u00e9e \u00e0 l\u2019unit\u00e9 de surface dans des pr\u00e9l\u00e8vements m\u00e9dullaires normaux et pathologiques<\/h5>\n<p>Christian Kirsch<br \/>\n\u00c9ditions Bergeret &#8211; 82 pages<\/p>\n<hr \/>\n<h5>La tol\u00e9rance des produits de contraste \u00e0 propos de l\u2019exp\u00e9rimentation clinique d\u2019un nouvel opacifiant vasculaire : \u00ab\u00a0L\u2019isopaque 280<\/h5>\n<p>Didier Lamarque<br \/>\n1971<\/p>\n<hr \/>\n<h5>La Lymphangiomyomatose : \u00e0 propos d\u2019un cas<\/h5>\n<p>Bernard Le Saint<br \/>\n\u00c9ditions Bergeret &#8211; 256 pages<\/p>\n<hr \/>\n<h5>Consid\u00e9rations sur les Etats hypnotiques et Cons\u00e9quences m\u00e9dico-l\u00e9gales<\/h5>\n<p>Errol Leighton<br \/>\n1973<\/p>\n<hr \/>\n<h5>Localisations h\u00e9patiques de la maladie de Hodgkin : (analyse d\u2019une s\u00e9rie de 200 malades et revue de la litt\u00e9rature)<\/h5>\n<p>Jean-Pierre Leleu<br \/>\nUniversit\u00e9 de Bordeaux II, 1972<\/p>\n<hr \/>\n<h5>\u00c9tude clinique et h\u00e9matologique de 11 cas d\u2019an\u00e9mies r\u00e9fractaires<\/h5>\n<p>Jean-Louis Lesbordes<br \/>\nDimatep-Copy Service &#8211; 282 pages<\/p>\n<hr \/>\n<h5>Contribution \u00e0 l\u2019\u00e9tude de l\u2019alphathalassemie et de son association \u00e0 un d\u00e9ficit en glutathion reductase (\u00e0 propos d\u2019un cas)<\/h5>\n<p>Paul Lougnon<br \/>\n1972<\/p>\n<hr \/>\n<h5>Place de la prostatectomie sous-capsulaire dans le traitement du cancer de la prostate : \u00e0 propos de 36 observations<\/h5>\n<p>Claude Marquine<br \/>\n\u00c9ditions Bergeret, 1972 &#8211; 118 pages<\/p>\n<hr \/>\n<h5>\u00c9tude de l\u2019hypogonadisme et de l\u2019impub\u00e9risme masculins \u00e0 20 ans : 162 observations<\/h5>\n<p>Richard Mathis<br \/>\n1973 &#8211; 166 pages<\/p>\n<hr \/>\n<h5>Etude de l\u2019action des gaz radioactifs de Luchon sur le bronchospasme exp\u00e9rimental<\/h5>\n<p>Jean-Louis Meliet<br \/>\n1972<\/p>\n<hr \/>\n<h5>La Maladie de Launois-Bensaude<\/h5>\n<p>Robert Olhagaray<br \/>\n1973<\/p>\n<hr \/>\n<h5>Chimioth\u00e9rapie anticanc\u00e9reuse et omnipraticiens<\/h5>\n<p>Jean-Claude Provost<br \/>\n\u00c9ditions Bergeret &#8211; 128 pages<\/p>\n<hr \/>\n<h5>Une micro-technique de la r\u00e9action de fixation du compl\u00e9ment applicable aux examens en grande s\u00e9rie pour le diagnostic s\u00e9rologique de la Bilharziose \u00e0 S. Mansoni<\/h5>\n<p>Fenosoa Andrianjafitasy Rabesiaka<br \/>\n\u00c9ditions Bergeret &#8211; 76 pages<\/p>\n<hr \/>\n<h5>Formation et s\u00e9lection en m\u00e9decine aux \u00c9tats-Unis<\/h5>\n<p>Claude Rouquet<br \/>\nUniversit\u00e9 de Bordeaux II, 1973<\/p>\n<hr \/>\n<h5>Contribution \u00e0 l\u2019\u00e9tude des h\u00e9patectomies r\u00e9gl\u00e9es : \u00e0 propos de 17 observations<\/h5>\n<p>Bernard Rouvier<br \/>\n\u00c9ditions Bergeret &#8211; 102 pages<\/p>\n<hr \/>\n<h5>L\u2019Arc de contact des muscles extrins\u00e8ques horizontaux de l\u2019oeil et la statique oculaire<\/h5>\n<p>Bertrand Saint-Macary<br \/>\n\u00c9ditions Bergeret &#8211; 156 pages<\/p>\n<hr \/>\n<h5>La Notion d\u2019aptitude m\u00e9dicale en m\u00e9decine du travail<\/h5>\n<p>Francis Saint-Martin Tillet<br \/>\n\u00c9ditions Bergeret &#8211; 146 pages<\/p>\n<hr \/>\n<h5>Traitement d\u2019urgence des traumatismes du rachis cervical avec l\u00e9sions m\u00e9dullaires : \u00e0 propos de 117 cas<\/h5>\n<p>Fran\u00e7ois Segalen<br \/>\n\u00c9ditions Bergeret &#8211; 188 pages<\/p>\n<hr \/>\n<h5>La phase de latence initiale de la Trypanosomiase africaine<\/h5>\n<p>David Tagni-Zukam<br \/>\n1972<\/p>\n<hr \/>\n<h5>Les H\u00e9morragies spontan\u00e9es unilat\u00e9rales de la glande surr\u00e9nale : \u00e0 propos d\u2019une observation<\/h5>\n<p>Philippe Vicq<br \/>\n\u00c9ditions Bergeret &#8211; 102 pages<\/p>\n<hr \/>\n<h5>L\u2019\u00c9pith\u00e9lioma bronchiolo-alv\u00e9olaire : ses probl\u00e8mes diagnostiques<\/h5>\n<p>Jean-Marie Zimmermann<br \/>\n\u00c9ditions Bergeret &#8211; 178 pages<\/p>\n<hr \/>\n<h5>Contribution \u00e0 l\u2019\u00e9tude de l\u2019\u00e9lectrocardiogramme normal du noir africain et de son int\u00e9r\u00eat en m\u00e9decine d\u2019expertise a\u00e9ronautique<\/h5>\n<p>Zana Richard Zongo<br \/>\nImpr. Offset<\/p>\n","protected":false},"excerpt":{"rendered":"<p>Aspects actuels des abc\u00e8s c\u00e9r\u00e9braux : \u00e0 propos de 15 observations Jacques Aubertin 1973 &#8211; 176 pages Le Traitement di\u00e9t\u00e9tique pr\u00e9- et post-op\u00e9ratoire des gastrectomis\u00e9s Jean-Paul Bonnet \u00c9ditions Bergeret &#8211; 250 pages Le fil d\u2019acier avec Harpon ou Barb-Wire : Deux ans d\u2019utilisation en chirurgie de la main Michel Boudry Imprimerie Telliez Compi\u00e8gne, 1973 &#8211; &#8230; <a title=\"Nos sujets de th\u00e8ses\" class=\"read-more\" href=\"https:\/\/mboudry.fr\/epssm65\/nos-parcours-professionnels\/nos-sujets-de-theses\/\" aria-label=\"En savoir plus sur Nos sujets de th\u00e8ses\">Lire la suite<\/a><\/p>\n","protected":false},"author":1,"featured_media":0,"parent":9,"menu_order":1,"comment_status":"closed","ping_status":"closed","template":"","meta":{"om_disable_all_campaigns":false,"_monsterinsights_skip_tracking":false,"_monsterinsights_sitenote_active":false,"_monsterinsights_sitenote_note":"","_monsterinsights_sitenote_category":0,"footnotes":""},"class_list":["post-56","page","type-page","status-publish"],"_links":{"self":[{"href":"https:\/\/mboudry.fr\/epssm65\/wp-json\/wp\/v2\/pages\/56","targetHints":{"allow":["GET"]}}],"collection":[{"href":"https:\/\/mboudry.fr\/epssm65\/wp-json\/wp\/v2\/pages"}],"about":[{"href":"https:\/\/mboudry.fr\/epssm65\/wp-json\/wp\/v2\/types\/page"}],"author":[{"embeddable":true,"href":"https:\/\/mboudry.fr\/epssm65\/wp-json\/wp\/v2\/users\/1"}],"replies":[{"embeddable":true,"href":"https:\/\/mboudry.fr\/epssm65\/wp-json\/wp\/v2\/comments?post=56"}],"version-history":[{"count":0,"href":"https:\/\/mboudry.fr\/epssm65\/wp-json\/wp\/v2\/pages\/56\/revisions"}],"up":[{"embeddable":true,"href":"https:\/\/mboudry.fr\/epssm65\/wp-json\/wp\/v2\/pages\/9"}],"wp:attachment":[{"href":"https:\/\/mboudry.fr\/epssm65\/wp-json\/wp\/v2\/media?parent=56"}],"curies":[{"name":"wp","href":"https:\/\/api.w.org\/{rel}","templated":true}]}}