{"id":561,"date":"2023-02-17T14:52:01","date_gmt":"2023-02-17T13:52:01","guid":{"rendered":"https:\/\/mboudry.fr\/epssm65wp\/?page_id=561"},"modified":"2023-02-17T14:52:01","modified_gmt":"2023-02-17T13:52:01","slug":"eleves-pharmaciens","status":"publish","type":"page","link":"https:\/\/mboudry.fr\/epssm65\/eleves-pharmaciens\/","title":{"rendered":"\u00c9l\u00e8ves Pharmaciens"},"content":{"rendered":"<p><span style=\"color: #ff0000;\">D\u00e9c\u00e8d\u00e9s (rouge)<\/span><\/p>\n<table class=\"spip\">\n<tbody>\n<tr class=\"row_odd odd\">\n<th><a class=\"spip_ancre\" href=\"https:\/\/mboudry.fr\/epssm65\/ecrire\/?exec=article_edit&amp;id_article=12#A\" target=\"blank\" rel=\"noopener\">A<\/a><\/th>\n<td headers=\"ida0c7_l0\"><strong> <a class=\"spip_ancre\" href=\"https:\/\/mboudry.fr\/epssm65\/ecrire\/?exec=article_edit&amp;id_article=12#B\" target=\"blank\" rel=\"noopener\">B<\/a> <\/strong><\/td>\n<td headers=\"ida0c7_l0\"><strong> <a class=\"spip_ancre\" href=\"https:\/\/mboudry.fr\/epssm65\/ecrire\/?exec=article_edit&amp;id_article=12#C\" target=\"blank\" rel=\"noopener\">C<\/a> <\/strong><\/td>\n<td headers=\"ida0c7_l0\"><strong> <a class=\"spip_ancre\" href=\"https:\/\/mboudry.fr\/epssm65\/ecrire\/?exec=article_edit&amp;id_article=12#D\" target=\"blank\" rel=\"noopener\">D<\/a> <\/strong><\/td>\n<td headers=\"ida0c7_l0\"><strong> <a class=\"spip_ancre\" href=\"https:\/\/mboudry.fr\/epssm65\/ecrire\/?exec=article_edit&amp;id_article=12#E\" target=\"blank\" rel=\"noopener\">E<\/a>\u00a0<\/strong><\/td>\n<td headers=\"ida0c7_l0\"><strong> <a class=\"spip_ancre\" href=\"https:\/\/mboudry.fr\/epssm65\/ecrire\/?exec=article_edit&amp;id_article=12#F\" target=\"blank\" rel=\"noopener\">F<\/a> <\/strong><\/td>\n<td headers=\"ida0c7_l0\"><strong> <a class=\"spip_ancre\" href=\"https:\/\/mboudry.fr\/epssm65\/ecrire\/?exec=article_edit&amp;id_article=12#G\" target=\"blank\" rel=\"noopener\">G<\/a> <\/strong><\/td>\n<td headers=\"ida0c7_l0\"><strong> <a class=\"spip_ancre\" href=\"https:\/\/mboudry.fr\/epssm65\/ecrire\/?exec=article_edit&amp;id_article=12#H\" target=\"blank\" rel=\"noopener\">H<\/a> <\/strong><\/td>\n<td headers=\"ida0c7_l0\"><strong> <a class=\"spip_ancre\" href=\"https:\/\/mboudry.fr\/epssm65\/ecrire\/?exec=article_edit&amp;id_article=12#I\" target=\"blank\" rel=\"noopener\">I<\/a> <\/strong><\/td>\n<td headers=\"ida0c7_l0\"><strong> <a class=\"spip_ancre\" href=\"https:\/\/mboudry.fr\/epssm65\/ecrire\/?exec=article_edit&amp;id_article=12#J\" target=\"blank\" rel=\"noopener\">J<\/a> <\/strong><\/td>\n<td headers=\"ida0c7_l0\"><strong> <a class=\"spip_ancre\" href=\"https:\/\/mboudry.fr\/epssm65\/ecrire\/?exec=article_edit&amp;id_article=12#K\" target=\"blank\" rel=\"noopener\">K<\/a> <\/strong><\/td>\n<td headers=\"ida0c7_l0\"><strong> <a class=\"spip_ancre\" href=\"https:\/\/mboudry.fr\/epssm65\/ecrire\/?exec=article_edit&amp;id_article=12#L\" target=\"blank\" rel=\"noopener\">L<\/a> <\/strong><\/td>\n<td headers=\"ida0c7_l0\"><strong> <a class=\"spip_ancre\" href=\"https:\/\/mboudry.fr\/epssm65\/ecrire\/?exec=article_edit&amp;id_article=12#M\" target=\"blank\" rel=\"noopener\">M<\/a> <\/strong><\/td>\n<\/tr>\n<tr class=\"row_even even\">\n<th><a class=\"spip_ancre\" href=\"https:\/\/mboudry.fr\/epssm65\/ecrire\/?exec=article_edit&amp;id_article=12#N\" target=\"blank\" rel=\"noopener\">N<\/a><\/th>\n<td headers=\"ida0c7_l1\"><strong> <a class=\"spip_ancre\" href=\"https:\/\/mboudry.fr\/epssm65\/ecrire\/?exec=article_edit&amp;id_article=12#O\" target=\"blank\" rel=\"noopener\">O<\/a> <\/strong><\/td>\n<td headers=\"ida0c7_l1\"><strong> <a class=\"spip_ancre\" href=\"https:\/\/mboudry.fr\/epssm65\/ecrire\/?exec=article_edit&amp;id_article=12#P\" target=\"blank\" rel=\"noopener\">P<\/a> <\/strong><\/td>\n<td headers=\"ida0c7_l1\"><strong> <a class=\"spip_ancre\" href=\"https:\/\/mboudry.fr\/epssm65\/ecrire\/?exec=article_edit&amp;id_article=12#Q\" target=\"blank\" rel=\"noopener\">Q<\/a> <\/strong><\/td>\n<td headers=\"ida0c7_l1\"><strong> <a class=\"spip_ancre\" href=\"https:\/\/mboudry.fr\/epssm65\/ecrire\/?exec=article_edit&amp;id_article=12#R\" target=\"blank\" rel=\"noopener\">R<\/a> <\/strong><\/td>\n<td headers=\"ida0c7_l1\"><strong> <a class=\"spip_ancre\" href=\"https:\/\/mboudry.fr\/epssm65\/ecrire\/?exec=article_edit&amp;id_article=12#S\" target=\"blank\" rel=\"noopener\">S<\/a> <\/strong><\/td>\n<td headers=\"ida0c7_l1\"><strong> <a class=\"spip_ancre\" href=\"https:\/\/mboudry.fr\/epssm65\/ecrire\/?exec=article_edit&amp;id_article=12#T\" target=\"blank\" rel=\"noopener\">T<\/a> <\/strong><\/td>\n<td headers=\"ida0c7_l1\"><strong> <a class=\"spip_ancre\" href=\"https:\/\/mboudry.fr\/epssm65\/ecrire\/?exec=article_edit&amp;id_article=12#U\" target=\"blank\" rel=\"noopener\">U<\/a> <\/strong><\/td>\n<td headers=\"ida0c7_l1\"><strong> <a class=\"spip_ancre\" href=\"https:\/\/mboudry.fr\/epssm65\/ecrire\/?exec=article_edit&amp;id_article=12#V\" target=\"blank\" rel=\"noopener\">V<\/a> <\/strong><\/td>\n<td headers=\"ida0c7_l1\"><strong> <a class=\"spip_ancre\" href=\"https:\/\/mboudry.fr\/epssm65\/ecrire\/?exec=article_edit&amp;id_article=12#W\" target=\"blank\" rel=\"noopener\">W<\/a> <\/strong><\/td>\n<td headers=\"ida0c7_l1\"><strong> <a class=\"spip_ancre\" href=\"https:\/\/mboudry.fr\/epssm65\/ecrire\/?exec=article_edit&amp;id_article=12#X\" target=\"blank\" rel=\"noopener\">X<\/a> <\/strong><\/td>\n<td headers=\"ida0c7_l1\"><strong> <a class=\"spip_ancre\" href=\"https:\/\/mboudry.fr\/epssm65\/ecrire\/?exec=article_edit&amp;id_article=12#Y\" target=\"blank\" rel=\"noopener\">Y<\/a> <\/strong><\/td>\n<td headers=\"ida0c7_l1\"><strong> <a class=\"spip_ancre\" href=\"https:\/\/mboudry.fr\/epssm65\/ecrire\/?exec=article_edit&amp;id_article=12#Z\" target=\"blank\" rel=\"noopener\">Z<\/a> <\/strong><\/td>\n<\/tr>\n<\/tbody>\n<\/table>\n<div align=\"left\">\n<p>&nbsp;<\/p>\n<table class=\"spip\">\n<thead>\n<tr class=\"row_first\">\n<th>Nom<\/th>\n<th>Pr\u00e9nom<\/th>\n<th>Titre<\/th>\n<th>Photo<\/th>\n<th>Promo<\/th>\n<\/tr>\n<\/thead>\n<tbody>\n<tr class=\"row_odd odd\">\n<td headers=\"id24f0_c0\">AHYERRE<\/td>\n<td headers=\"id24f0_c1\">Pierre M.L.<\/td>\n<td headers=\"id24f0_c2\">Pharmacien<\/td>\n<td class=\"numeric \" headers=\"id24f0_c3\"><\/td>\n<td class=\"numeric \" headers=\"id24f0_c4\"><\/td>\n<\/tr>\n<tr class=\"row_even even\">\n<td headers=\"id24f0_c0\">ANTOINE<\/td>\n<td headers=\"id24f0_c1\">Jean-Louis<\/td>\n<td headers=\"id24f0_c2\">Pharmacien<\/td>\n<td class=\"numeric \" headers=\"id24f0_c3\"><\/td>\n<td class=\"numeric \" headers=\"id24f0_c4\">1965<\/td>\n<\/tr>\n<\/tbody>\n<\/table>\n<p><a class=\"spip_ancre\" href=\"https:\/\/mboudry.fr\/epssm65\/ecrire\/?exec=article_edit&amp;id_article=12#ent\u00eate\" target=\"blank\" rel=\"noopener\">haut de page<\/a><\/p>\n<table class=\"spip\">\n<thead>\n<tr class=\"row_first\">\n<th>Nom<\/th>\n<th>Pr\u00e9nom<\/th>\n<th>Titre<\/th>\n<th>Photo<\/th>\n<th>Promo<\/th>\n<\/tr>\n<\/thead>\n<tbody>\n<tr class=\"row_odd odd\">\n<td headers=\"id2f30_c0\">BRAQUET<\/td>\n<td headers=\"id2f30_c1\">Pierre<\/td>\n<td headers=\"id2f30_c2\">Pharmacien<\/td>\n<td class=\"numeric \" headers=\"id2f30_c3\"><\/td>\n<td class=\"numeric \" headers=\"id2f30_c4\">1965<\/td>\n<\/tr>\n<\/tbody>\n<\/table>\n<p><a class=\"spip_ancre\" href=\"https:\/\/mboudry.fr\/epssm65\/ecrire\/?exec=article_edit&amp;id_article=12#ent\u00eate\" target=\"blank\" rel=\"noopener\">haut de page<\/a><\/p>\n<table class=\"spip\">\n<thead>\n<tr class=\"row_first\">\n<th>Nom<\/th>\n<th>Pr\u00e9nom<\/th>\n<th>Titre<\/th>\n<th>Photo<\/th>\n<th>Promo<\/th>\n<\/tr>\n<\/thead>\n<tbody>\n<tr class=\"row_odd odd\">\n<td headers=\"id4e96_c0\">CISSE<\/td>\n<td headers=\"id4e96_c1\">Lamine<\/td>\n<td headers=\"id4e96_c2\"><\/td>\n<td class=\"numeric \" headers=\"id4e96_c3\"><\/td>\n<td class=\"numeric \" headers=\"id4e96_c4\">1965<\/td>\n<\/tr>\n<tr class=\"row_even even\">\n<td headers=\"id4e96_c0\">CLAPIES<\/td>\n<td headers=\"id4e96_c1\">Jacques<\/td>\n<td headers=\"id4e96_c2\"><\/td>\n<td class=\"numeric \" headers=\"id4e96_c3\"><\/td>\n<td class=\"numeric \" headers=\"id4e96_c4\"><\/td>\n<\/tr>\n<tr class=\"row_odd odd\">\n<td headers=\"id4e96_c0\">CLERC<\/td>\n<td headers=\"id4e96_c1\">Yvan<\/td>\n<td headers=\"id4e96_c2\">Pharmacien<\/td>\n<td class=\"numeric \" headers=\"id4e96_c3\"><\/td>\n<td class=\"numeric \" headers=\"id4e96_c4\">1965<\/td>\n<\/tr>\n<\/tbody>\n<\/table>\n<p><a class=\"spip_ancre\" href=\"https:\/\/mboudry.fr\/epssm65\/ecrire\/?exec=article_edit&amp;id_article=12#ent\u00eate\" target=\"blank\" rel=\"noopener\">haut de page<\/a><\/p>\n<table class=\"spip\">\n<thead>\n<tr class=\"row_first\">\n<th>Nom<\/th>\n<th>Pr\u00e9nom<\/th>\n<th>Titre<\/th>\n<th>Photo<\/th>\n<th>Promo<\/th>\n<\/tr>\n<\/thead>\n<tbody>\n<tr class=\"row_odd odd\">\n<td headers=\"id0deb_c0\">DEXEMPLE<\/td>\n<td headers=\"id0deb_c1\">Jean-Luc<\/td>\n<td headers=\"id0deb_c2\">Pharmacien<\/td>\n<td class=\"numeric \" headers=\"id0deb_c3\"><\/td>\n<td class=\"numeric \" headers=\"id0deb_c4\">1965<\/td>\n<\/tr>\n<tr class=\"row_even even\">\n<td headers=\"id0deb_c0\">DIAGNE<\/td>\n<td headers=\"id0deb_c1\">Massar<\/td>\n<td headers=\"id0deb_c2\"><\/td>\n<td class=\"numeric \" headers=\"id0deb_c3\"><\/td>\n<td class=\"numeric \" headers=\"id0deb_c4\"><\/td>\n<\/tr>\n<tr class=\"row_odd odd\">\n<td headers=\"id0deb_c0\">DIATTA<\/td>\n<td headers=\"id0deb_c1\">Sidi Lamine<\/td>\n<td headers=\"id0deb_c2\"><\/td>\n<td class=\"numeric \" headers=\"id0deb_c3\"><\/td>\n<td class=\"numeric \" headers=\"id0deb_c4\">1965<\/td>\n<\/tr>\n<\/tbody>\n<\/table>\n<p><a class=\"spip_ancre\" href=\"https:\/\/mboudry.fr\/epssm65\/ecrire\/?exec=article_edit&amp;id_article=12#ent\u00eate\" target=\"blank\" rel=\"noopener\">haut de page<\/a><\/p>\n<table class=\"spip\">\n<thead>\n<tr class=\"row_first\">\n<th>Nom<\/th>\n<th>Pr\u00e9nom<\/th>\n<th>Titre<\/th>\n<th>Photo<\/th>\n<th>Promo<\/th>\n<\/tr>\n<\/thead>\n<tbody>\n<tr class=\"row_odd odd\">\n<td headers=\"id6517_c0\">E<\/td>\n<td class=\"numeric \" headers=\"id6517_c1\"><\/td>\n<td class=\"numeric \" headers=\"id6517_c2\"><\/td>\n<td class=\"numeric \" headers=\"id6517_c3\"><\/td>\n<td class=\"numeric \" headers=\"id6517_c4\"><\/td>\n<\/tr>\n<\/tbody>\n<\/table>\n<p><a class=\"spip_ancre\" href=\"https:\/\/mboudry.fr\/epssm65\/ecrire\/?exec=article_edit&amp;id_article=12#ent\u00eate\" target=\"blank\" rel=\"noopener\">haut de page<\/a><\/p>\n<table class=\"spip\">\n<thead>\n<tr class=\"row_first\">\n<th>Nom<\/th>\n<th>Pr\u00e9nom<\/th>\n<th>Titre<\/th>\n<th>Photo<\/th>\n<th>Promo<\/th>\n<\/tr>\n<\/thead>\n<tbody>\n<tr class=\"row_odd odd\">\n<td headers=\"id4a43_c0\">FENOT<\/td>\n<td headers=\"id4a43_c1\">Pierre<\/td>\n<td headers=\"id4a43_c2\">Pharmacien<\/td>\n<td class=\"numeric \" headers=\"id4a43_c3\"><\/td>\n<td class=\"numeric \" headers=\"id4a43_c4\">1965<\/td>\n<\/tr>\n<\/tbody>\n<\/table>\n<p><a class=\"spip_ancre\" href=\"https:\/\/mboudry.fr\/epssm65\/ecrire\/?exec=article_edit&amp;id_article=12#ent\u00eate\" target=\"blank\" rel=\"noopener\">haut de page<\/a><\/p>\n<table class=\"spip\">\n<thead>\n<tr class=\"row_first\">\n<th>Nom<\/th>\n<th>Pr\u00e9nom<\/th>\n<th>Titre<\/th>\n<th>Photo<\/th>\n<th>Promo<\/th>\n<\/tr>\n<\/thead>\n<tbody>\n<tr class=\"row_odd odd\">\n<td headers=\"id0448_c0\">G<\/td>\n<td class=\"numeric \" headers=\"id0448_c1\"><\/td>\n<td class=\"numeric \" headers=\"id0448_c2\"><\/td>\n<td class=\"numeric \" headers=\"id0448_c3\"><\/td>\n<td class=\"numeric \" headers=\"id0448_c4\"><\/td>\n<\/tr>\n<\/tbody>\n<\/table>\n<p><a class=\"spip_ancre\" href=\"https:\/\/mboudry.fr\/epssm65\/ecrire\/?exec=article_edit&amp;id_article=12#ent\u00eate\" target=\"blank\" rel=\"noopener\">haut de page<\/a><\/p>\n<table class=\"spip\">\n<thead>\n<tr class=\"row_first\">\n<th>Nom<\/th>\n<th>Pr\u00e9nom<\/th>\n<th>Titre<\/th>\n<th>Photo<\/th>\n<th>Promo<\/th>\n<\/tr>\n<\/thead>\n<tbody>\n<tr class=\"row_odd odd\">\n<td headers=\"id2d0e_c0\">H<\/td>\n<td class=\"numeric \" headers=\"id2d0e_c1\"><\/td>\n<td class=\"numeric \" headers=\"id2d0e_c2\"><\/td>\n<td class=\"numeric \" headers=\"id2d0e_c3\"><\/td>\n<td class=\"numeric \" headers=\"id2d0e_c4\"><\/td>\n<\/tr>\n<\/tbody>\n<\/table>\n<p><a class=\"spip_ancre\" href=\"https:\/\/mboudry.fr\/epssm65\/ecrire\/?exec=article_edit&amp;id_article=12#ent\u00eate\" target=\"blank\" rel=\"noopener\">haut de page<\/a><\/p>\n<table class=\"spip\">\n<thead>\n<tr class=\"row_first\">\n<th>Nom<\/th>\n<th>Pr\u00e9nom<\/th>\n<th>Titre<\/th>\n<th>Photo<\/th>\n<th>Promo<\/th>\n<\/tr>\n<\/thead>\n<tbody>\n<tr class=\"row_odd odd\">\n<td headers=\"idfee2_c0\">I<\/td>\n<td class=\"numeric \" headers=\"idfee2_c1\"><\/td>\n<td class=\"numeric \" headers=\"idfee2_c2\"><\/td>\n<td class=\"numeric \" headers=\"idfee2_c3\"><\/td>\n<td class=\"numeric \" headers=\"idfee2_c4\"><\/td>\n<\/tr>\n<\/tbody>\n<\/table>\n<p><a class=\"spip_ancre\" href=\"https:\/\/mboudry.fr\/epssm65\/ecrire\/?exec=article_edit&amp;id_article=12#ent\u00eate\" target=\"blank\" rel=\"noopener\">haut de page<\/a><\/p>\n<table class=\"spip\">\n<thead>\n<tr class=\"row_first\">\n<th>Nom<\/th>\n<th>Pr\u00e9nom<\/th>\n<th>Titre<\/th>\n<th>Photo<\/th>\n<th>Promo<\/th>\n<\/tr>\n<\/thead>\n<tbody>\n<tr class=\"row_odd odd\">\n<td headers=\"idcc0a_c0\">J<\/td>\n<td class=\"numeric \" headers=\"idcc0a_c1\"><\/td>\n<td class=\"numeric \" headers=\"idcc0a_c2\"><\/td>\n<td class=\"numeric \" headers=\"idcc0a_c3\"><\/td>\n<td class=\"numeric \" headers=\"idcc0a_c4\"><\/td>\n<\/tr>\n<\/tbody>\n<\/table>\n<p><a class=\"spip_ancre\" href=\"https:\/\/mboudry.fr\/epssm65\/ecrire\/?exec=article_edit&amp;id_article=12#ent\u00eate\" target=\"blank\" rel=\"noopener\">haut de page<\/a><\/p>\n<table class=\"spip\">\n<thead>\n<tr class=\"row_first\">\n<th>Nom<\/th>\n<th>Pr\u00e9nom<\/th>\n<th>Titre<\/th>\n<th>Photo<\/th>\n<th>Promo<\/th>\n<\/tr>\n<\/thead>\n<tbody>\n<tr class=\"row_odd odd\">\n<td headers=\"id397a_c0\">Q<\/td>\n<td class=\"numeric \" headers=\"id397a_c1\"><\/td>\n<td class=\"numeric \" headers=\"id397a_c2\"><\/td>\n<td class=\"numeric \" headers=\"id397a_c3\"><\/td>\n<td class=\"numeric \" headers=\"id397a_c4\"><\/td>\n<\/tr>\n<\/tbody>\n<\/table>\n<p><a class=\"spip_ancre\" href=\"https:\/\/mboudry.fr\/epssm65\/ecrire\/?exec=article_edit&amp;id_article=12#ent\u00eate\" target=\"blank\" rel=\"noopener\">haut de page<\/a><\/p>\n<table class=\"spip\">\n<thead>\n<tr class=\"row_first\">\n<th>Nom<\/th>\n<th>Pr\u00e9nom<\/th>\n<th>Titre<\/th>\n<th>Photo<\/th>\n<th>Promo<\/th>\n<\/tr>\n<\/thead>\n<tbody>\n<tr class=\"row_odd odd\">\n<td headers=\"idc90b_c0\">LAVAUD<\/td>\n<td headers=\"idc90b_c1\">Philippe J.R.<\/td>\n<td headers=\"idc90b_c2\">Pharmacien<\/td>\n<td class=\"numeric \" headers=\"idc90b_c3\"><\/td>\n<td class=\"numeric \" headers=\"idc90b_c4\">1965<\/td>\n<\/tr>\n<\/tbody>\n<\/table>\n<p><a class=\"spip_ancre\" href=\"https:\/\/mboudry.fr\/epssm65\/ecrire\/?exec=article_edit&amp;id_article=12#ent\u00eate\" target=\"blank\" rel=\"noopener\">haut de page<\/a><\/p>\n<table class=\"spip\">\n<thead>\n<tr class=\"row_first\">\n<th>Nom<\/th>\n<th>Pr\u00e9nom<\/th>\n<th>Titre<\/th>\n<th>Photo<\/th>\n<th>Promo<\/th>\n<\/tr>\n<\/thead>\n<tbody>\n<tr class=\"row_odd odd\">\n<td headers=\"id4308_c0\">MICHEL<\/td>\n<td headers=\"id4308_c1\">Philippe C.J.<\/td>\n<td headers=\"id4308_c2\">Pharmacien<\/td>\n<td class=\"numeric \" headers=\"id4308_c3\"><\/td>\n<td class=\"numeric \" headers=\"id4308_c4\">1965<\/td>\n<\/tr>\n<\/tbody>\n<\/table>\n<p><a class=\"spip_ancre\" href=\"https:\/\/mboudry.fr\/epssm65\/ecrire\/?exec=article_edit&amp;id_article=12#ent\u00eate\" target=\"blank\" rel=\"noopener\">haut de page<\/a><\/p>\n<table class=\"spip\">\n<thead>\n<tr class=\"row_first\">\n<th>Nom<\/th>\n<th>Pr\u00e9nom<\/th>\n<th>Titre<\/th>\n<th>Photo<\/th>\n<th>Promo<\/th>\n<\/tr>\n<\/thead>\n<tbody>\n<tr class=\"row_odd odd\">\n<td headers=\"id7388_c0\">N\u2019GUOGHIA<\/td>\n<td headers=\"id7388_c1\">Etienne<\/td>\n<td headers=\"id7388_c2\">Pharmacien<\/td>\n<td class=\"numeric \" headers=\"id7388_c3\"><\/td>\n<td class=\"numeric \" headers=\"id7388_c4\">1965<\/td>\n<\/tr>\n<\/tbody>\n<\/table>\n<p><a class=\"spip_ancre\" href=\"https:\/\/mboudry.fr\/epssm65\/ecrire\/?exec=article_edit&amp;id_article=12#ent\u00eate\" target=\"blank\" rel=\"noopener\">haut de page<\/a><\/p>\n<table class=\"spip\">\n<thead>\n<tr class=\"row_first\">\n<th>Nom<\/th>\n<th>Pr\u00e9nom<\/th>\n<th>Titre<\/th>\n<th>Photo<\/th>\n<th>Promo<\/th>\n<\/tr>\n<\/thead>\n<tbody>\n<tr class=\"row_odd odd\">\n<td headers=\"id6955_c0\">OUANDAOGO BOUKARI<\/td>\n<td headers=\"id6955_c1\">Joseph<\/td>\n<td class=\"numeric \" headers=\"id6955_c2\"><\/td>\n<td class=\"numeric \" headers=\"id6955_c3\"><\/td>\n<td class=\"numeric \" headers=\"id6955_c4\">1965<\/td>\n<\/tr>\n<\/tbody>\n<\/table>\n<p><a class=\"spip_ancre\" href=\"https:\/\/mboudry.fr\/epssm65\/ecrire\/?exec=article_edit&amp;id_article=12#ent\u00eate\" target=\"blank\" rel=\"noopener\">haut de page<\/a><\/p>\n<table class=\"spip\">\n<thead>\n<tr class=\"row_first\">\n<th>Nom<\/th>\n<th>Pr\u00e9nom<\/th>\n<th>Titre<\/th>\n<th>Photo<\/th>\n<th>Promo<\/th>\n<\/tr>\n<\/thead>\n<tbody>\n<tr class=\"row_odd odd\">\n<td headers=\"ida7e9_c0\">P<\/td>\n<td class=\"numeric \" headers=\"ida7e9_c1\"><\/td>\n<td class=\"numeric \" headers=\"ida7e9_c2\"><\/td>\n<td class=\"numeric \" headers=\"ida7e9_c3\"><\/td>\n<td class=\"numeric \" headers=\"ida7e9_c4\"><\/td>\n<\/tr>\n<\/tbody>\n<\/table>\n<p><a class=\"spip_ancre\" href=\"https:\/\/mboudry.fr\/epssm65\/ecrire\/?exec=article_edit&amp;id_article=12#ent\u00eate\" target=\"blank\" rel=\"noopener\">haut de page<\/a><\/p>\n<table class=\"spip\">\n<thead>\n<tr class=\"row_first\">\n<th>Nom<\/th>\n<th>Pr\u00e9nom<\/th>\n<th>Titre<\/th>\n<th>Photo<\/th>\n<th>Promo<\/th>\n<\/tr>\n<\/thead>\n<tbody>\n<tr class=\"row_odd odd\">\n<td headers=\"id397a_c0\">Q<\/td>\n<td class=\"numeric \" headers=\"id397a_c1\"><\/td>\n<td class=\"numeric \" headers=\"id397a_c2\"><\/td>\n<td class=\"numeric \" headers=\"id397a_c3\"><\/td>\n<td class=\"numeric \" headers=\"id397a_c4\"><\/td>\n<\/tr>\n<\/tbody>\n<\/table>\n<p><a class=\"spip_ancre\" href=\"https:\/\/mboudry.fr\/epssm65\/ecrire\/?exec=article_edit&amp;id_article=12#ent\u00eate\" target=\"blank\" rel=\"noopener\">haut de page<\/a><\/p>\n<table class=\"spip\">\n<thead>\n<tr class=\"row_first\">\n<th>Nom<\/th>\n<th>Pr\u00e9nom<\/th>\n<th>Titre<\/th>\n<th>Photo<\/th>\n<th>Promo<\/th>\n<\/tr>\n<\/thead>\n<tbody>\n<tr class=\"row_odd odd\">\n<td headers=\"idc293_c0\">R<\/td>\n<td class=\"numeric \" headers=\"idc293_c1\"><\/td>\n<td class=\"numeric \" headers=\"idc293_c2\"><\/td>\n<td class=\"numeric \" headers=\"idc293_c3\"><\/td>\n<td class=\"numeric \" headers=\"idc293_c4\"><\/td>\n<\/tr>\n<\/tbody>\n<\/table>\n<p><a class=\"spip_ancre\" href=\"https:\/\/mboudry.fr\/epssm65\/ecrire\/?exec=article_edit&amp;id_article=12#ent\u00eate\" target=\"blank\" rel=\"noopener\">haut de page<\/a><\/p>\n<table class=\"spip\">\n<thead>\n<tr class=\"row_first\">\n<th>Nom<\/th>\n<th>Pr\u00e9nom<\/th>\n<th>Titre<\/th>\n<th>Photo<\/th>\n<th>Promo<\/th>\n<\/tr>\n<\/thead>\n<tbody>\n<tr class=\"row_odd odd\">\n<td headers=\"idee5f_c0\">S<\/td>\n<td class=\"numeric \" headers=\"idee5f_c1\"><\/td>\n<td class=\"numeric \" headers=\"idee5f_c2\"><\/td>\n<td class=\"numeric \" headers=\"idee5f_c3\"><\/td>\n<td class=\"numeric \" headers=\"idee5f_c4\"><\/td>\n<\/tr>\n<\/tbody>\n<\/table>\n<p><a class=\"spip_ancre\" href=\"https:\/\/mboudry.fr\/epssm65\/ecrire\/?exec=article_edit&amp;id_article=12#ent\u00eate\" target=\"blank\" rel=\"noopener\">haut de page<\/a><\/p>\n<table class=\"spip\">\n<thead>\n<tr class=\"row_first\">\n<th>Nom<\/th>\n<th>Pr\u00e9nom<\/th>\n<th>Titre<\/th>\n<th>Photo<\/th>\n<th>Promo<\/th>\n<\/tr>\n<\/thead>\n<tbody>\n<tr class=\"row_odd odd\">\n<td headers=\"idbd1b_c0\">TANGUY<\/td>\n<td headers=\"idbd1b_c1\">Andr\u00e9<\/td>\n<td headers=\"idbd1b_c2\">Pharmacien<\/td>\n<td class=\"numeric \" headers=\"idbd1b_c3\"><\/td>\n<td class=\"numeric \" headers=\"idbd1b_c4\">1965<\/td>\n<\/tr>\n<tr class=\"row_even even\">\n<td headers=\"idbd1b_c0\">THOMAS<\/td>\n<td headers=\"idbd1b_c1\">Fran\u00e7ois Lucien<\/td>\n<td headers=\"idbd1b_c2\"><\/td>\n<td class=\"numeric \" headers=\"idbd1b_c3\"><\/td>\n<td class=\"numeric \" headers=\"idbd1b_c4\"><\/td>\n<\/tr>\n<tr class=\"row_odd odd\">\n<td headers=\"idbd1b_c0\">TRAORE<\/td>\n<td headers=\"idbd1b_c1\">Dramane<\/td>\n<td headers=\"idbd1b_c2\"><\/td>\n<td class=\"numeric \" headers=\"idbd1b_c3\"><\/td>\n<td class=\"numeric \" headers=\"idbd1b_c4\">1965<\/td>\n<\/tr>\n<\/tbody>\n<\/table>\n<p><a class=\"spip_ancre\" href=\"https:\/\/mboudry.fr\/epssm65\/ecrire\/?exec=article_edit&amp;id_article=12#ent\u00eate\" target=\"blank\" rel=\"noopener\">haut de page<\/a><\/p>\n<table class=\"spip\">\n<thead>\n<tr class=\"row_first\">\n<th>Nom<\/th>\n<th>Pr\u00e9nom<\/th>\n<th>Titre<\/th>\n<th>Photo<\/th>\n<th>Promo<\/th>\n<\/tr>\n<\/thead>\n<tbody>\n<tr class=\"row_odd odd\">\n<td headers=\"idd13b_c0\">U<\/td>\n<td class=\"numeric \" headers=\"idd13b_c1\"><\/td>\n<td class=\"numeric \" headers=\"idd13b_c2\"><\/td>\n<td class=\"numeric \" headers=\"idd13b_c3\"><\/td>\n<td class=\"numeric \" headers=\"idd13b_c4\"><\/td>\n<\/tr>\n<\/tbody>\n<\/table>\n<p><a class=\"spip_ancre\" href=\"https:\/\/mboudry.fr\/epssm65\/ecrire\/?exec=article_edit&amp;id_article=12#ent\u00eate\" target=\"blank\" rel=\"noopener\">haut de page<\/a><\/p>\n<table class=\"spip\">\n<thead>\n<tr class=\"row_first\">\n<th>Nom<\/th>\n<th>Pr\u00e9nom<\/th>\n<th>Titre<\/th>\n<th>Photo<\/th>\n<th>Promo<\/th>\n<\/tr>\n<\/thead>\n<tbody>\n<tr class=\"row_odd odd\">\n<td headers=\"iddb47_c0\">V<\/td>\n<td class=\"numeric \" headers=\"iddb47_c1\"><\/td>\n<td class=\"numeric \" headers=\"iddb47_c2\"><\/td>\n<td class=\"numeric \" headers=\"iddb47_c3\"><\/td>\n<td class=\"numeric \" headers=\"iddb47_c4\"><\/td>\n<\/tr>\n<\/tbody>\n<\/table>\n<p><a class=\"spip_ancre\" href=\"https:\/\/mboudry.fr\/epssm65\/ecrire\/?exec=article_edit&amp;id_article=12#ent\u00eate\" target=\"blank\" rel=\"noopener\">haut de page<\/a><\/p>\n<table class=\"spip\">\n<thead>\n<tr class=\"row_first\">\n<th>Nom<\/th>\n<th>Pr\u00e9nom<\/th>\n<th>Titre<\/th>\n<th>Photo<\/th>\n<th>Promo<\/th>\n<\/tr>\n<\/thead>\n<tbody>\n<tr class=\"row_odd odd\">\n<td headers=\"id4792_c0\">WANDJI<\/td>\n<td headers=\"id4792_c1\">Thomas<\/td>\n<td headers=\"id4792_c2\">Pharmacien<\/td>\n<td class=\"numeric \" headers=\"id4792_c3\"><\/td>\n<td class=\"numeric \" headers=\"id4792_c4\">1965<\/td>\n<\/tr>\n<\/tbody>\n<\/table>\n<p><a class=\"spip_ancre\" href=\"https:\/\/mboudry.fr\/epssm65\/ecrire\/?exec=article_edit&amp;id_article=12#ent\u00eate\" target=\"blank\" rel=\"noopener\">haut de page<\/a><\/p>\n<table class=\"spip\">\n<thead>\n<tr class=\"row_first\">\n<th>Nom<\/th>\n<th>Pr\u00e9nom<\/th>\n<th>Titre<\/th>\n<th>Photo<\/th>\n<th>Promo<\/th>\n<\/tr>\n<\/thead>\n<tbody>\n<tr class=\"row_odd odd\">\n<td headers=\"idac8f_c0\">X<\/td>\n<td class=\"numeric \" headers=\"idac8f_c1\"><\/td>\n<td class=\"numeric \" headers=\"idac8f_c2\"><\/td>\n<td class=\"numeric \" headers=\"idac8f_c3\"><\/td>\n<td class=\"numeric \" headers=\"idac8f_c4\"><\/td>\n<\/tr>\n<\/tbody>\n<\/table>\n<p><a class=\"spip_ancre\" href=\"https:\/\/mboudry.fr\/epssm65\/ecrire\/?exec=article_edit&amp;id_article=12#ent\u00eate\" target=\"blank\" rel=\"noopener\">haut de page<\/a><\/p>\n<table class=\"spip\">\n<thead>\n<tr class=\"row_first\">\n<th>Nom<\/th>\n<th>Pr\u00e9nom<\/th>\n<th>Titre<\/th>\n<th>Photo<\/th>\n<th>Promo<\/th>\n<\/tr>\n<\/thead>\n<tbody>\n<tr class=\"row_odd odd\">\n<td headers=\"idae9c_c0\">Y<\/td>\n<td class=\"numeric \" headers=\"idae9c_c1\"><\/td>\n<td class=\"numeric \" headers=\"idae9c_c2\"><\/td>\n<td class=\"numeric \" headers=\"idae9c_c3\"><\/td>\n<td class=\"numeric \" headers=\"idae9c_c4\"><\/td>\n<\/tr>\n<\/tbody>\n<\/table>\n<p><a class=\"spip_ancre\" href=\"https:\/\/mboudry.fr\/epssm65\/ecrire\/?exec=article_edit&amp;id_article=12#ent\u00eate\" target=\"blank\" rel=\"noopener\">haut de page<\/a><\/p>\n<table class=\"spip\">\n<thead>\n<tr class=\"row_first\">\n<th>Nom<\/th>\n<th>Pr\u00e9nom<\/th>\n<th>Titre<\/th>\n<th>Photo<\/th>\n<th>Promo<\/th>\n<\/tr>\n<\/thead>\n<tbody>\n<tr class=\"row_odd odd\">\n<td headers=\"idc8c3_c0\">Z<\/td>\n<td class=\"numeric \" headers=\"idc8c3_c1\"><\/td>\n<td class=\"numeric \" headers=\"idc8c3_c2\"><\/td>\n<td class=\"numeric \" headers=\"idc8c3_c3\"><\/td>\n<td class=\"numeric \" headers=\"idc8c3_c4\"><\/td>\n<\/tr>\n<\/tbody>\n<\/table>\n<\/div>\n<p><a class=\"spip_ancre\" href=\"https:\/\/mboudry.fr\/epssm65\/ecrire\/?exec=article_edit&amp;id_article=12#ent\u00eate\" target=\"blank\" rel=\"noopener\">haut de page<\/a><\/p>\n","protected":false},"excerpt":{"rendered":"<p>D\u00e9c\u00e8d\u00e9s (rouge) A B C D E\u00a0 F G H I J K L M N O P Q R S T U V W X Y Z &nbsp; Nom Pr\u00e9nom Titre Photo Promo AHYERRE Pierre M.L. Pharmacien ANTOINE Jean-Louis Pharmacien 1965 haut de page Nom Pr\u00e9nom Titre Photo Promo BRAQUET Pierre Pharmacien 1965 haut &#8230; <a title=\"\u00c9l\u00e8ves Pharmaciens\" class=\"read-more\" href=\"https:\/\/mboudry.fr\/epssm65\/eleves-pharmaciens\/\" aria-label=\"En savoir plus sur \u00c9l\u00e8ves Pharmaciens\">Lire la suite<\/a><\/p>\n","protected":false},"author":1,"featured_media":0,"parent":0,"menu_order":0,"comment_status":"closed","ping_status":"closed","template":"","meta":{"om_disable_all_campaigns":false,"_monsterinsights_skip_tracking":false,"_monsterinsights_sitenote_active":false,"_monsterinsights_sitenote_note":"","_monsterinsights_sitenote_category":0,"footnotes":""},"class_list":["post-561","page","type-page","status-publish"],"_links":{"self":[{"href":"https:\/\/mboudry.fr\/epssm65\/wp-json\/wp\/v2\/pages\/561","targetHints":{"allow":["GET"]}}],"collection":[{"href":"https:\/\/mboudry.fr\/epssm65\/wp-json\/wp\/v2\/pages"}],"about":[{"href":"https:\/\/mboudry.fr\/epssm65\/wp-json\/wp\/v2\/types\/page"}],"author":[{"embeddable":true,"href":"https:\/\/mboudry.fr\/epssm65\/wp-json\/wp\/v2\/users\/1"}],"replies":[{"embeddable":true,"href":"https:\/\/mboudry.fr\/epssm65\/wp-json\/wp\/v2\/comments?post=561"}],"version-history":[{"count":0,"href":"https:\/\/mboudry.fr\/epssm65\/wp-json\/wp\/v2\/pages\/561\/revisions"}],"wp:attachment":[{"href":"https:\/\/mboudry.fr\/epssm65\/wp-json\/wp\/v2\/media?parent=561"}],"curies":[{"name":"wp","href":"https:\/\/api.w.org\/{rel}","templated":true}]}}