{"id":614,"date":"2023-02-18T10:09:36","date_gmt":"2023-02-18T09:09:36","guid":{"rendered":"https:\/\/mboudry.fr\/epssm65wp\/?page_id=614"},"modified":"2023-02-18T10:09:36","modified_gmt":"2023-02-18T09:09:36","slug":"lettre-t","status":"publish","type":"page","link":"https:\/\/mboudry.fr\/epssm65\/le-site-epssm-65\/dictionnaire-du-navalais\/lettre-t\/","title":{"rendered":"Lettre  T"},"content":{"rendered":"<style>#sp-ea-579 .spcollapsing { height: 0; overflow: hidden; transition-property: height;transition-duration: 300ms;}#sp-ea-579.sp-easy-accordion>.sp-ea-single {margin-bottom: 10px; border: 1px solid #e2e2e2; }#sp-ea-579.sp-easy-accordion>.sp-ea-single>.ea-header a {color: #444;}#sp-ea-579.sp-easy-accordion>.sp-ea-single>.sp-collapse>.ea-body {background: #fff; color: #444;}#sp-ea-579.sp-easy-accordion>.sp-ea-single {background: #eee;}#sp-ea-579.sp-easy-accordion>.sp-ea-single>.ea-header a .ea-expand-icon { float: left; color: #444;font-size: 16px;}<\/style><div id=\"sp_easy_accordion-1776742496\"><div id=\"sp-ea-579\" class=\"sp-ea-one sp-easy-accordion\" data-ea-active=\"ea-click\" data-ea-mode=\"vertical\" data-preloader=\"\" data-scroll-active-item=\"\" data-offset-to-scroll=\"0\"><div class=\"ea-card sp-ea-single\"><h3 class=\"ea-header\"><a class=\"collapsed\" id=\"ea-header-5790\" role=\"button\" data-sptoggle=\"spcollapse\" data-sptarget=\"#collapse5790\" aria-controls=\"collapse5790\" href=\"#\" aria-expanded=\"false\" tabindex=\"0\"><i aria-hidden=\"true\" role=\"presentation\" class=\"ea-expand-icon eap-icon-ea-expand-plus\"><\/i> Taverne du midi<\/a><\/h3><div class=\"sp-collapse spcollapse spcollapse\" id=\"collapse5790\" data-parent=\"#sp-ea-579\" role=\"region\" aria-labelledby=\"ea-header-5790\"> <div class=\"ea-body\"><p>Refuge du permissionnaire d\u00e9barquant du train couchettes de Quimper ou Toulon, cette brasserie situ\u00e9e face \u00e0 la Gare Saint Jean permettait de se revigorer d\u2019un grand cr\u00e8me et de se r\u00e9chauffer (l\u2019hiver) avant de remonter le Cours de la Marne pour retourner au turbin.<\/p><\/div><\/div><\/div><div class=\"ea-card sp-ea-single\"><h3 class=\"ea-header\"><a class=\"collapsed\" id=\"ea-header-5791\" role=\"button\" data-sptoggle=\"spcollapse\" data-sptarget=\"#collapse5791\" aria-controls=\"collapse5791\" href=\"#\" aria-expanded=\"false\" tabindex=\"0\"><i aria-hidden=\"true\" role=\"presentation\" class=\"ea-expand-icon eap-icon-ea-expand-plus\"><\/i> TGE<\/a><\/h3><div class=\"sp-collapse spcollapse spcollapse\" id=\"collapse5791\" data-parent=\"#sp-ea-579\" role=\"region\" aria-labelledby=\"ea-header-5791\"> <div class=\"ea-body\"><p>Le Tournoi des Grandes \u00c9coles : comp\u00e9tition sportive o\u00f9 s\u2019affrontaient, dans la plupart des sports, collectifs ou individuels, les \u00e9l\u00e8ves des \u00e9coles militaires de Saint Cyr, Navale, Polytechnique, Air, plus Sant\u00e9 Navale et Sant\u00e9 Lyon. Inutile de pr\u00e9ciser que l\u2019enjeu honorifique \u00e9tait de taille pour chacune des \u00c9coles. Nous \u00e9tions bons en Rugby, Natation (entrain\u00e9s un temps par J. Boiteux m\u00e9daill\u00e9 d\u2019or olympique), Escrime, Equitation.<\/p><\/div><\/div><\/div><div class=\"ea-card sp-ea-single\"><h3 class=\"ea-header\"><a class=\"collapsed\" id=\"ea-header-5792\" role=\"button\" data-sptoggle=\"spcollapse\" data-sptarget=\"#collapse5792\" aria-controls=\"collapse5792\" href=\"#\" aria-expanded=\"false\" tabindex=\"0\"><i aria-hidden=\"true\" role=\"presentation\" class=\"ea-expand-icon eap-icon-ea-expand-plus\"><\/i> Th\u00e9sard<\/a><\/h3><div class=\"sp-collapse spcollapse spcollapse\" id=\"collapse5792\" data-parent=\"#sp-ea-579\" role=\"region\" aria-labelledby=\"ea-header-5792\"> <div class=\"ea-body\"><p>Ancien arriv\u00e9 au terme de son cursus universitaire et s\u2019appr\u00eatant \u00e0 quitter la Bo\u00eete apr\u00e8s avoir soutenu sa th\u00e8se de Doctorat en m\u00e9decine devant un jury de Professeurs de la Fac, en g\u00e9n\u00e9ral assez bienveillants, d\u2019autant plus qu\u2019ils \u00e9taient ensuite invit\u00e9s \u00e0 arroser cela avec l\u2019imp\u00e9trant, ses amis et sa famille. Les th\u00e9sards de toute la promo se retrouvaient \u00e0 l\u2019\u00c9cole pour leur banquet, le banquet des th\u00e9sards, \u00e0 la suite duquel ils menaient une derni\u00e8re offensive nocturne contre le b\u00e2timent Ferbos.<\/p><\/div><\/div><\/div><div class=\"ea-card sp-ea-single\"><h3 class=\"ea-header\"><a class=\"collapsed\" id=\"ea-header-5793\" role=\"button\" data-sptoggle=\"spcollapse\" data-sptarget=\"#collapse5793\" aria-controls=\"collapse5793\" href=\"#\" aria-expanded=\"false\" tabindex=\"0\"><i aria-hidden=\"true\" role=\"presentation\" class=\"ea-expand-icon eap-icon-ea-expand-plus\"><\/i> Th\u00e8se <\/a><\/h3><div class=\"sp-collapse spcollapse spcollapse\" id=\"collapse5793\" data-parent=\"#sp-ea-579\" role=\"region\" aria-labelledby=\"ea-header-5793\"> <div class=\"ea-body\"><p>L\u2019objectif final sanctionnant la fin des \u00e9tudes et permettant de quitter d\u00e9finitivement cette \u00ab satan\u00e9e boutique \u00bb en acc\u00e9dant d\u2019un seul coup au titre de Docteur en m\u00e9decine et aux deux galons de m\u00e9decin lieutenant. L\u2019\u00e9criture de ce volume d\u2019une centaine de pages n\u00e9cessitait de trouver un sujet, un Patron qui pouvait \u00eatre tatillon et faire remettre plusieurs fois l\u2019ouvrage sur le m\u00e9tier, de passer des heures dans \u00ab l\u2019index medicus \u00bb pour la biblio (il n\u2019y avait pas d\u2019ordinateurs au XX\u00e8me si\u00e8cle !), de penser \u00e0 des d\u00e9dicaces originales et enfin \u00e0 un imprimeur pas trop cher, le tout devant \u00eatre boucl\u00e9 pour fin septembre. Refuser de passer sa th\u00e8se pouvait \u00eatre le moyen pour certains de quitter ce corps de sant\u00e9 militaire o\u00f9 ils ne se sentaient pas bien mais l\u2019Institution se d\u00e9fendait et ce n\u2019\u00e9tait pas un partie de plaisir pendant de longs mois.<\/p><\/div><\/div><\/div><\/div><\/div>\n","protected":false},"excerpt":{"rendered":"","protected":false},"author":1,"featured_media":0,"parent":46,"menu_order":0,"comment_status":"closed","ping_status":"closed","template":"","meta":{"om_disable_all_campaigns":false,"_monsterinsights_skip_tracking":false,"_monsterinsights_sitenote_active":false,"_monsterinsights_sitenote_note":"","_monsterinsights_sitenote_category":0,"footnotes":""},"class_list":["post-614","page","type-page","status-publish"],"_links":{"self":[{"href":"https:\/\/mboudry.fr\/epssm65\/wp-json\/wp\/v2\/pages\/614","targetHints":{"allow":["GET"]}}],"collection":[{"href":"https:\/\/mboudry.fr\/epssm65\/wp-json\/wp\/v2\/pages"}],"about":[{"href":"https:\/\/mboudry.fr\/epssm65\/wp-json\/wp\/v2\/types\/page"}],"author":[{"embeddable":true,"href":"https:\/\/mboudry.fr\/epssm65\/wp-json\/wp\/v2\/users\/1"}],"replies":[{"embeddable":true,"href":"https:\/\/mboudry.fr\/epssm65\/wp-json\/wp\/v2\/comments?post=614"}],"version-history":[{"count":0,"href":"https:\/\/mboudry.fr\/epssm65\/wp-json\/wp\/v2\/pages\/614\/revisions"}],"up":[{"embeddable":true,"href":"https:\/\/mboudry.fr\/epssm65\/wp-json\/wp\/v2\/pages\/46"}],"wp:attachment":[{"href":"https:\/\/mboudry.fr\/epssm65\/wp-json\/wp\/v2\/media?parent=614"}],"curies":[{"name":"wp","href":"https:\/\/api.w.org\/{rel}","templated":true}]}}