{"id":622,"date":"2023-02-18T10:11:59","date_gmt":"2023-02-18T09:11:59","guid":{"rendered":"https:\/\/mboudry.fr\/epssm65wp\/?page_id=622"},"modified":"2023-02-18T10:11:59","modified_gmt":"2023-02-18T09:11:59","slug":"lettre-v","status":"publish","type":"page","link":"https:\/\/mboudry.fr\/epssm65\/le-site-epssm-65\/dictionnaire-du-navalais\/lettre-v\/","title":{"rendered":"Lettre  V"},"content":{"rendered":"<style>#sp-ea-591 .spcollapsing { height: 0; overflow: hidden; transition-property: height;transition-duration: 300ms;}#sp-ea-591.sp-easy-accordion>.sp-ea-single {margin-bottom: 10px; border: 1px solid #e2e2e2; }#sp-ea-591.sp-easy-accordion>.sp-ea-single>.ea-header a {color: #444;}#sp-ea-591.sp-easy-accordion>.sp-ea-single>.sp-collapse>.ea-body {background: #fff; color: #444;}#sp-ea-591.sp-easy-accordion>.sp-ea-single {background: #eee;}#sp-ea-591.sp-easy-accordion>.sp-ea-single>.ea-header a .ea-expand-icon { float: left; color: #444;font-size: 16px;}<\/style><div id=\"sp_easy_accordion-1776742532\"><div id=\"sp-ea-591\" class=\"sp-ea-one sp-easy-accordion\" data-ea-active=\"ea-click\" data-ea-mode=\"vertical\" data-preloader=\"\" data-scroll-active-item=\"\" data-offset-to-scroll=\"0\"><div class=\"ea-card sp-ea-single\"><h3 class=\"ea-header\"><a class=\"collapsed\" id=\"ea-header-5910\" role=\"button\" data-sptoggle=\"spcollapse\" data-sptarget=\"#collapse5910\" aria-controls=\"collapse5910\" href=\"#\" aria-expanded=\"false\" tabindex=\"0\"><i aria-hidden=\"true\" role=\"presentation\" class=\"ea-expand-icon eap-icon-ea-expand-plus\"><\/i> Vago<\/a><\/h3><div class=\"sp-collapse spcollapse spcollapse\" id=\"collapse5910\" data-parent=\"#sp-ea-591\" role=\"region\" aria-labelledby=\"ea-header-5910\"> <div class=\"ea-body\"><p>Abr\u00e9viation de vaguemestre qui \u00e9tait responsable de l\u2019agence postale et distribuait donc le courrier : lettres d\u2019amour mais aussi revues m\u00e9dicales et paquets, parfois volumineux, d\u2019\u00e9chantillons de Sargenor, de Laroscorbine ou de Glutaminol, indispensables pour les exams ou les comp\u00e9titions sportives (les contr\u00f4les anti-dopage n\u2019existaient pas encore\u2026)<\/p><\/div><\/div><\/div><div class=\"ea-card sp-ea-single\"><h3 class=\"ea-header\"><a class=\"collapsed\" id=\"ea-header-5911\" role=\"button\" data-sptoggle=\"spcollapse\" data-sptarget=\"#collapse5911\" aria-controls=\"collapse5911\" href=\"#\" aria-expanded=\"false\" tabindex=\"0\"><i aria-hidden=\"true\" role=\"presentation\" class=\"ea-expand-icon eap-icon-ea-expand-plus\"><\/i> Vulve<\/a><\/h3><div class=\"sp-collapse spcollapse spcollapse\" id=\"collapse5911\" data-parent=\"#sp-ea-591\" role=\"region\" aria-labelledby=\"ea-header-5911\"> <div class=\"ea-body\"><p>D\u00e9nomination plus anatomique que po\u00e9tique donn\u00e9e \u00e0 un petit orifice allong\u00e9, mesurant environ deux doigts de largeur, situ\u00e9 \u00e0 gauche de la veste d\u2019uniforme et destin\u00e9 au passage de la b\u00e9li\u00e8re, sangle \u00e0 crochet servant \u00e0 accrocher l\u2019\u00e9p\u00e9e pour les c\u00e9r\u00e9monies.<\/p><\/div><\/div><\/div><\/div><\/div>\n","protected":false},"excerpt":{"rendered":"","protected":false},"author":1,"featured_media":0,"parent":46,"menu_order":0,"comment_status":"closed","ping_status":"closed","template":"","meta":{"om_disable_all_campaigns":false,"_monsterinsights_skip_tracking":false,"_monsterinsights_sitenote_active":false,"_monsterinsights_sitenote_note":"","_monsterinsights_sitenote_category":0,"footnotes":""},"class_list":["post-622","page","type-page","status-publish"],"_links":{"self":[{"href":"https:\/\/mboudry.fr\/epssm65\/wp-json\/wp\/v2\/pages\/622","targetHints":{"allow":["GET"]}}],"collection":[{"href":"https:\/\/mboudry.fr\/epssm65\/wp-json\/wp\/v2\/pages"}],"about":[{"href":"https:\/\/mboudry.fr\/epssm65\/wp-json\/wp\/v2\/types\/page"}],"author":[{"embeddable":true,"href":"https:\/\/mboudry.fr\/epssm65\/wp-json\/wp\/v2\/users\/1"}],"replies":[{"embeddable":true,"href":"https:\/\/mboudry.fr\/epssm65\/wp-json\/wp\/v2\/comments?post=622"}],"version-history":[{"count":0,"href":"https:\/\/mboudry.fr\/epssm65\/wp-json\/wp\/v2\/pages\/622\/revisions"}],"up":[{"embeddable":true,"href":"https:\/\/mboudry.fr\/epssm65\/wp-json\/wp\/v2\/pages\/46"}],"wp:attachment":[{"href":"https:\/\/mboudry.fr\/epssm65\/wp-json\/wp\/v2\/media?parent=622"}],"curies":[{"name":"wp","href":"https:\/\/api.w.org\/{rel}","templated":true}]}}