{"id":74,"date":"2020-10-12T16:45:18","date_gmt":"2020-10-12T14:45:18","guid":{"rendered":"https:\/\/mboudry.fr\/epssm65wp\/?page_id=74"},"modified":"2020-10-12T16:45:18","modified_gmt":"2020-10-12T14:45:18","slug":"les-participants","status":"publish","type":"page","link":"https:\/\/mboudry.fr\/epssm65\/le-site-epssm-65\/mode-demploi\/les-participants\/","title":{"rendered":"Les participants"},"content":{"rendered":"<div class=\"texte\">\n<h3 class=\"spip\"><img loading=\"lazy\" decoding=\"async\" src=\"http:\/\/mboudry.fr\/epssm65\/local\/cache-vignettes\/L130xH25\/26d02042b5e86681447fac26398fe8f5-1e5d1.png?1584398745\" alt=\"les personnes\" width=\"130\" height=\"25\" \/><\/h3>\n<p>Trois types de personnes peuvent participer \u00e0 la <strong>mise en place de textes sur le site<\/strong>\u00a0:<\/p>\n<ul class=\"spip\">\n<li>les <strong>administrateurs<\/strong>\u00a0: personnes qui ont tous \u00ab\u00a0les droits\u00a0\u00bb sur le site\u00a0: ajout de textes, suppression de textes, contr\u00f4le des textes r\u00e9dig\u00e9s par les r\u00e9dacteurs, gestion des rubriques,<\/li>\n<li>les <strong>administrateurs restreints<\/strong>\u00a0: personnes qui ont \u00ab\u00a0les droits\u00a0\u00bb sur une ou plusieurs rubriques\u00a0: ajout de textes, suppression de textes, contr\u00f4le des textes r\u00e9dig\u00e9s par les r\u00e9dacteurs, gestion de la (ou des) rubriques dont ils sont responsables.<\/li>\n<li>les <strong>r\u00e9dacteurs<\/strong>\u00a0: personnes qui ont acc\u00e8s \u00e0 l\u2019espace de r\u00e9daction du site et qui ne peuvent que proposer leurs textes en vue d\u2019une \u00ab\u00a0\u00e9valuation\u00a0\u00bb et d\u2019une validation de la part des administrateurs pour une diffusion sur le site.<i>Connexion \u00e0 l\u2019espace de r\u00e9daction\u00a0: <\/i>Apr\u00e8s s\u2019\u00eatre connect\u00e9 sur le site epssm65, cliquer , dans le Menu lat\u00e9ral gauche, troisi\u00e8me encart, l\u2019onglet \u00e0 fond bleu, sur \u00ab\u00a0Connexion\u00a0\u00bb.<br \/>\nL\u00e0 s\u2019ouvre la page d\u2019identification authentification pour l\u2019espace de r\u00e9daction. Inscrire son \u00ab\u00a0login\u00a0\u00bb (son identification) et son \u00ab\u00a0password\u00a0\u00bb (son mot de passe).<br \/>\nNe pas oublier de cocher, si besoin, la case \u00ab\u00a0Rester identifi\u00e9 quelques jours\u00a0\u00bb (sauf si vous vous connectez depuis un cybercaf\u00e9) et cliquez sur le bouton \u00ab\u00a0Valider\u00a0\u00bb.<br \/>\nCette proc\u00e9dure peut \u00eatre simplifi\u00e9e et automatis\u00e9e par votre acceptation de la cr\u00e9ation et de l\u2019enregistrement, sur votre ordinateur, d\u2019un \u00ab\u00a0cookie\u00a0\u00bb du site Epssm65, \u00e0 votre logiciel de lecture des pages web.<\/p>\n<p>Pour aller directement \u00e0 l\u2019interface priv\u00e9e du site &#8230; Cliquez <a href=\"http:\/\/mboudry.fr\/epssm65\/spip.php?page=login\">ICI<\/a><\/p>\n<p>Le login et le mot de passe sont attribu\u00e9s \u00e0 chaque r\u00e9dacteur par l\u2019administrateur. Pour contacter l\u2019administrateur du site &#8230; Cliquez <a class=\"spip_mail\" href=\"mailto:michel.boudry@laposte.net\">ICI<\/a><\/p>\n<p>En savoir plus pour la cr\u00e9ation de pages dans l\u2019espace de cr\u00e9ation du site\u00a0: &#8230; Cliquer <a class=\"spip_out\" href=\"http:\/\/www.spip-contrib.net\/ModeEmploiRedacteurs\" rel=\"external\">ICI<\/a><\/li>\n<\/ul>\n<p>Dernier type de personnes\u00a0:<\/p>\n<ul class=\"spip\">\n<li>les <strong>visiteurs<\/strong> du site sont des personnes qui n\u2019ont pas acc\u00e8s ni \u00e0 l\u2019espace de r\u00e9daction du site, ni aux espaces privatifs auxquels ils ne sont pas autoris\u00e9s \u00e0 acc\u00e9der . Ainsi ils ne peuvent pas proposer leurs textes. <br class=\"autobr\" \/>Les visiteurs ne peuvent que lire les textes publi\u00e9s sur le site , dans sa partie grand public, et, si cela est permis par les administrateurs, laisser leurs commentaires aux textes publi\u00e9s.<\/li>\n<\/ul>\n<\/div>\n","protected":false},"excerpt":{"rendered":"<p>Trois types de personnes peuvent participer \u00e0 la mise en place de textes sur le site\u00a0: les administrateurs\u00a0: personnes qui ont tous \u00ab\u00a0les droits\u00a0\u00bb sur le site\u00a0: ajout de textes, suppression de textes, contr\u00f4le des textes r\u00e9dig\u00e9s par les r\u00e9dacteurs, gestion des rubriques, les administrateurs restreints\u00a0: personnes qui ont \u00ab\u00a0les droits\u00a0\u00bb sur une ou plusieurs &#8230; <a title=\"Les participants\" class=\"read-more\" href=\"https:\/\/mboudry.fr\/epssm65\/le-site-epssm-65\/mode-demploi\/les-participants\/\" aria-label=\"En savoir plus sur Les participants\">Lire la suite<\/a><\/p>\n","protected":false},"author":1,"featured_media":0,"parent":42,"menu_order":1,"comment_status":"closed","ping_status":"closed","template":"","meta":{"om_disable_all_campaigns":false,"_monsterinsights_skip_tracking":false,"_monsterinsights_sitenote_active":false,"_monsterinsights_sitenote_note":"","_monsterinsights_sitenote_category":0,"footnotes":""},"class_list":["post-74","page","type-page","status-publish"],"_links":{"self":[{"href":"https:\/\/mboudry.fr\/epssm65\/wp-json\/wp\/v2\/pages\/74","targetHints":{"allow":["GET"]}}],"collection":[{"href":"https:\/\/mboudry.fr\/epssm65\/wp-json\/wp\/v2\/pages"}],"about":[{"href":"https:\/\/mboudry.fr\/epssm65\/wp-json\/wp\/v2\/types\/page"}],"author":[{"embeddable":true,"href":"https:\/\/mboudry.fr\/epssm65\/wp-json\/wp\/v2\/users\/1"}],"replies":[{"embeddable":true,"href":"https:\/\/mboudry.fr\/epssm65\/wp-json\/wp\/v2\/comments?post=74"}],"version-history":[{"count":0,"href":"https:\/\/mboudry.fr\/epssm65\/wp-json\/wp\/v2\/pages\/74\/revisions"}],"up":[{"embeddable":true,"href":"https:\/\/mboudry.fr\/epssm65\/wp-json\/wp\/v2\/pages\/42"}],"wp:attachment":[{"href":"https:\/\/mboudry.fr\/epssm65\/wp-json\/wp\/v2\/media?parent=74"}],"curies":[{"name":"wp","href":"https:\/\/api.w.org\/{rel}","templated":true}]}}