{"id":77,"date":"2020-10-12T16:46:29","date_gmt":"2020-10-12T14:46:29","guid":{"rendered":"https:\/\/mboudry.fr\/epssm65wp\/?page_id=77"},"modified":"2020-10-12T16:46:29","modified_gmt":"2020-10-12T14:46:29","slug":"les-espaces-du-site-epssm-65","status":"publish","type":"page","link":"https:\/\/mboudry.fr\/epssm65\/le-site-epssm-65\/mode-demploi\/les-espaces-du-site-epssm-65\/","title":{"rendered":"Les espaces du site Epssm 65"},"content":{"rendered":"<p>Les Espaces du site Epssm65 peuvent \u00eatre divis\u00e9s en\u00a0:<\/p>\n<h3 id=\"outil_sommaire_0\" class=\"spip\"><a class=\"sommaire_ancre\" title=\"Sommaire\" href=\"http:\/\/mboudry.fr\/epssm65\/spip.php?article127#outil_sommaire\">\u00a0<\/a><img loading=\"lazy\" decoding=\"async\" src=\"http:\/\/mboudry.fr\/epssm65\/local\/cache-vignettes\/L282xH25\/a8547c800e773acf482c91719bc02ae4-4de0a.png?1584416628\" alt=\"Du point de vue fr\u00e9quentation :\" width=\"282\" height=\"25\" \/><\/h3>\n<p><strong>-* Espaces \u00ab\u00a0Grand public\u00a0\u00bb<\/strong><br class=\"autobr\" \/>Les articles cr\u00e9es dans cet espace sont accessibles \u00e0 toute personne disposant d\u2019un acc\u00e8s internet fonctionnel, du moment\u00a0:<\/p>\n<ul class=\"spip\">\n<li>que l\u2019adresse URL de cet article est connue du demandeur d\u2019acc\u00e8s et<\/li>\n<li>que cette adresse URL correspond bien \u00e0 une adresse du site Epssm65.\n<ul class=\"spip\">\n<li>Si cette adresse URL correspond \u00e0 un article ne se trouvant pas dans les espaces du site Epssm65, une alerte \u00ab\u00a0Erreur 404\u00a0\u00bb sera g\u00e9n\u00e9r\u00e9e par le serveur de page web,<\/li>\n<li>Si cette adresse URL correspond \u00e0 un article se trouvant dans un espace \u00ab\u00a0Privatif\u00a0\u00bb du site Epssm65, une demande d\u2019identifiant et de mot de passe sera g\u00e9n\u00e9r\u00e9e par le serveur de page web.<\/li>\n<\/ul>\n<\/li>\n<\/ul>\n<p><strong>-* Espaces \u00ab\u00a0Priv\u00e9s\u00a0\u00bb ou \u00ab\u00a0Privatifs\u00a0\u00bb<\/strong><br class=\"autobr\" \/>Les articles cr\u00e9es dans cet espace sont accessibles \u00e0 toute personne disposant d\u2019un acc\u00e8s internet fonctionnel, du moment\u00a0:<\/p>\n<ul class=\"spip\">\n<li>que le demandeur a bien rentr\u00e9\n<ul class=\"spip\">\n<li>son identification (login, identifiant) et<\/li>\n<li>son authentification (password, mot de passe),<\/li>\n<\/ul>\n<\/li>\n<li>que l\u2019adresse URL de cet article est connue du demandeur d\u2019acc\u00e8s,<\/li>\n<li>que l\u2019adresse URL de cet article correspond bien \u00e0 une adresse du site Epssm65.<\/li>\n<\/ul>\n<p>A ce jour, il existe de nombreuses parties privatives du site Epssm65. Ces parties privatives sont \u00e9tanches les unes par rapport aux autres. Les parties privatives sont souvent cr\u00e9es \u00e0 partir des th\u00e8mes. Ces parties privatives ne sont pas accessibles au \u00ab\u00a0Grand Public\u00a0\u00bb &#8230; Elles constituent au sens technique un \u00ab\u00a0groupe ferm\u00e9 d\u2019abonn\u00e9\u00a0\u00bb<\/p>\n<p><strong>Des exemples\u00a0: <\/strong><\/p>\n<ul class=\"spip\">\n<li>Parties Privatives par Navalais\u00a0:\n<ul class=\"spip\">\n<li>Il existe une partie privative pour chacun d\u2019entre vous\u00a0:<\/li>\n<li>Un exemple\u00a0: la partie privative du site Epssm65 r\u00e9serv\u00e9e \u00e0 Claude ROUQUET &#8230; Cliquer <a href=\"http:\/\/mboudry.fr\/epssm65\/ecrire\/?exec=naviguer&amp;id_rubrique=103\">\u00ab\u00a0ROUQUET\u00a0\u00bb<\/a> &#8230; Elle est priv\u00e9e\u00a0!&#8230; Son acc\u00e8s impose un identifiant et mot de passe &#8230; ceux de Claude ROUQUET &#8230; qu\u2019il est le seul \u00e0 conna\u00eetre\u00a0!<\/li>\n<\/ul>\n<\/li>\n<\/ul>\n<ul class=\"spip\">\n<li>Parties Privatives par Fonctions\u00a0:\n<ul class=\"spip\">\n<li>Il existe une partie privative r\u00e9serv\u00e9e aux Administrateurs de ce site .<\/li>\n<\/ul>\n<\/li>\n<\/ul>\n<ul class=\"spip\">\n<li>Parties Privatives par Th\u00e8mes\u00a0:\n<ul class=\"spip\">\n<li>Il existe une partie privative \u00ab\u00a0Projet\u00a0\u00bb qui regroupe tous les projets de l \u00ab\u00a0Epssm65\u00a0\u00bb<\/li>\n<li>Il existe une partie privative \u00ab\u00a0Annuaires\u00a0\u00bb qui regroupe tous les donn\u00e9es de contact des \u00e9l\u00e8ves de la promo&#8230; Reserv\u00e9e aux membres de la promo 65<\/li>\n<\/ul>\n<\/li>\n<\/ul>\n<h3 id=\"outil_sommaire_1\" class=\"spip\"><a class=\"sommaire_ancre\" title=\"Sommaire\" href=\"http:\/\/mboudry.fr\/epssm65\/spip.php?article127#outil_sommaire\">\u00a0<\/a><img loading=\"lazy\" decoding=\"async\" src=\"http:\/\/mboudry.fr\/epssm65\/local\/cache-vignettes\/L244xH25\/7b41a5906ddb3bae059b28fae4702c1f-b2304.png?1584416628\" alt=\"Du point de vue utilisation :\" width=\"244\" height=\"25\" \/><\/h3>\n<p><strong>-* Espaces de \u00ab\u00a0Diffusion\u00a0\u00bb<\/strong><br class=\"autobr\" \/>Les pages du site web Epssm65 partie \u00ab\u00a0Grand Public\u00a0\u00bb ou parties \u00ab\u00a0Privatives\u00a0\u00bb sont cr\u00e9es au travers d\u2019un espace particulier qui donne acc\u00e8s au \u00ab\u00a0moteur\u00a0\u00bb du site\u00a0: le logiciel SPIP. Cet espace particulier est expliqu\u00e9 ci-dessous dans Espace de \u00ab\u00a0Cr\u00e9ation\u00a0\u00bb.<\/p>\n<p><strong>-* Espace de \u00ab\u00a0Cr\u00e9ation\u00a0\u00bb<\/strong><br class=\"autobr\" \/>Seuls certains des utilisateurs, autoris\u00e9s par le Webmestre, disposent de la capacit\u00e9 de commenter, cr\u00e9er, modifier, les articles \u00e0 la base des pages du site web. <br class=\"autobr\" \/>Ces utilisateurs peuvent, tous, avoir une action de cr\u00e9ation sur les pages du site Epssm65 dans leurs parties autoris\u00e9es \u00e0 chacun d\u2019eux.<br class=\"autobr\" \/>Ces utilisateurs se diff\u00e9rencient du \u00ab\u00a0Grand Public\u00a0\u00bb du fait d\u2019autorisation particuli\u00e8res et individualis\u00e9es des acc\u00e8s au site Epssm65.<\/p>\n<p>Ces autorisations se font par l\u2019affectation des \u00ab\u00a0r\u00f4les\u00a0\u00bb \u00e0 chacun des utilisateurs. Ces r\u00f4les sont\u00a0: Visiteurs, R\u00e9dacteurs, Administrateurs. L\u2019affectation de ses r\u00f4les est de la responsabilit\u00e9 du Webmestre, sous l\u2019autorit\u00e9 des Responsables de chacun des espaces \u00ab\u00a0privatifs\u00a0\u00bb. Ces r\u00f4les sont donc attach\u00e9s individuellement aux utilisateurs. Ces r\u00f4les s\u2019appliquent aussi bien \u00e0 la partie \u00ab\u00a0Grand Public\u00a0\u00bb qu\u2019aux parties \u00ab\u00a0Privatives\u00a0\u00bb du site Epssm65.<\/p>\n<p>Ces r\u00f4les et autorisations sont v\u00e9rifi\u00e9s au travers de la <a href=\"http:\/\/mboudry.fr\/epssm65\/spip.php?page=login-public\">proc\u00e9dure de connexion au site<\/a>.<\/p>\n<p>Pour les parties \u00ab\u00a0Privatives\u00a0\u00bb, la connexion au site Epssm65, comporte\u00a0:<\/p>\n<ul class=\"spip\">\n<li>une phase d\u2019identification (login, identification) et<\/li>\n<li>une phase d\u2019authentification (password, mot de passe). <br class=\"autobr\" \/>Une fois ces deux phases, pass\u00e9es, l\u2019une apr\u00e8s l\u2019autre, avec succ\u00e8s, l\u2019utilisateur, reconnu par le serveur de page web comme, visiteur, r\u00e9dacteur ou administrateur, tous authentifi\u00e9s, voit son espace de visite potentiel, s\u2019adapter \u00e0 son r\u00f4le v\u00e9rifi\u00e9.<\/li>\n<\/ul>\n<p>L\u2019espace de \u00ab\u00a0Cr\u00e9ation\u00a0\u00bb est accessible<\/p>\n<ul class=\"spip\">\n<li>en \u00e9tant tout d\u2019abord \u00ab\u00a0identifi\u00e9 et authentifi\u00e9\u00a0\u00bb, Menu lat\u00e9ral gauche, onglet fond bleu, \u00ab\u00a0Connexion\u00a0\u00bb, clic dans \u00ab\u00a0Connexion\u00a0\u00bb &#8230; <a href=\"http:\/\/mboudry.fr\/epssm65\/spip.php?page=login\">\u00ab\u00a0Identification Authentification\u00a0\u00bb<\/a> <br class=\"autobr\" \/>puis<\/li>\n<li>en demandant l\u2019acc\u00e8s \u00e0 l\u2019interface priv\u00e9e, Haut de page, \u00e0 droite, onglet fond gris, clic dans \u00ab\u00a0Espace priv\u00e9\u00a0\u00bb (ou Menu lat\u00e9ral gauche, onglet fond bleu, clic dans \u00ab\u00a0Espace priv\u00e9\u00a0\u00bb) &#8230; <a href=\"http:\/\/mboudry.fr\/epssm65\/ecrire\/?exec=naviguer&amp;id_rubrique=0&quot;\">\u00ab\u00a0Espace priv\u00e9\u00a0\u00bb<\/a>.<\/li>\n<\/ul>\n<p>Sauf si le r\u00e9glages par d\u00e9faut du logiciel SPIP ont \u00e9t\u00e9 modifi\u00e9s, l\u2019entr\u00e9e dans l\u2019espace priv\u00e9 de \u00ab\u00a0Cr\u00e9ation\u00a0\u00bb est bien visible\u00a0: La couleurs de base de cette espace sont le <strong>jaune vert<\/strong>.<\/p>\n<p>Une fois dans l\u2019espace priv\u00e9 de Cr\u00e9ation, si vous acceptez la mis en place de cookies sur votre ordinateur, ce processus seront rendu automatique et quasiment transparent, lots de votre connexion suivante. Je vous conseille donc d\u2019accepter les cookies propos\u00e9s par le site.<\/p>\n<p>Les \u00e9crans successifs que vous devriez voir durant votre parcours vers l\u2019espace priv\u00e9 de Cr\u00e9ation devraient \u00eatre ceux-ci\u00a0:<\/p>\n<p><strong>-# \u00ab\u00a0Connexion\u00a0\u00bb<\/strong><br class=\"autobr\" \/><span class=\"spip_document_230 spip_documents spip_documents_center\"><a title=\"Connexion\n\" href=\"http:\/\/mboudry.fr\/epssm65\/IMG\/png\/epssm65_ecran_connexion01.png\" type=\"image\/png\"><img loading=\"lazy\" decoding=\"async\" src=\"http:\/\/mboudry.fr\/epssm65\/local\/cache-vignettes\/L150xH122\/epssm65_ecran_connexion01-10a44-79d09-2a00d.png?1584416628\" alt=\"Connexion {PNG}\" width=\"150\" height=\"122\" \/><\/a><\/span><br class=\"autobr\" \/>1 &#8230; 2 &#8230; 3<\/p>\n<p><strong>-# \u00ab\u00a0Vers l\u2019Espace priv\u00e9\u00a0\u00bb<\/strong><br class=\"autobr\" \/><span class=\"spip_document_231 spip_documents spip_documents_center\"><a title=\"Espace priv\u00e9\n\" href=\"http:\/\/mboudry.fr\/epssm65\/IMG\/png\/epssm65_ecran_connexion02.png\" type=\"image\/png\"><img loading=\"lazy\" decoding=\"async\" src=\"http:\/\/mboudry.fr\/epssm65\/local\/cache-vignettes\/L150xH122\/epssm65_ecran_connexion02-29d01-ec37f-ef214.png?1584416628\" alt=\"Espace priv\u00e9 {PNG}\" width=\"150\" height=\"122\" \/><\/a><\/span><br class=\"autobr\" \/>&#8230; 4<\/p>\n<p><strong>-* \u00ab\u00a0Interface de Cr\u00e9ation\u00a0\u00bb<\/strong><br class=\"autobr\" \/><span class=\"spip_document_232 spip_documents spip_documents_center\"><a title=\"Cr\u00e9ation\n\" href=\"http:\/\/mboudry.fr\/epssm65\/IMG\/png\/epssm65_ecran_creation01.png\" type=\"image\/png\"><img loading=\"lazy\" decoding=\"async\" src=\"http:\/\/mboudry.fr\/epssm65\/local\/cache-vignettes\/L150xH145\/epssm65_ecran_creation01-1ed2d-637cd-5e78f.png?1584416628\" alt=\"Cr\u00e9ation {PNG}\" width=\"150\" height=\"145\" \/><\/a><\/span><br class=\"autobr\" \/>&#8230; 5<\/p>\n","protected":false},"excerpt":{"rendered":"<p>Les Espaces du site Epssm65 peuvent \u00eatre divis\u00e9s en\u00a0: \u00a0 -* Espaces \u00ab\u00a0Grand public\u00a0\u00bbLes articles cr\u00e9es dans cet espace sont accessibles \u00e0 toute personne disposant d\u2019un acc\u00e8s internet fonctionnel, du moment\u00a0: que l\u2019adresse URL de cet article est connue du demandeur d\u2019acc\u00e8s et que cette adresse URL correspond bien \u00e0 une adresse du site Epssm65. &#8230; <a title=\"Les espaces du site Epssm 65\" class=\"read-more\" href=\"https:\/\/mboudry.fr\/epssm65\/le-site-epssm-65\/mode-demploi\/les-espaces-du-site-epssm-65\/\" aria-label=\"En savoir plus sur Les espaces du site Epssm 65\">Lire la suite<\/a><\/p>\n","protected":false},"author":1,"featured_media":0,"parent":42,"menu_order":3,"comment_status":"closed","ping_status":"closed","template":"","meta":{"om_disable_all_campaigns":false,"_monsterinsights_skip_tracking":false,"_monsterinsights_sitenote_active":false,"_monsterinsights_sitenote_note":"","_monsterinsights_sitenote_category":0,"footnotes":""},"class_list":["post-77","page","type-page","status-publish"],"_links":{"self":[{"href":"https:\/\/mboudry.fr\/epssm65\/wp-json\/wp\/v2\/pages\/77","targetHints":{"allow":["GET"]}}],"collection":[{"href":"https:\/\/mboudry.fr\/epssm65\/wp-json\/wp\/v2\/pages"}],"about":[{"href":"https:\/\/mboudry.fr\/epssm65\/wp-json\/wp\/v2\/types\/page"}],"author":[{"embeddable":true,"href":"https:\/\/mboudry.fr\/epssm65\/wp-json\/wp\/v2\/users\/1"}],"replies":[{"embeddable":true,"href":"https:\/\/mboudry.fr\/epssm65\/wp-json\/wp\/v2\/comments?post=77"}],"version-history":[{"count":0,"href":"https:\/\/mboudry.fr\/epssm65\/wp-json\/wp\/v2\/pages\/77\/revisions"}],"up":[{"embeddable":true,"href":"https:\/\/mboudry.fr\/epssm65\/wp-json\/wp\/v2\/pages\/42"}],"wp:attachment":[{"href":"https:\/\/mboudry.fr\/epssm65\/wp-json\/wp\/v2\/media?parent=77"}],"curies":[{"name":"wp","href":"https:\/\/api.w.org\/{rel}","templated":true}]}}