{"id":82,"date":"2020-10-12T16:48:59","date_gmt":"2020-10-12T14:48:59","guid":{"rendered":"https:\/\/mboudry.fr\/epssm65wp\/?page_id=82"},"modified":"2020-10-12T16:48:59","modified_gmt":"2020-10-12T14:48:59","slug":"les-articles","status":"publish","type":"page","link":"https:\/\/mboudry.fr\/epssm65\/le-site-epssm-65\/mode-demploi\/les-articles\/","title":{"rendered":"Les articles"},"content":{"rendered":"<p> Les textes<\/p>\n<p>Types de textes<br \/>\nLa majorit\u00e9 des sites utilisant SPIP, moteur du site Epssm65, comporte plusieurs types de textes pouvant \u00eatre ajout\u00e9s ou modifi\u00e9s par les administrateurs et les r\u00e9dacteurs de ce site.<\/p>\n<p>    textes de rubriques<br \/>\n    textes des articles<br \/>\n    textes des br\u00e8ves<br \/>\n    textes de l\u2019agenda<\/p>\n<p>Les articles sont les textes qui composent le site. Ces textes sont class\u00e9s par rubriques th\u00e9matiques et sous rubriques, selon les choix des r\u00e9dacteurs et des administrateurs.<br \/>\nChaque article ne peut se trouver que dans une seule rubrique.<\/p>\n<p>Les mots-cl\u00e9s offrent un moyen de navigation transversal \u00e0 l\u2019int\u00e9rieur du site. En associant un ou plusieurs mots-cl\u00e9s \u00e0 un article, on dispose d\u2019un moyen de cr\u00e9er des liens avec d\u2019autres articles situ\u00e9s dans d\u2019autres rubriques. Les mots-cl\u00e9s n\u2019ont d\u2019int\u00e9r\u00eat que si chaque mot est associ\u00e9 \u00e0 plusieurs articles.<\/p>\n<p>Les br\u00e8ves sont de courts textes annon\u00e7ant une nouveaut\u00e9 ou une actualit\u00e9. La dur\u00e9e de vie d\u2019une br\u00e8ve est variable, contrairement \u00e0 un article, une nouvelle br\u00e8ve dans une rubrique prend la place de la br\u00e8ve pr\u00e9c\u00e9dente. La br\u00e8ve ne se classe que dans les rubriques (\u00e0 la racine du site) et non dans les sous-rubriques. Id\u00e9al pour un suivi de l\u2019actualit\u00e9, une revue de presse en ligne &#8230; les br\u00e8ves constituent une m\u00e9thode simple et rapide de publication. Contrairement aux articles, les br\u00e8ves sont constitu\u00e9es d\u2019un nombre r\u00e9duit d\u2019informations : un titre, un texte et un lien hypertexte.<\/p>\n<p>L\u2019agenda qui sert \u00e0 annoncer les \u00e9v\u00e9nements \u00e0 venir. Les textes de l\u2019agenda sont techniquement semblables en tous points aux autres articles du site. Cependant, quelques subtilit\u00e9s permettent d\u2019obtenir un agenda.<br \/>\n La mise en page dans SPIP<\/p>\n<p>Au dela de la barre de boutons situ\u00e9e en haut du champ \u00ab texte \u00bb du formulaire texte, SPIP propose un ensemble de marqueurs qui vous permettront d\u2019enrichir vos articles :<\/p>\n<p>Texte<\/p>\n<p>Intertitre : {{{intertitre}}} pour faire un intertitre saisissez le entre trois accolades ouvertes ({{{) ferm\u00e9es (}}}) .<\/p>\n<p>Gras : {{ en gras}}<\/p>\n<p>Italique : {en italique}<\/p>\n<p>Paragraphes : laisser une ligne vide entre les deux blocs de texte (note : si vous sautez des lignes suppl\u00e9mentaires, Spip ne les prendra pas en consid\u00e9ration dans la mise en page de votre article.<\/p>\n<p>Texte barr\u00e9 : utilisez les balises &lt;strike&gt;&#8230;&lt;\/strike&gt; ex : texte barr\u00e9<\/p>\n<p>Note de bas de page :<\/p>\n<p>[[note de bas de page]] ex : [1] ; la note est num\u00e9rot\u00e9e automatiquement. Saisissez le texte de la note entre deux crochets.<\/p>\n<p>[[&lt;nom ancre&gt;note de bas de page avec nom]] ex : [nom ancre ] ; nommer votre ancre en faisant pr\u00e9c\u00e9der son texte de son nom entre deux guillemets simples.<\/p>\n<p>[[&lt;nom ancre&gt;]] ex : [nom ancre] ; saissisez ce raccourici pour faire r\u00e9f\u00e9rence \u00e0 une ancre d\u00e9j\u00e0 existante.<\/p>\n<p>Image dans le texte<\/p>\n<p>Pour ins\u00e9rer une image dans le texte utilisez la boite de dialogue sp\u00e9cifique (\u00ab ajouter une image \u00bb, en haut \u00e0 gauche).<\/p>\n<p>A la suite du chargement de votre image sur le serveur, trois bouts de codes apparaissent sous celle-ci :<\/p>\n<p>&#8211; &lt;imgxx|left&gt;( la photo est align\u00e9e \u00e0 gauche),<br \/>\n&#8211; &lt;imgxx|center&gt; (la photo est centr\u00e9e),<br \/>\n&#8211; &lt;imgxx|right&gt; (la photo est align\u00e9e \u00e0 droite).<\/p>\n<p>Pour ins\u00e9rer la photo effectuez un copier\/coller de ce code \u00e0 l\u2019endroit voulu ds le texte.<\/p>\n<p>Pour ne pas sp\u00e9cifier d\u2019alignement particulier, saisissez &lt;imgxx&gt;.<\/p>\n<p>note : xx \u00e9quivaut \u00e0 l\u2019id en chiffre de l\u2019image<\/p>\n<p>Listes<\/p>\n<p>Cr\u00e9er des listes \u00e0 puces avec spip est d\u2019une simplicit\u00e9 presque enfantine.<\/p>\n<p>Pour une liste simple \u00e0 un niveau tapez :<br \/>\n&#8211; orange,<br \/>\n&#8211; rouge,<br \/>\n&#8211; vert.<\/p>\n<p>ce qui donne :<br \/>\n&#8211; orange,<br \/>\n&#8211; rouge,<br \/>\n&#8211; vert.<\/p>\n<p>Pour une liste \u00e0 plusieurs niveaux :<br \/>\n-*premier<br \/>\n-**premier sous niveau 1<br \/>\n-*second<br \/>\n-**second sous niveau 1<br \/>\n-***second sous niveau 2<br \/>\n-*troisi\u00e8me<\/p>\n<p>ce qui donne :<\/p>\n<p>    premier<br \/>\n        premier sous niveau 1<br \/>\n    second<br \/>\n        second sous niveau 1<br \/>\n            second sous niveau 2<br \/>\n    troisi\u00e8me<\/p>\n<p>Pour une liste \u00e0 num\u00e9ro :<br \/>\n-# premier<br \/>\n-## sous premier<br \/>\n-#second<br \/>\n-#troisi\u00e8me<\/p>\n<p>ce qui donne :<\/p>\n<p>    premier<br \/>\n        sous premier<br \/>\n    second<br \/>\n    troisi\u00e8me<\/p>\n<p>Tableau<\/p>\n<p>pour cr\u00e9er un tableau utilisez principalement le chevron |<\/p>\n<p>exemple :<br \/>\n|nom|adresse|ville|<br \/>\n|laborde|rue gabriel|toulouse|<br \/>\n|durand|rue cort\u00e9|montpellier|<\/p>\n<p>ce qui affiche :<br \/>\nnom \tadresse \tville<br \/>\nlaborde \true gabriel \ttoulouse<br \/>\ndurand \true cort\u00e9 \tmontpellier<\/p>\n<p>Attention : Laissez une ligne vide apr\u00e8s le tableau.<\/p>\n<p>Le code informatique<\/p>\n<p>Pour taper du code informatique non interpr\u00e9t\u00e9 utilisez la balise &lt;code&gt;.<\/p>\n<p>Pour saisir du code informatique interpr\u00e9t\u00e9 :<\/p>\n<p>entourez votre code informatique de la balise &lt;html&gt; ouverte et ferm\u00e9e.<\/p>\n<p>ex : &lt;html&gt;&lt;strong&gt;le code informatique&lt;\/strong&gt;&lt;br \/&gt;&lt;\/html&gt;<\/p>\n<p>Notes<\/p>\n<p>[1] note de bas de page<\/p>\n<p>[nom ancre ] note de bas de page avec nom<\/p>\n","protected":false},"excerpt":{"rendered":"<p>Les textes Types de textes La majorit\u00e9 des sites utilisant SPIP, moteur du site Epssm65, comporte plusieurs types de textes pouvant \u00eatre ajout\u00e9s ou modifi\u00e9s par les administrateurs et les r\u00e9dacteurs de ce site. textes de rubriques textes des articles textes des br\u00e8ves textes de l\u2019agenda Les articles sont les textes qui composent le site. &#8230; <a title=\"Les articles\" class=\"read-more\" href=\"https:\/\/mboudry.fr\/epssm65\/le-site-epssm-65\/mode-demploi\/les-articles\/\" aria-label=\"En savoir plus sur Les articles\">Lire la suite<\/a><\/p>\n","protected":false},"author":1,"featured_media":0,"parent":42,"menu_order":5,"comment_status":"closed","ping_status":"closed","template":"","meta":{"om_disable_all_campaigns":false,"_monsterinsights_skip_tracking":false,"_monsterinsights_sitenote_active":false,"_monsterinsights_sitenote_note":"","_monsterinsights_sitenote_category":0,"footnotes":""},"class_list":["post-82","page","type-page","status-publish"],"_links":{"self":[{"href":"https:\/\/mboudry.fr\/epssm65\/wp-json\/wp\/v2\/pages\/82","targetHints":{"allow":["GET"]}}],"collection":[{"href":"https:\/\/mboudry.fr\/epssm65\/wp-json\/wp\/v2\/pages"}],"about":[{"href":"https:\/\/mboudry.fr\/epssm65\/wp-json\/wp\/v2\/types\/page"}],"author":[{"embeddable":true,"href":"https:\/\/mboudry.fr\/epssm65\/wp-json\/wp\/v2\/users\/1"}],"replies":[{"embeddable":true,"href":"https:\/\/mboudry.fr\/epssm65\/wp-json\/wp\/v2\/comments?post=82"}],"version-history":[{"count":0,"href":"https:\/\/mboudry.fr\/epssm65\/wp-json\/wp\/v2\/pages\/82\/revisions"}],"up":[{"embeddable":true,"href":"https:\/\/mboudry.fr\/epssm65\/wp-json\/wp\/v2\/pages\/42"}],"wp:attachment":[{"href":"https:\/\/mboudry.fr\/epssm65\/wp-json\/wp\/v2\/media?parent=82"}],"curies":[{"name":"wp","href":"https:\/\/api.w.org\/{rel}","templated":true}]}}