{"id":85,"date":"2020-10-12T16:50:28","date_gmt":"2020-10-12T14:50:28","guid":{"rendered":"https:\/\/mboudry.fr\/epssm65wp\/?page_id=85"},"modified":"2020-10-12T16:50:28","modified_gmt":"2020-10-12T14:50:28","slug":"les-messageries-et-forum","status":"publish","type":"page","link":"https:\/\/mboudry.fr\/epssm65\/le-site-epssm-65\/mode-demploi\/les-messageries-et-forum\/","title":{"rendered":"Les messageries et forum"},"content":{"rendered":"<p>Le site Epssm65 permet l\u2019\u00e9change de messages, internes au site, et la constitution de forums de discussion priv\u00e9s, internes au site, entre les participants du site. Il permet m\u00eame le tchat en direct.<\/p>\n<p>Le site Epssm65 dispose de plusieurs types de messageries :<\/p>\n<p>    la messagerie interne,<br \/>\n    la messagerie des administrateurs,<br \/>\n    les forums,<br \/>\n    les calendriers,<br \/>\n    les \u00ab pense-b\u00eate \u00bb.<\/p>\n<p>Le site Epssm65 peut, m\u00eame, vous indiquer en permanence la liste des r\u00e9dacteurs connect\u00e9s, ce qui vous permet d\u2019\u00e9changer des messages en direct&#8230; autrement dit \u00ab tchater \u00bb en direct.<\/p>\n<p>Chaque utilisateur du site peut configurer individuellement l\u2019utilisation qu\u2019il souhaite faire des messageries.<\/p>\n<p>Ceci facilite l\u2019envoi de messages entre utilisateurs du site, sans passer par l\u2019\u00e9change d\u2019emails interpersonnels.<\/p>\n<p>    Messagerie interne<\/p>\n<p>Un syst\u00e8me de messagerie interne compl\u00e8te les outils destin\u00e9s \u00e0 faciliter le travail coop\u00e9ratif sur un site SPIP. Les r\u00e9dacteurs peuvent \u00e9changer des messages (\u00e0 un ou plusieurs destinataires), chaque message ouvrant un forum priv\u00e9 entre ses destinataires.<\/p>\n<p>Lorsqu\u2019un message est \u00ab envoy\u00e9 \u00bb par un utilisateur \u00e0 un ou plusieurs autres utilisateurs, il devient un forum de discussion priv\u00e9. Ainsi, une fois un message envoy\u00e9, une discussion peut avoir lieu, sous la forme d\u2019un forum plac\u00e9 sous le texte de ce message.<\/p>\n<p>Pour cr\u00e9er un message\/discussion :<\/p>\n<p>    Soit, cliquer sur le logo vert (un petit \u00ab M \u00bb compl\u00e9t\u00e9 d\u2019un triangle) qui est affich\u00e9 \u00e0 c\u00f4t\u00e9 du nom de votre destinataire. Cela ouvre imm\u00e9diatement un nouveau message.<br \/>\n    Soit, utiliser le bouton \u00ab Nouveau message \u00bb. Cela cr\u00e9\u00e9 un nouveau message sans destinataire. Avant de pouvoir envoyer ce message, vous devrez indiquer \u00e0 qui il est destin\u00e9.<\/p>\n<p>Tant que le message est indiqu\u00e9 \u00ab en cours de r\u00e9daction \u00bb, seul son auteur peut y acc\u00e9der. Il faut donc l\u2019envoyer pour qu\u2019il soit pr\u00e9sent\u00e9 \u00e0 ses destinataires.<\/p>\n<p>Pour ajouter\/supprimer un destinataire :<br \/>\n\u00c0 tout moment il est possible d\u2019ajouter un destinataire : soit pendant la r\u00e9daction du message, soit lorsqu\u2019il est d\u00e9j\u00e0 envoy\u00e9 (par exemple pour inscrire un nouveau participant \u00e0 une discussion dans un forum qui l\u2019int\u00e9resse). De la m\u00eame fa\u00e7on, on peut retirer un participant \u00e0 tout moment. Un bouton \u00ab Ne plus participer \u00e0 cette discussion \u00bb permet d\u2019ailleurs \u00e0 l\u2019un des participants de s\u2019exclure de lui-m\u00eame d\u2019une discussion.<\/p>\n<p>Pour fixer un rendez-vous :<br \/>\nN\u2019importe quel message peut \u00eatre transform\u00e9 en rendez-vous : c\u2019est-\u00e0-dire qu\u2019il est li\u00e9 \u00e0 une date et affich\u00e9 dans le calendrier de SPIP.<\/p>\n<p>Il est \u00e9galement possible de noter des \u00ab pense-b\u00eate \u00bb.<\/p>\n<p>Un calendrier affiche les rendez-vous importants et r\u00e9capitule l\u2019activit\u00e9 \u00e9ditoriale du site selon une nouvelle pr\u00e9sentation graphique.<\/p>\n<p>La messagerie interne (que l\u2019on peut activer ou d\u00e9sactiver pour l\u2019ensemble du site, mais \u00e0 laquelle chaque r\u00e9dacteur peut d\u00e9cider individuellement de ne pas participer) est compl\u00e9t\u00e9e d\u2019une liste des r\u00e9dacteurs connect\u00e9s \u00e0 l\u2019espace priv\u00e9. Chaque r\u00e9dacteur connect\u00e9 peut \u00eatre ainsi contact\u00e9 par l\u2019envoi d\u2019un message, simplement en cliquant sur le logo associ\u00e9 \u00e0 son nom. Chaque r\u00e9dacteur peut d\u00e9cider, individuellement, de ne pas appara\u00eetre dans la liste des r\u00e9dacteurs connect\u00e9s.<\/p>\n<p>Les Commentaires faits aux Articles publi\u00e9s dans les pages du site ne sont pas consid\u00e9r\u00e9s comme un type de messagerie. Pour plus de renseignements sur ces Commentaires se reporter \u00e0 la page \u00ab Les articles \u00bb \u00ab Les articles \u00bb<\/p>\n","protected":false},"excerpt":{"rendered":"<p>Le site Epssm65 permet l\u2019\u00e9change de messages, internes au site, et la constitution de forums de discussion priv\u00e9s, internes au site, entre les participants du site. Il permet m\u00eame le tchat en direct. Le site Epssm65 dispose de plusieurs types de messageries : la messagerie interne, la messagerie des administrateurs, les forums, les calendriers, les &#8230; <a title=\"Les messageries et forum\" class=\"read-more\" href=\"https:\/\/mboudry.fr\/epssm65\/le-site-epssm-65\/mode-demploi\/les-messageries-et-forum\/\" aria-label=\"En savoir plus sur Les messageries et forum\">Lire la suite<\/a><\/p>\n","protected":false},"author":1,"featured_media":0,"parent":42,"menu_order":7,"comment_status":"closed","ping_status":"closed","template":"","meta":{"om_disable_all_campaigns":false,"_monsterinsights_skip_tracking":false,"_monsterinsights_sitenote_active":false,"_monsterinsights_sitenote_note":"","_monsterinsights_sitenote_category":0,"footnotes":""},"class_list":["post-85","page","type-page","status-publish"],"_links":{"self":[{"href":"https:\/\/mboudry.fr\/epssm65\/wp-json\/wp\/v2\/pages\/85","targetHints":{"allow":["GET"]}}],"collection":[{"href":"https:\/\/mboudry.fr\/epssm65\/wp-json\/wp\/v2\/pages"}],"about":[{"href":"https:\/\/mboudry.fr\/epssm65\/wp-json\/wp\/v2\/types\/page"}],"author":[{"embeddable":true,"href":"https:\/\/mboudry.fr\/epssm65\/wp-json\/wp\/v2\/users\/1"}],"replies":[{"embeddable":true,"href":"https:\/\/mboudry.fr\/epssm65\/wp-json\/wp\/v2\/comments?post=85"}],"version-history":[{"count":0,"href":"https:\/\/mboudry.fr\/epssm65\/wp-json\/wp\/v2\/pages\/85\/revisions"}],"up":[{"embeddable":true,"href":"https:\/\/mboudry.fr\/epssm65\/wp-json\/wp\/v2\/pages\/42"}],"wp:attachment":[{"href":"https:\/\/mboudry.fr\/epssm65\/wp-json\/wp\/v2\/media?parent=85"}],"curies":[{"name":"wp","href":"https:\/\/api.w.org\/{rel}","templated":true}]}}