{"id":11,"date":"2014-11-29T14:55:27","date_gmt":"2014-11-29T13:55:27","guid":{"rendered":"http:\/\/mboudry.wordpress.com\/?page_id=11"},"modified":"2025-04-17T17:01:50","modified_gmt":"2025-04-17T15:01:50","slug":"emploi-du-sn13","status":"publish","type":"page","link":"https:\/\/mboudry.fr\/these\/emploi-du-sn13\/","title":{"rendered":"Emploi du SN 13"},"content":{"rendered":"<p><a title=\"Emploi du SN 13 : G\u00e9n\u00e9ralit\u00e9s\" href=\"https:\/\/mboudry.fr\/thesewp\/emploi-du-sn13\/emploi-du-sn-13-generalites\/\"><strong>G\u00e9n\u00e9ralit\u00e9s<\/strong><\/a><br \/>\n<a title=\"Emploi du SN 13 : Pose\" href=\"https:\/\/mboudry.fr\/thesewp\/emploi-du-sn13\/emploi-du-sn-13-pose\/\"><strong>Pose<\/strong><\/a><br \/>\n<a title=\"Emploi du SN 13 : G\u00e9n\u00e9ralit\u00e9s\" href=\"https:\/\/mboudry.fr\/thesewp\/emploi-du-sn13\/emploi-du-sn-13-generalites\/\"><strong>D\u00e9pose<\/strong><\/a><\/p>\n<p>&nbsp;<\/p>\n<p><a title=\"Emploi du SN 13 : G\u00e9n\u00e9ralit\u00e9s\" href=\"https:\/\/mboudry.fr\/thesewp\/emploi-du-sn13\/emploi-du-sn-13-generalites\/\">Page suivante<\/a><br \/>\n<a href=\"https:\/\/mboudry.fr\/thesewp\/description-du-materiel\/le-sn-13-le-barb-wire-de-jennings-est-commercialise-en-france-par-les-laboratoires-ethicon-sous-le-code-sn-13\/\">Page pr\u00e9c\u00e9dente<\/a><\/p>\n<p><a title=\"Plan\" href=\"https:\/\/mboudry.fr\/thesewp\/plan\/\">Plan<\/a><\/p>\n","protected":false},"excerpt":{"rendered":"<p>G\u00e9n\u00e9ralit\u00e9s Pose D\u00e9pose &nbsp; Page suivante Page pr\u00e9c\u00e9dente Plan<\/p>\n","protected":false},"author":1,"featured_media":0,"parent":0,"menu_order":0,"comment_status":"open","ping_status":"open","template":"page-templates\/full-width.php","meta":{"om_disable_all_campaigns":false,"_monsterinsights_skip_tracking":false,"_monsterinsights_sitenote_active":false,"_monsterinsights_sitenote_note":"","_monsterinsights_sitenote_category":0,"footnotes":""},"class_list":["post-11","page","type-page","status-publish","hentry"],"aioseo_notices":[],"_links":{"self":[{"href":"https:\/\/mboudry.fr\/these\/wp-json\/wp\/v2\/pages\/11","targetHints":{"allow":["GET"]}}],"collection":[{"href":"https:\/\/mboudry.fr\/these\/wp-json\/wp\/v2\/pages"}],"about":[{"href":"https:\/\/mboudry.fr\/these\/wp-json\/wp\/v2\/types\/page"}],"author":[{"embeddable":true,"href":"https:\/\/mboudry.fr\/these\/wp-json\/wp\/v2\/users\/1"}],"replies":[{"embeddable":true,"href":"https:\/\/mboudry.fr\/these\/wp-json\/wp\/v2\/comments?post=11"}],"version-history":[{"count":1,"href":"https:\/\/mboudry.fr\/these\/wp-json\/wp\/v2\/pages\/11\/revisions"}],"predecessor-version":[{"id":830,"href":"https:\/\/mboudry.fr\/these\/wp-json\/wp\/v2\/pages\/11\/revisions\/830"}],"wp:attachment":[{"href":"https:\/\/mboudry.fr\/these\/wp-json\/wp\/v2\/media?parent=11"}],"curies":[{"name":"wp","href":"https:\/\/api.w.org\/{rel}","templated":true}]}}