{"id":17,"date":"2014-11-29T14:57:31","date_gmt":"2014-11-29T13:57:31","guid":{"rendered":"http:\/\/mboudry.wordpress.com\/?page_id=17"},"modified":"2025-04-17T17:26:32","modified_gmt":"2025-04-17T15:26:32","slug":"observations","status":"publish","type":"page","link":"https:\/\/mboudry.fr\/these\/observations\/","title":{"rendered":"Observations"},"content":{"rendered":"<p><a href=\"https:\/\/mboudry.fr\/thesewp\/obsevations-cliniques-generalites\/\"><strong>Observations cliniques : G\u00e9n\u00e9ralit\u00e9s<\/strong><\/a><\/p>\n<p><a title=\"Principes g\u00e9n\u00e9raux de traitement\" href=\"https:\/\/mboudry.fr\/thesewp\/observations\/principes-generaux-de-traitement\/\"><strong>Principes g\u00e9n\u00e9raux de traitement<\/strong><\/a><\/p>\n<p><a title=\"Cotation des r\u00e9sultats\" href=\"https:\/\/mboudry.fr\/thesewp\/observations\/cotation-des-resultats\/\"><strong>Cotation des r\u00e9sultats<\/strong><\/a><\/p>\n<p><strong>Observations<\/strong><br \/>\n<a title=\"Observations Tendons fl\u00e9chisseurs des doigts\" href=\"https:\/\/mboudry.fr\/thesewp\/observations\/observations-tendons-flechisseurs-des-doigts\/\"><strong> &#8211; L\u00e9sions des tendons fl\u00e9chisseurs des doigts<\/strong><\/a><br \/>\n<a title=\"Observations Tendons extenseurs des doigts\" href=\"https:\/\/mboudry.fr\/thesewp\/observations\/observations-tendons-extenseurs-des-doigts\/\"><strong> &#8211; L\u00e9sions des tendons extenseurs des doigts<\/strong><\/a><br \/>\n<a title=\"Observations Cas particuliers\" href=\"https:\/\/mboudry.fr\/thesewp\/observations\/observations-cas-particuliers\/\"><strong> &#8211; Cas particuliers<\/strong><\/a><\/p>\n<p><a title=\"R\u00e9sultats\" href=\"https:\/\/mboudry.fr\/thesewp\/observations\/resultats\/\"><strong>R\u00e9sultats<\/strong><\/a><\/p>\n<p><strong><a title=\"Observations cliniques : Discussion\" href=\"https:\/\/mboudry.fr\/thesewp\/observations\/observations-cliniques-discussion\/\">Observations cliniques : Discussion<\/a><\/strong><\/p>\n<hr \/>\n<p>&nbsp;<\/p>\n<p><a title=\"Obsevations cliniques : G\u00e9n\u00e9ralit\u00e9s\" href=\"https:\/\/mboudry.fr\/thesewp\/obsevations-cliniques-generalites\/\">Page suivante<\/a><br \/>\n<a title=\"Mat\u00e9riel similaire : Discussion\" href=\"https:\/\/mboudry.fr\/thesewp\/materiel-similaire\/materiel-similaire-discussion\/\">Page pr\u00e9c\u00e9dente<\/a><\/p>\n<p><a title=\"Plan\" href=\"https:\/\/mboudry.fr\/thesewp\/plan\/\">Plan<\/a><\/p>\n","protected":false},"excerpt":{"rendered":"<p>Observations cliniques : G\u00e9n\u00e9ralit\u00e9s Principes g\u00e9n\u00e9raux de traitement Cotation des r\u00e9sultats Observations &#8211; L\u00e9sions des tendons fl\u00e9chisseurs des doigts &#8211; L\u00e9sions des tendons extenseurs des doigts &#8211; Cas particuliers R\u00e9sultats Observations cliniques : Discussion &nbsp; Page suivante Page pr\u00e9c\u00e9dente Plan<\/p>\n","protected":false},"author":1,"featured_media":0,"parent":0,"menu_order":0,"comment_status":"open","ping_status":"open","template":"page-templates\/full-width.php","meta":{"om_disable_all_campaigns":false,"_monsterinsights_skip_tracking":false,"_monsterinsights_sitenote_active":false,"_monsterinsights_sitenote_note":"","_monsterinsights_sitenote_category":0,"footnotes":""},"class_list":["post-17","page","type-page","status-publish","hentry"],"aioseo_notices":[],"_links":{"self":[{"href":"https:\/\/mboudry.fr\/these\/wp-json\/wp\/v2\/pages\/17","targetHints":{"allow":["GET"]}}],"collection":[{"href":"https:\/\/mboudry.fr\/these\/wp-json\/wp\/v2\/pages"}],"about":[{"href":"https:\/\/mboudry.fr\/these\/wp-json\/wp\/v2\/types\/page"}],"author":[{"embeddable":true,"href":"https:\/\/mboudry.fr\/these\/wp-json\/wp\/v2\/users\/1"}],"replies":[{"embeddable":true,"href":"https:\/\/mboudry.fr\/these\/wp-json\/wp\/v2\/comments?post=17"}],"version-history":[{"count":1,"href":"https:\/\/mboudry.fr\/these\/wp-json\/wp\/v2\/pages\/17\/revisions"}],"predecessor-version":[{"id":853,"href":"https:\/\/mboudry.fr\/these\/wp-json\/wp\/v2\/pages\/17\/revisions\/853"}],"wp:attachment":[{"href":"https:\/\/mboudry.fr\/these\/wp-json\/wp\/v2\/media?parent=17"}],"curies":[{"name":"wp","href":"https:\/\/api.w.org\/{rel}","templated":true}]}}