{"id":27,"date":"2014-11-29T14:59:56","date_gmt":"2014-11-29T13:59:56","guid":{"rendered":"http:\/\/mboudry.wordpress.com\/?page_id=27"},"modified":"2025-04-17T17:30:57","modified_gmt":"2025-04-17T15:30:57","slug":"plan","status":"publish","type":"page","link":"https:\/\/mboudry.fr\/these\/plan\/","title":{"rendered":"Plan"},"content":{"rendered":"<p>Cette th\u00e8se de m\u00e9decine a obtenu la mention :<br \/>\n\u00ab\u00a0Tr\u00e8s Honorable avec \u00c9changes avec les Facult\u00e9s \u00e9trang\u00e8res\u00a0\u00bb<\/p>\n<p><strong>D\u00e9dicace<\/strong><\/p>\n<p>&#8211; <a title=\"D\u00e9dicace\" href=\"https:\/\/mboudry.fr\/thesewp\/?dedicace\/\">D\u00e9dicace<\/a><\/p>\n<p><strong>Introduction<\/strong><\/p>\n<p>&#8211; <a title=\"Historique\" href=\"https:\/\/mboudry.fr\/thesewp\/historique\/\">Historique<\/a><\/p>\n<p><strong>Iconographie<\/strong><\/p>\n<p>&#8211;<a title=\"Iconographie : G\u00e9n\u00e9ralit\u00e9s\" href=\"https:\/\/mboudry.fr\/thesewp\/iconographie\/iconographie-generalites\/\"> Iconographie : G\u00e9n\u00e9ralit\u00e9s<\/a><br \/>\n&#8211; <a title=\"Prise de vues\" href=\"https:\/\/mboudry.fr\/thesewp\/iconographie\/prise-de-vues\/\">Prise de vue<\/a><br \/>\n&#8211; <a title=\"D\u00e9veloppements Tirages\" href=\"https:\/\/mboudry.fr\/thesewp\/iconographie\/developpements-tirages\/\">D\u00e9veloppement Tirage<\/a><br \/>\n&#8211; <a href=\"https:\/\/mboudry.fr\/thesewp\/iconographie\/iconographie-conclusion\/\">Iconographie :\u00a0Conclusion<\/a><\/p>\n<p><strong>Description du mat\u00e9riel<\/strong><\/p>\n<p>&#8211; <a title=\"Le SN 13\" href=\"https:\/\/mboudry.fr\/thesewp\/description-du-materiel\/le-sn-13\/\">Le SN 13 des laboratoires ETHICON<\/a><\/p>\n<p><strong>Emploi du SN 13<\/strong><\/p>\n<p>&#8211; <a title=\"Emploi du SN 13 : G\u00e9n\u00e9ralit\u00e9s\" href=\"https:\/\/mboudry.fr\/thesewp\/emploi-du-sn13\/emploi-du-sn-13-generalites\/\">Emploi du SN13 : G\u00e9n\u00e9ralit\u00e9s<\/a><br \/>\n&#8211; <a title=\"Emploi du SN 13 : Pose\" href=\"https:\/\/mboudry.fr\/thesewp\/emploi-du-sn13\/emploi-du-sn-13-pose\/\">Pose<\/a><br \/>\n&#8211; <a title=\"Emploi du SN 13 : D\u00e9pose\" href=\"https:\/\/mboudry.fr\/thesewp\/emploi-du-sn13\/emploi-du-sn-13-depose\/\">D\u00e9pose<\/a><\/p>\n<p><strong>Exp\u00e9rimentation du SN 13 au laboratoire<\/strong><\/p>\n<p>&#8211; <a title=\"Exp\u00e9rimentation du SN13 G\u00e9n\u00e9ralit\u00e9s\" href=\"https:\/\/mboudry.fr\/thesewp\/experimentation-du-sn13\/experimentation-du-sn13-generalites\/\">Exp\u00e9rimentation du SN13 : G\u00e9n\u00e9ralit\u00e9s<\/a><br \/>\n&#8211; <a title=\"Echantillon\" href=\"https:\/\/mboudry.fr\/thesewp\/experimentation-du-sn13\/echantillon\/\">Echantillon<\/a><br \/>\n&#8211; <a title=\"Mat\u00e9riel et M\u00e9thodes\" href=\"https:\/\/mboudry.fr\/thesewp\/?page_id=41\">Mat\u00e9riel, M\u00e9thodes<\/a><br \/>\n&#8211; <a title=\"R\u00e9sultats\" href=\"https:\/\/mboudry.fr\/thesewp\/experimentation-du-sn13\/resultats\/\">R\u00e9sultats<\/a><br \/>\n&#8211;<a href=\"https:\/\/mboudry.fr\/thesewp\/experimentation-du-sn13\/experimentation-du-sn13-discussion\/\"> Exp\u00e9rimentation du SN13 : Discussion<\/a><\/p>\n<p><strong>Mat\u00e9riel similaire<\/strong><\/p>\n<p>&#8211; <a title=\"Mat\u00e9riels similaires : G\u00e9n\u00e9ralit\u00e9s\" href=\"https:\/\/mboudry.fr\/thesewp\/observations\/materiels-similaires-generalites\/\">Mat\u00e9riel similaire : G\u00e9n\u00e9ralit\u00e9s<\/a><br \/>\n&#8211; <a title=\"Fil de nylon multibarbel\u00e9\" href=\"https:\/\/mboudry.fr\/thesewp\/materiel-similaire\/fil-de-nylon-multibarbele\/\">Fil harpon multibarbel\u00e9, nylon<\/a><br \/>\n&#8211; <a title=\"Fil d\u2019acier multibarbel\u00e9\" href=\"https:\/\/mboudry.fr\/thesewp\/materiel-similaire\/fil-dacier-multibarbele\/\">Fil harpon multibarbel\u00e9, acier<\/a><br \/>\n&#8211; <a href=\"https:\/\/mboudry.fr\/thesewp\/materiel-similaire\/materiel-similaire-discussion\/\">Mat\u00e9riel similaire : Discussion<\/a><\/p>\n<p><strong>Observations cliniques<br \/>\n<\/strong><\/p>\n<p>&#8211; <a title=\"G\u00e9n\u00e9ralit\u00e9s\" href=\"https:\/\/mboudry.fr\/thesewp\/obsevations-cliniques-generalites\/\">Observations cliniques : G\u00e9n\u00e9ralit\u00e9s<\/a><br \/>\n&#8211; <a title=\"Principes g\u00e9n\u00e9raux de traitement\" href=\"https:\/\/mboudry.fr\/thesewp\/observations\/principes-generaux-de-traitement\/\">Principes g\u00e9n\u00e9raux de traitement<\/a><br \/>\n&#8211; <a title=\"Cotation des r\u00e9sultats\" href=\"https:\/\/mboudry.fr\/thesewp\/observations\/cotation-des-resultats\/\">Cotations de r\u00e9sultats<\/a><br \/>\n&#8211; Observations<br \/>\n&#8211; <a title=\"Observations Tendons fl\u00e9chisseurs des doigts\" href=\"https:\/\/mboudry.fr\/thesewp\/observations\/observations-tendons-flechisseurs-des-doigts\/\">L\u00e9sions des tendons fl\u00e9chisseurs des doigts<\/a><br \/>\n&#8211; <a title=\"Observations Tendons extenseurs des doigts\" href=\"https:\/\/mboudry.fr\/thesewp\/observations\/observations-tendons-extenseurs-des-doigts\/\">L\u00e9sions des tendons extenseurs des doigts<\/a><br \/>\n&#8211; <a title=\"Observations Cas particuliers\" href=\"https:\/\/mboudry.fr\/thesewp\/observations\/observations-cas-particuliers\/\">Cas particuliers<\/a><br \/>\n&#8211; <a title=\"R\u00e9sultats\" href=\"https:\/\/mboudry.fr\/thesewp\/observations\/resultats\/\">R\u00e9sultats<\/a><br \/>\n<a title=\"Observations cliniques : Discussion\" href=\"https:\/\/mboudry.fr\/thesewp\/observations\/observations-cliniques-discussion\/\">&#8211; Obervations cliniques : Discussion<\/a><\/p>\n<p><strong>Th\u00e8se : Conclusion<\/strong><\/p>\n<p>&#8211; <a title=\"Th\u00e8se : Conclusion\" href=\"https:\/\/mboudry.fr\/thesewp\/these-conclusion\/\">Th\u00e8se : Conclusion<\/a><\/p>\n<p><strong>Th\u00e8se : Bibliographie<\/strong><\/p>\n<p>&#8211; <a title=\"Bibliographie\" href=\"https:\/\/mboudry.fr\/thesewp\/bibliographie\/\">Th\u00e8se : Bibliographie<\/a><\/p>\n<p><strong>Serment<\/strong><\/p>\n<p>&#8211; <a title=\"Serment\" href=\"https:\/\/mboudry.fr\/thesewp\/serment\/\">Serment<\/a><\/p>\n<p><strong>Imprimatur<\/strong><\/p>\n<p><a title=\"Imprimatur\" href=\"https:\/\/mboudry.fr\/thesewp\/imprimatur\/\">&#8211; Th\u00e8se : Imprimatur<\/a><\/p>\n<p><a title=\"Plan\" href=\"https:\/\/mboudry.fr\/thesewp\/plan\/\">Plan<\/a><\/p>\n<p><a title=\"R\u00e9f\u00e9rences de publication\" href=\"https:\/\/mboudry.fr\/thesewp\/plan\/references-de-publication\/\">\u00a0R\u00e9f\u00e9rences de publication<\/a><\/p>\n","protected":false},"excerpt":{"rendered":"<p>Cette th\u00e8se de m\u00e9decine a obtenu la mention : \u00ab\u00a0Tr\u00e8s Honorable avec \u00c9changes avec les Facult\u00e9s \u00e9trang\u00e8res\u00a0\u00bb D\u00e9dicace &#8211; D\u00e9dicace Introduction &#8211; Historique Iconographie &#8211; Iconographie : G\u00e9n\u00e9ralit\u00e9s &#8211; Prise de vue &#8211; D\u00e9veloppement Tirage &#8211; Iconographie :\u00a0Conclusion Description du mat\u00e9riel &#8211; Le SN 13 des laboratoires ETHICON Emploi du SN 13 &#8211; Emploi du &hellip; <a href=\"https:\/\/mboudry.fr\/these\/plan\/\" class=\"more-link\">Continuer la lecture de <span class=\"screen-reader-text\">Plan<\/span>  <span class=\"meta-nav\">&rarr;<\/span><\/a><\/p>\n","protected":false},"author":1,"featured_media":0,"parent":0,"menu_order":0,"comment_status":"open","ping_status":"open","template":"page-templates\/full-width.php","meta":{"om_disable_all_campaigns":false,"_monsterinsights_skip_tracking":false,"_monsterinsights_sitenote_active":false,"_monsterinsights_sitenote_note":"","_monsterinsights_sitenote_category":0,"footnotes":""},"class_list":["post-27","page","type-page","status-publish","hentry"],"aioseo_notices":[],"_links":{"self":[{"href":"https:\/\/mboudry.fr\/these\/wp-json\/wp\/v2\/pages\/27","targetHints":{"allow":["GET"]}}],"collection":[{"href":"https:\/\/mboudry.fr\/these\/wp-json\/wp\/v2\/pages"}],"about":[{"href":"https:\/\/mboudry.fr\/these\/wp-json\/wp\/v2\/types\/page"}],"author":[{"embeddable":true,"href":"https:\/\/mboudry.fr\/these\/wp-json\/wp\/v2\/users\/1"}],"replies":[{"embeddable":true,"href":"https:\/\/mboudry.fr\/these\/wp-json\/wp\/v2\/comments?post=27"}],"version-history":[{"count":1,"href":"https:\/\/mboudry.fr\/these\/wp-json\/wp\/v2\/pages\/27\/revisions"}],"predecessor-version":[{"id":862,"href":"https:\/\/mboudry.fr\/these\/wp-json\/wp\/v2\/pages\/27\/revisions\/862"}],"wp:attachment":[{"href":"https:\/\/mboudry.fr\/these\/wp-json\/wp\/v2\/media?parent=27"}],"curies":[{"name":"wp","href":"https:\/\/api.w.org\/{rel}","templated":true}]}}