{"id":43,"date":"2014-11-29T15:05:40","date_gmt":"2014-11-29T14:05:40","guid":{"rendered":"http:\/\/mboudry.wordpress.com\/?page_id=43"},"modified":"2025-04-17T17:07:35","modified_gmt":"2025-04-17T15:07:35","slug":"experimentation-du-sn13-discussion","status":"publish","type":"page","link":"https:\/\/mboudry.fr\/these\/experimentation-du-sn13\/experimentation-du-sn13-discussion\/","title":{"rendered":"Exp\u00e9rimentation du SN13 : Discussion"},"content":{"rendered":"<p>Notre exp\u00e9rimentation est limit\u00e9e : elle est r\u00e9alis\u00e9e statiquement au laboratoire, sur un nombre r\u00e9duit de cas.<\/p>\n<p>Nous pouvons cependant en tirer quelques conclusions :<\/p>\n<p style=\"padding-left: 40px;\">&#8211; \u00e0 la mise en tension, l&rsquo;ardillon en \u00ab\u00a0Y\u00a0\u00bb du SN 13 se positionne perpendiculairement \u00e0 l&rsquo;axe du tendon dans la pr\u00e9paration SN 13 \/ Tendon.<br \/>\nOn rem\u00e9die \u00e0 cette \u00e9volution en faisant p\u00e9n\u00e9trer l&rsquo;aiguille droite du SN 13, le plus perpendiculairement possible par rapport \u00e0 l&rsquo;axe de l&rsquo;extr\u00e9mit\u00e9 proximale du tendon.<br \/>\n&#8211; du point de vue m\u00e9canique, seul importe la rupture de la pr\u00e9paration SN 13 \/ Tendon.<br \/>\nCette rupture s&rsquo;effectue \u00e0 une tension inf\u00e9rieur \u00e0 celle qui entra\u00eene le dessertissage de l&rsquo;ensemble fil \/ ardillon en \u00ab\u00a0Y\u00a0\u00bb (2000 \u00e0 3500 grammes, 3400 grammes respectivement).<br \/>\nElle est cependant proche de la tension entra\u00eenant le dessertissage du plomb \u00e9cras\u00e9 (2950 grammes).<\/p>\n<p>Ainsi on peut dire que :<\/p>\n<p style=\"padding-left: 40px;\">&#8211; si le plomb d&rsquo;arr\u00eat distal du SN 13 est {{tr\u00e8s}} serr\u00e9 le l\u00e2chage par mis en tension brutale et excessive de la suture tendineuse entra\u00eenera :<\/p>\n<p style=\"padding-left: 80px;\">&#8211; soit un d\u00e9rapage de l&rsquo;ardillon en \u00ab\u00a0Y\u00a0\u00bb<br \/>\n&#8211; soit une rupture de la pr\u00e9paration SN 13 \/ Tendon, et, de ce fait, une d\u00e9chirure longitudinale du tendon tr\u00e8s pr\u00e9judiciable \u00e0 la reprise ult\u00e9rieure de cette suture.<\/p>\n<p style=\"padding-left: 40px;\">&#8211; si le plomb d&rsquo;arr\u00eat distal du SN 13 est <em>mod\u00e9r\u00e9ment serr\u00e9<\/em>, ce l\u00e2chage se fera par glissement du fil dans le plomb distal, n&rsquo;entra\u00eenant pas la rupture de la pr\u00e9paration SN 13 \/ Tendon et donc un traumatisme plus r\u00e9duit du tendon (d\u00e9chirure par les seuls points \u00e9pitendineux (cf <a href=\"https:\/\/mboudry.fr\/thesewp\/observations\/resultats\/\">notre cas de section des tendons fl\u00e9chisseurs en zone 5<\/a>)<\/p>\n<p>En r\u00e9sum\u00e9<strong> il semble pr\u00e9f\u00e9rable de ne pas trop serrer le plomb d&rsquo;arr\u00eat distal du SN 13 pour \u00e9viter la d\u00e9chirure longitudinale du tendon en cas de l\u00e2chage de la suture tendineuse par mise en tension brutale et excessive<\/strong>.<\/p>\n<p>Rapellons les exp\u00e9rimentations ant\u00e9rieures de PC SHAW (<a href=\"https:\/\/mboudry.fr\/thesewp\/wp-content\/uploads\/2014\/11\/biblio-78-86.png\">81<\/a>) qui, avec un Barb-Wire de construction diff\u00e9rente (multibarbel\u00e9) sur tendon fl\u00e9chisseur profond de cadavre, trouve des charges de rupture de sa pr\u00e9paration avoisinant 3100 grammes. Il a par ailleurs effectu\u00e9 des exp\u00e9rimentations in vivo.<\/p>\n<p>Nous lui empruntons ses remarques de fin de paragraphe \u00ab\u00a0exp\u00e9rimentation\u00a0\u00bb<\/p>\n<p><em>\u00ab\u00a0Une suture \u00e0 la PULVERTAFT \u00e0 deux brins d&rsquo;acier (40 Gauge) d\u00e9rape pour une tension de 2100 grammes sur un fl\u00e9chisseur profond humain\u00a0\u00bb<\/em><\/p>\n<p><em>\u00ab\u00a0Un fl\u00e9chisseur profond humain supporte des efforts maximum in vivo de l&rsquo;ordre de 1000 \u00e0 2000 grammes, a un tonus de repos de 80 \u00e0 160 grammes\u00a0\u00bb OMER et VOGEL (71) cit\u00e9s dans PC SHAW (81)\u00a0\u00bb<\/em><\/p>\n<p>Nous tenons \u00e0 signaler une \u00e9tude des Laboratoires ETHICON effectu\u00e9e par G. LAVARDE et J. BILWEIS (47), travail non encore publi\u00e9 sur le SN 13, qu&rsquo;il est facile d&rsquo;obtenir sur simple demande aupr\u00e8s des laboratoires.<\/p>\n<p>Nous reproduisons ici leurs conclusions :<\/p>\n<p><em>\u00ab\u00a0Sous r\u00e9serve d&rsquo;essais dynamom\u00e8triques compl\u00e9mentaires probants, on peut mettre \u00e0 l&rsquo;actif de la suture SN 13 :<\/em><br \/>\n<em>&#8211; un tr\u00e8s grande rapidit\u00e9 et facilt\u00e9 d&rsquo;\u00e9x\u00e9cution<\/em><br \/>\n<em>&#8211; une solidit\u00e9 de la suture au moins \u00e9gale \u00e0 celle d&rsquo;une suture classique, sous r\u00e9serve d&rsquo;exp\u00e9rimentation chez l&rsquo;animal et d&rsquo;essais cliniques<\/em><br \/>\n<em>&#8211; bonne tol\u00e9rance de l&rsquo;acier<\/em><br \/>\n<em>&#8211; cicatrisation de bonne qualit\u00e9<\/em><br \/>\n<em>&#8211; mobilisation plus pr\u00e9coce du segment bless\u00e9, en particulier au niveau des doigts\u00a0\u00bb.<\/em><\/p>\n<p><a title=\"Mat\u00e9riel similaire\" href=\"https:\/\/mboudry.fr\/thesewp\/materiel-similaire\/\">Page suivante<\/a><br \/>\n<a href=\"https:\/\/mboudry.fr\/thesewp\/experimentation-du-sn13\/resultats\/\">Page pr\u00e9c\u00e9dente<\/a><\/p>\n<p><a title=\"Plan\" href=\"https:\/\/mboudry.fr\/thesewp\/plan\/\">Plan<\/a><\/p>\n","protected":false},"excerpt":{"rendered":"<p>Notre exp\u00e9rimentation est limit\u00e9e : elle est r\u00e9alis\u00e9e statiquement au laboratoire, sur un nombre r\u00e9duit de cas. Nous pouvons cependant en tirer quelques conclusions : &#8211; \u00e0 la mise en tension, l&rsquo;ardillon en \u00ab\u00a0Y\u00a0\u00bb du SN 13 se positionne perpendiculairement \u00e0 l&rsquo;axe du tendon dans la pr\u00e9paration SN 13 \/ Tendon. On rem\u00e9die \u00e0 cette &hellip; <a href=\"https:\/\/mboudry.fr\/these\/experimentation-du-sn13\/experimentation-du-sn13-discussion\/\" class=\"more-link\">Continuer la lecture de <span class=\"screen-reader-text\">Exp\u00e9rimentation du SN13 : Discussion<\/span>  <span class=\"meta-nav\">&rarr;<\/span><\/a><\/p>\n","protected":false},"author":1,"featured_media":0,"parent":13,"menu_order":9,"comment_status":"open","ping_status":"open","template":"page-templates\/full-width.php","meta":{"om_disable_all_campaigns":false,"_monsterinsights_skip_tracking":false,"_monsterinsights_sitenote_active":false,"_monsterinsights_sitenote_note":"","_monsterinsights_sitenote_category":0,"footnotes":""},"class_list":["post-43","page","type-page","status-publish","hentry"],"aioseo_notices":[],"_links":{"self":[{"href":"https:\/\/mboudry.fr\/these\/wp-json\/wp\/v2\/pages\/43","targetHints":{"allow":["GET"]}}],"collection":[{"href":"https:\/\/mboudry.fr\/these\/wp-json\/wp\/v2\/pages"}],"about":[{"href":"https:\/\/mboudry.fr\/these\/wp-json\/wp\/v2\/types\/page"}],"author":[{"embeddable":true,"href":"https:\/\/mboudry.fr\/these\/wp-json\/wp\/v2\/users\/1"}],"replies":[{"embeddable":true,"href":"https:\/\/mboudry.fr\/these\/wp-json\/wp\/v2\/comments?post=43"}],"version-history":[{"count":1,"href":"https:\/\/mboudry.fr\/these\/wp-json\/wp\/v2\/pages\/43\/revisions"}],"predecessor-version":[{"id":839,"href":"https:\/\/mboudry.fr\/these\/wp-json\/wp\/v2\/pages\/43\/revisions\/839"}],"up":[{"embeddable":true,"href":"https:\/\/mboudry.fr\/these\/wp-json\/wp\/v2\/pages\/13"}],"wp:attachment":[{"href":"https:\/\/mboudry.fr\/these\/wp-json\/wp\/v2\/media?parent=43"}],"curies":[{"name":"wp","href":"https:\/\/api.w.org\/{rel}","templated":true}]}}