{"id":51,"date":"2014-11-29T15:08:11","date_gmt":"2014-11-29T14:08:11","guid":{"rendered":"http:\/\/mboudry.wordpress.com\/?page_id=51"},"modified":"2025-04-17T17:27:02","modified_gmt":"2025-04-17T15:27:02","slug":"observations-sn-13-generalites","status":"publish","type":"page","link":"https:\/\/mboudry.fr\/these\/observations\/observations-sn-13-generalites\/","title":{"rendered":"Observations SN 13 : G\u00e9n\u00e9ralit\u00e9s"},"content":{"rendered":"<p>Nous avons r\u00e9unis les observations des malades entr\u00e9s dans les <strong>Services chirurgicaux de l&rsquo;H\u00f4pital d&rsquo;Instruction des Arm\u00e9es Sainte Anne de TOULON<\/strong>, op\u00e9r\u00e9s de la main entre <strong>juin 1970<\/strong> et <strong>juin 1972<\/strong>, \u00e0 qui il a \u00e9t\u00e9 pos\u00e9 au moins un<strong> Barb-Wire : le SN 13 des laboratoires ETHICON<\/strong>.<\/p>\n<p>Au total <strong>46 malades<\/strong> pour cette p\u00e9riode de <strong>2 ann\u00e9es<\/strong>.<\/p>\n<p>Il se r\u00e9partissent en :<\/p>\n<ul>\n<li><strong>18<\/strong> malades pr\u00e9sentant des <strong>l\u00e9sions des tendons fl\u00e9chisseurs des doigts<\/strong><br \/>\n(38 sections tendineuses, <strong>29 poses de SN 13<\/strong>)<\/li>\n<li><strong>19<\/strong> malades pr\u00e9sentant des <strong>l\u00e9sions des tendons extenseurs des doigts<\/strong><br \/>\n(20 sections tendineuses, <strong>21 poses de SN 13<\/strong>)<\/li>\n<li><strong>9<\/strong> malades group\u00e9s en<strong> cas particuliers<\/strong><br \/>\n(<strong>9 poses de SN 13<\/strong>)<\/li>\n<\/ul>\n<p>Nous avons r\u00e9sum\u00e9 ces observations par les diff\u00e9rents tableaux joints.<\/p>\n<p>Que remarquons nous sur l&rsquo;ensemble de ces 46 malades, le recrutement de l&rsquo;H\u00f4pital Sainte Anne de TOULON s&rsquo;effectuant chez :<\/p>\n<ul>\n<li>Les Ouvriers des Arsenaux Maritimes,<\/li>\n<li>Les Militaires,<\/li>\n<li>Appel\u00e9s du contingent,<\/li>\n<li>Militaires de carri\u00e8re,<\/li>\n<li>Et leurs Familles ?<\/li>\n<\/ul>\n<p>Leur jeune \u00e2ge,<br \/>\nLeur pr\u00e9dominance masculine,<br \/>\nLeur m\u00e9tier essentiellement manuel,<br \/>\nLeur appartenance au milieu militaire.<\/p>\n<p>Ces malades particuliers expliquent les difficult\u00e9s rencontr\u00e9es dans l&rsquo;\u00e9valuation des r\u00e9sultats fonctionnels \u00e0 courte et moyenne distance. Les convocations et les rendez-vous des malades sont rest\u00e9s souvent sans r\u00e9ponse (fin d&rsquo;un service nationale, affectation \u00e9loign\u00e9e, d\u00e9m\u00e9nagement).<\/p>\n<p><strong>Le recrutement de l&rsquo;H\u00f4pital Sainte Anne\u00a0<\/strong> pour cette pathologie doit \u00eatre <strong>compar\u00e9 \u00e0 celui de l&rsquo;H\u00f4pital Bichat de PARIS<\/strong>, si l&rsquo;on se r\u00e9f\u00e8re aux statistiques de DUPARC (<a href=\"https:\/\/mboudry.fr\/thesewp\/wp-content\/uploads\/2014\/11\/biblio-24-32.png\">25<\/a>) : <strong>46 malades en 4 ans<\/strong>, <strong>18 malades en 2 ans<\/strong>, pour les <strong>plaies des tendons fl\u00e9chisseurs des doigts<\/strong>.<\/p>\n<p>Avant de revoir ces malades d&rsquo;une mani\u00e8re plus d\u00e9taill\u00e9e, nous allons envisager les principes g\u00e9n\u00e9raux de traitement appliqu\u00e9s.<\/p>\n<hr \/>\n<p>&nbsp;<\/p>\n<p><a title=\"Principes g\u00e9n\u00e9raux de traitement\" href=\"https:\/\/mboudry.fr\/thesewp\/materiel-similaire\/fil-de-nylon-multibarbele\/\">Page suivante<\/a><br \/>\n<a title=\"Observations\" href=\"https:\/\/mboudry.fr\/thesewp\/observations\/\">Page pr\u00e9c\u00e9dente<\/a><\/p>\n<p>Plan<\/p>\n","protected":false},"excerpt":{"rendered":"<p>Nous avons r\u00e9unis les observations des malades entr\u00e9s dans les Services chirurgicaux de l&rsquo;H\u00f4pital d&rsquo;Instruction des Arm\u00e9es Sainte Anne de TOULON, op\u00e9r\u00e9s de la main entre juin 1970 et juin 1972, \u00e0 qui il a \u00e9t\u00e9 pos\u00e9 au moins un Barb-Wire : le SN 13 des laboratoires ETHICON. Au total 46 malades pour cette p\u00e9riode &hellip; <a href=\"https:\/\/mboudry.fr\/these\/observations\/observations-sn-13-generalites\/\" class=\"more-link\">Continuer la lecture de <span class=\"screen-reader-text\">Observations SN 13 : G\u00e9n\u00e9ralit\u00e9s<\/span>  <span class=\"meta-nav\">&rarr;<\/span><\/a><\/p>\n","protected":false},"author":1,"featured_media":0,"parent":17,"menu_order":1,"comment_status":"open","ping_status":"closed","template":"page-templates\/full-width.php","meta":{"om_disable_all_campaigns":false,"_monsterinsights_skip_tracking":false,"_monsterinsights_sitenote_active":false,"_monsterinsights_sitenote_note":"","_monsterinsights_sitenote_category":0,"footnotes":""},"class_list":["post-51","page","type-page","status-publish","hentry"],"aioseo_notices":[],"_links":{"self":[{"href":"https:\/\/mboudry.fr\/these\/wp-json\/wp\/v2\/pages\/51","targetHints":{"allow":["GET"]}}],"collection":[{"href":"https:\/\/mboudry.fr\/these\/wp-json\/wp\/v2\/pages"}],"about":[{"href":"https:\/\/mboudry.fr\/these\/wp-json\/wp\/v2\/types\/page"}],"author":[{"embeddable":true,"href":"https:\/\/mboudry.fr\/these\/wp-json\/wp\/v2\/users\/1"}],"replies":[{"embeddable":true,"href":"https:\/\/mboudry.fr\/these\/wp-json\/wp\/v2\/comments?post=51"}],"version-history":[{"count":1,"href":"https:\/\/mboudry.fr\/these\/wp-json\/wp\/v2\/pages\/51\/revisions"}],"predecessor-version":[{"id":854,"href":"https:\/\/mboudry.fr\/these\/wp-json\/wp\/v2\/pages\/51\/revisions\/854"}],"up":[{"embeddable":true,"href":"https:\/\/mboudry.fr\/these\/wp-json\/wp\/v2\/pages\/17"}],"wp:attachment":[{"href":"https:\/\/mboudry.fr\/these\/wp-json\/wp\/v2\/media?parent=51"}],"curies":[{"name":"wp","href":"https:\/\/api.w.org\/{rel}","templated":true}]}}