{"id":590,"date":"2024-04-06T14:06:19","date_gmt":"2024-04-06T14:06:19","guid":{"rendered":"https:\/\/mboudry.fr\/thesewp\/?page_id=590"},"modified":"2025-04-17T17:24:13","modified_gmt":"2025-04-17T15:24:13","slug":"materiels-similaires-generalites","status":"publish","type":"page","link":"https:\/\/mboudry.fr\/these\/materiel-similaire\/materiels-similaires-generalites\/","title":{"rendered":"Mat\u00e9riels similaires : G\u00e9n\u00e9ralit\u00e9s"},"content":{"rendered":"<p>\u00c0 la lecture de la litt\u00e9rature r\u00e9cente, nous n&rsquo;avons d\u00e9couvert que<\/p>\n<p>deux proc\u00e9d\u00e9s de suture tendineuse dont la conception se rapproche de celle du Barb-Wire de JENNINGS.<\/p>\n<p>Nous les envisagerons en respectant l&rsquo;ordre\u00a0 chronologique de description<\/p>\n<p style=\"padding-left: 40px;\"><a title=\"Fil de nylon multibarbel\u00e9\" href=\"https:\/\/mboudry.fr\/thesewp\/materiel-similaire\/fil-de-nylon-multibarbele\/\">Le fil nylon barbel\u00e9<\/a><\/p>\n<p style=\"padding-left: 40px;\"><a title=\"Fil d\u2019acier multibarbel\u00e9\" href=\"https:\/\/mboudry.fr\/thesewp\/materiel-similaire\/fil-dacier-multibarbele\/\">Le fil d&rsquo;acier multibarbel\u00e9<\/a><\/p>\n<p><a title=\"Fil de nylon multibarbel\u00e9\" href=\"https:\/\/mboudry.fr\/thesewp\/materiel-similaire\/fil-de-nylon-multibarbele\/\">Page suivante<\/a><br \/>\n<a title=\"Exp\u00e9rimentation du SN13 : Discussion\" href=\"https:\/\/mboudry.fr\/thesewp\/experimentation-du-sn13\/experimentation-du-sn13-discussion\/\">Page pr\u00e9c\u00e9dente<\/a><\/p>\n<p><a title=\"Plan\" href=\"https:\/\/mboudry.fr\/thesewp\/plan\/\">Plan<\/a><\/p>\n","protected":false},"excerpt":{"rendered":"<p>\u00c0 la lecture de la litt\u00e9rature r\u00e9cente, nous n&rsquo;avons d\u00e9couvert que deux proc\u00e9d\u00e9s de suture tendineuse dont la conception se rapproche de celle du Barb-Wire de JENNINGS. Nous les envisagerons en respectant l&rsquo;ordre\u00a0 chronologique de description Le fil nylon barbel\u00e9 Le fil d&rsquo;acier multibarbel\u00e9 Page suivante Page pr\u00e9c\u00e9dente Plan<\/p>\n","protected":false},"author":1,"featured_media":0,"parent":15,"menu_order":1,"comment_status":"closed","ping_status":"closed","template":"page-templates\/full-width.php","meta":{"om_disable_all_campaigns":false,"_monsterinsights_skip_tracking":false,"_monsterinsights_sitenote_active":false,"_monsterinsights_sitenote_note":"","_monsterinsights_sitenote_category":0,"footnotes":""},"class_list":["post-590","page","type-page","status-publish","hentry"],"aioseo_notices":[],"_links":{"self":[{"href":"https:\/\/mboudry.fr\/these\/wp-json\/wp\/v2\/pages\/590","targetHints":{"allow":["GET"]}}],"collection":[{"href":"https:\/\/mboudry.fr\/these\/wp-json\/wp\/v2\/pages"}],"about":[{"href":"https:\/\/mboudry.fr\/these\/wp-json\/wp\/v2\/types\/page"}],"author":[{"embeddable":true,"href":"https:\/\/mboudry.fr\/these\/wp-json\/wp\/v2\/users\/1"}],"replies":[{"embeddable":true,"href":"https:\/\/mboudry.fr\/these\/wp-json\/wp\/v2\/comments?post=590"}],"version-history":[{"count":1,"href":"https:\/\/mboudry.fr\/these\/wp-json\/wp\/v2\/pages\/590\/revisions"}],"predecessor-version":[{"id":841,"href":"https:\/\/mboudry.fr\/these\/wp-json\/wp\/v2\/pages\/590\/revisions\/841"}],"up":[{"embeddable":true,"href":"https:\/\/mboudry.fr\/these\/wp-json\/wp\/v2\/pages\/15"}],"wp:attachment":[{"href":"https:\/\/mboudry.fr\/these\/wp-json\/wp\/v2\/media?parent=590"}],"curies":[{"name":"wp","href":"https:\/\/api.w.org\/{rel}","templated":true}]}}