{"id":60,"date":"2014-11-29T15:10:37","date_gmt":"2014-11-29T14:10:37","guid":{"rendered":"http:\/\/mboudry.wordpress.com\/?page_id=60"},"modified":"2025-04-17T17:29:34","modified_gmt":"2025-04-17T15:29:34","slug":"resultats","status":"publish","type":"page","link":"https:\/\/mboudry.fr\/these\/observations\/resultats\/","title":{"rendered":"R\u00e9sultats"},"content":{"rendered":"<table border=\"1\" width=\"530\" cellspacing=\"1\" cellpadding=\"1\">\n<caption>\n<h2><strong>Fl\u00e9chisseurs des doigts (suture primaire)<\/strong><\/h2>\n<\/caption>\n<tbody>\n<tr>\n<td style=\"text-align: center; vertical-align: middle; background-color: #eeeeee;\"><strong>Localisation<\/strong><\/td>\n<td style=\"text-align: center; vertical-align: middle; background-color: #eeeeee;\"><strong>Malades<\/strong><\/td>\n<td style=\"text-align: center; vertical-align: middle; background-color: #eeeeee;\"><strong>Pose SN13<br \/>\n<\/strong><\/td>\n<td style=\"text-align: center; vertical-align: middle; background-color: #eeeeee;\"><strong>R\u00e9sultats<\/strong><\/td>\n<\/tr>\n<tr>\n<td style=\"text-align: center;\">Zone 7<\/td>\n<td style=\"text-align: center;\">3<\/td>\n<td style=\"text-align: center;\">14<\/td>\n<td style=\"text-align: left;\">&#8211; 2 Tr\u00e8s bons (d&#8217;embl\u00e9e)<br \/>\n&#8211; 1 Tr\u00e8s bon (Apr\u00e8s t\u00e9nolyse)<\/td>\n<\/tr>\n<tr>\n<td style=\"text-align: center;\">Zone 5<\/td>\n<td style=\"text-align: center;\">1<\/td>\n<td style=\"text-align: center;\">1<\/td>\n<td style=\"text-align: left;\">&#8211; 1 Bonne \u00e9volution<br \/>\n(Non revu)<\/td>\n<\/tr>\n<tr>\n<td style=\"text-align: center;\">Zone 2<\/td>\n<td style=\"text-align: center;\">7<\/td>\n<td style=\"text-align: center;\">7<\/td>\n<td style=\"text-align: left;\">\u00a0-3 Tr\u00e8s bons (Barb-wire + Verdan),<br \/>\n&#8211; 1 Bon (Barb-wire + Verdan)<br \/>\n&#8211; 2 Mauvais (T\u00e9nolyse envisag\u00e9e)<br \/>\n-1 Non revu \u00e0 distance<\/td>\n<\/tr>\n<tr>\n<td style=\"text-align: center;\">Zone 1<\/td>\n<td style=\"text-align: center;\">2<\/td>\n<td style=\"text-align: center;\">2<\/td>\n<td style=\"text-align: left;\">\u00a0&#8211; 2 Tr\u00e8s bons<\/td>\n<\/tr>\n<tr>\n<td style=\"text-align: center;\">TOTAL<\/td>\n<td style=\"text-align: center;\">13 malades<\/td>\n<td style=\"text-align: center;\">24 poses<\/td>\n<td style=\"text-align: left;\">\u00a0&#8211; 6 Tr\u00e8s bons r\u00e9sultats<br \/>\n-2\u00a0 Bons r\u00e9sultats<br \/>\n-2 Mauvais r\u00e9sultats<br \/>\n-1 Non revu<\/td>\n<\/tr>\n<\/tbody>\n<\/table>\n<hr \/>\n<table border=\"1\" width=\"530\" cellspacing=\"1\" cellpadding=\"1\">\n<caption>\n<h2><strong>Fl\u00e9chisseurs du pouce (suture primaire)<br \/>\n<\/strong><\/h2>\n<\/caption>\n<tbody>\n<tr>\n<td style=\"text-align: center; vertical-align: middle; background-color: #eeeeee;\"><strong>Localisation<\/strong><\/td>\n<td style=\"text-align: center; vertical-align: middle; background-color: #eeeeee;\"><strong>Malades<\/strong><\/td>\n<td style=\"text-align: center; vertical-align: middle; background-color: #eeeeee;\"><strong>Pose SN13<br \/>\n<\/strong><\/td>\n<td style=\"text-align: center; vertical-align: middle; background-color: #eeeeee;\"><strong>R\u00e9sultats<\/strong><\/td>\n<\/tr>\n<tr>\n<td style=\"text-align: center;\">Zone 3<\/td>\n<td style=\"text-align: center;\">4<\/td>\n<td style=\"text-align: center;\">4<\/td>\n<td style=\"text-align: left;\">\u00a0&#8211; 2 Tr\u00e8s bons (Barb-wire + Verdan),<br \/>\n&#8211; 1 Moyen (T\u00e9nolyse envisag\u00e9e),<br \/>\n&#8211; 1 Non revu<\/td>\n<\/tr>\n<tr>\n<td style=\"text-align: center;\">Zone 1<\/td>\n<td style=\"text-align: center;\">1<\/td>\n<td style=\"text-align: center;\">1<\/td>\n<td>&#8211; 3 Tr\u00e8s bons<\/td>\n<\/tr>\n<tr>\n<td style=\"text-align: center;\">TOTAL<\/td>\n<td style=\"text-align: center;\">5 malades<\/td>\n<td style=\"text-align: center;\">5 poses<\/td>\n<td style=\"text-align: left;\">\u00a0&#8211; 2 Tr\u00e8s bons r\u00e9sultats<br \/>\n&#8211; 1\u00a0 Moyen<br \/>\n-1 Non revu<\/td>\n<\/tr>\n<\/tbody>\n<\/table>\n<hr \/>\n<table border=\"1\" width=\"530\" cellspacing=\"1\" cellpadding=\"1\">\n<caption>\n<h2><strong>Extenseurs des doigts (suture primaire)<br \/>\n<\/strong><\/h2>\n<\/caption>\n<tbody>\n<tr>\n<td style=\"text-align: center; vertical-align: middle; background-color: #eeeeee;\"><strong>Localisation<\/strong><\/td>\n<td style=\"text-align: center; vertical-align: middle; background-color: #eeeeee;\"><strong>Malades<\/strong><\/td>\n<td style=\"text-align: center; vertical-align: middle; background-color: #eeeeee;\"><strong>Pose SN13<br \/>\n<\/strong><\/td>\n<td style=\"text-align: center; vertical-align: middle; background-color: #eeeeee;\"><strong>R\u00e9sultats<\/strong><\/td>\n<\/tr>\n<tr>\n<td style=\"text-align: center;\">Phalange<br \/>\n\u00ab\u00a0Mallet\u00a0\u00bb<\/td>\n<td style=\"text-align: center;\">9<\/td>\n<td style=\"text-align: center;\">9<\/td>\n<td style=\"text-align: left;\">&#8211; 2 Tr\u00e8s bons<br \/>\n&#8211; 5 Bons<br \/>\n&#8211; 2 Mauvais<br \/>\n&#8211; 1 Non revu<\/td>\n<\/tr>\n<tr>\n<td style=\"text-align: center;\">Phalange<br \/>\n\u00ab\u00a0Boutonni\u00e8re\u00a0\u00bb<\/td>\n<td style=\"text-align: center;\">4<\/td>\n<td style=\"text-align: center;\">4<\/td>\n<td style=\"text-align: left;\">&#8211; 3 Tr\u00e8s bons<br \/>\n&#8211; 1 Bons<\/td>\n<\/tr>\n<tr>\n<td style=\"text-align: center;\">M\u00e9tacarpe<br \/>\nPhalange<\/td>\n<td style=\"text-align: center;\">1<\/td>\n<td style=\"text-align: center;\">1<\/td>\n<td style=\"text-align: left;\">\u00a0-1 Tr\u00e8s bons<\/td>\n<\/tr>\n<tr>\n<td style=\"text-align: center;\">M\u00e9tacarpe<\/td>\n<td style=\"text-align: center;\">2<\/td>\n<td style=\"text-align: center;\">2<\/td>\n<td style=\"text-align: left;\">\u00a0&#8211; 1 Bons<br \/>\n&#8211; 1 Non revu<\/td>\n<\/tr>\n<tr>\n<td style=\"text-align: center;\">TOTAL<\/td>\n<td style=\"text-align: center;\">16<br \/>\nmalades<\/td>\n<td style=\"text-align: center;\">16<br \/>\nposes<\/td>\n<td style=\"text-align: left;\">\u00a0&#8211; 6 Tr\u00e8s bons r\u00e9sultats<br \/>\n&#8211; 6 Bons r\u00e9sultats<br \/>\n&#8211; 2 Mauvais r\u00e9sultats<br \/>\n&#8211; 2 Non revus<\/td>\n<\/tr>\n<\/tbody>\n<\/table>\n<hr \/>\n<table border=\"1\" width=\"530\" cellspacing=\"1\" cellpadding=\"1\">\n<caption>\n<h2><strong>Extenseurs du pouce (suture primaire)<br \/>\n<\/strong><\/h2>\n<\/caption>\n<tbody>\n<tr>\n<td style=\"text-align: center; vertical-align: middle; background-color: #eeeeee;\"><strong>Localisation<\/strong><\/td>\n<td style=\"text-align: center; vertical-align: middle; background-color: #eeeeee;\"><strong>Malades<\/strong><\/td>\n<td style=\"text-align: center; vertical-align: middle; background-color: #eeeeee;\"><strong>Pose SN13<br \/>\n<\/strong><\/td>\n<td style=\"text-align: center; vertical-align: middle; background-color: #eeeeee;\"><strong>R\u00e9sultats<\/strong><\/td>\n<\/tr>\n<tr>\n<td style=\"text-align: center;\">M\u00e9tacarpe<br \/>\nPhalange<\/td>\n<td style=\"text-align: center;\">2<\/td>\n<td style=\"text-align: center;\">14<\/td>\n<td style=\"text-align: left;\">&#8211; 2 Tr\u00e8s bons (d&#8217;embl\u00e9e)<br \/>\n&#8211; 1 Tr\u00e8s bon (Apr\u00e8s t\u00e9nolyse)<\/td>\n<\/tr>\n<tr>\n<td style=\"text-align: center;\">Carpe<\/td>\n<td style=\"text-align: center;\">1<\/td>\n<td style=\"text-align: center;\">1<\/td>\n<td style=\"text-align: left;\">&#8211; 1 Bonne \u00e9volution<br \/>\n(Non revu)<\/td>\n<\/tr>\n<tr>\n<td style=\"text-align: center;\">TOTAL<\/td>\n<td style=\"text-align: center;\">3 malades<\/td>\n<td style=\"text-align: center;\">3 poses<\/td>\n<td style=\"text-align: left;\">\u00a0&#8211; 2 Tr\u00e8s bons r\u00e9sultats<br \/>\n&#8211; 1\u00a0 Moyen r\u00e9sultats<\/td>\n<\/tr>\n<\/tbody>\n<\/table>\n<hr \/>\n<table border=\"1\" width=\"530\" cellspacing=\"1\" cellpadding=\"1\">\n<caption>\n<h2><strong>Cas particuliers <\/strong><strong>(suture primaire)<\/strong><\/h2>\n<\/caption>\n<tbody>\n<tr>\n<td style=\"text-align: center; vertical-align: middle; background-color: #eeeeee;\"><strong>Type<\/strong><\/td>\n<td style=\"text-align: center; vertical-align: middle; background-color: #eeeeee;\"><strong>Malades<\/strong><\/td>\n<td style=\"text-align: center; vertical-align: middle; background-color: #eeeeee;\"><strong>Pose SN13<br \/>\n<\/strong><\/td>\n<td style=\"text-align: center; vertical-align: middle; background-color: #eeeeee;\"><strong>R\u00e9sultats<\/strong><\/td>\n<\/tr>\n<tr>\n<td style=\"text-align: center;\">Ost\u00e9osynth\u00e8ses<\/td>\n<td style=\"text-align: center;\">2<\/td>\n<td style=\"text-align: center;\">2<\/td>\n<td style=\"text-align: left;\">&#8211; 1 Tr\u00e8s bon<br \/>\n&#8211; 1 Bon<\/td>\n<\/tr>\n<tr>\n<td style=\"text-align: center;\">R\u00e9insertions<br \/>\nMusculaire<\/td>\n<td style=\"text-align: center;\">2<\/td>\n<td style=\"text-align: center;\">2<\/td>\n<td style=\"text-align: left;\">&#8211; 2 Tr\u00e8s bons<\/td>\n<\/tr>\n<tr>\n<td style=\"text-align: center;\">R\u00e9insertions<br \/>\nTendineuses<\/td>\n<td style=\"text-align: center;\">1<\/td>\n<td style=\"text-align: center;\">1<\/td>\n<td style=\"text-align: left;\">&#8211; 1 Bon<\/td>\n<\/tr>\n<tr>\n<td style=\"text-align: center;\">R\u00e9insertions<br \/>\nLigamentaires<\/td>\n<td style=\"text-align: center;\">3<\/td>\n<td style=\"text-align: center;\">3<\/td>\n<td style=\"text-align: left;\">&#8211; 1 Tr\u00e8s bon<br \/>\n&#8211; 2 Bons<\/td>\n<\/tr>\n<tr>\n<td style=\"text-align: center;\">Greffe<\/td>\n<td style=\"text-align: center;\">1<\/td>\n<td style=\"text-align: center;\">1<\/td>\n<td style=\"text-align: left;\">&#8211; 1 Moyen<\/td>\n<\/tr>\n<tr>\n<td style=\"text-align: center;\">TOTAL<\/td>\n<td style=\"text-align: center;\">9 malades<\/td>\n<td style=\"text-align: center;\">9 poses<\/td>\n<td style=\"text-align: left;\">\u00a0&#8211; 4 Tr\u00e8s bons r\u00e9sultats<br \/>\n&#8211; 4 Bons r\u00e9sultats<br \/>\n&#8211; 1\u00a0 Moyen r\u00e9sultats<\/td>\n<\/tr>\n<\/tbody>\n<\/table>\n<hr \/>\n<p>&nbsp;<\/p>\n<h3>Entre <strong>Juin 1970<\/strong> et <strong>Juin 1972<\/strong>,<br \/>\nles <strong>46 malades<\/strong> ayant re\u00e7u un <strong>Barb-Wire<\/strong><br \/>\n\u00e0 l&rsquo;<strong>H\u00f4pital d&rsquo;Instruction des Arm\u00e9es SAINTE ANNE \u00e0 TOULON<\/strong>,<br \/>\nrepr\u00e9sentent : <strong>58 poses de SN 13<\/strong><br \/>\ndes laboratoires ETHICON<\/h3>\n<p>&#8212;&#8211;<\/p>\n<p><a title=\"Observations cliniques : Discussion\" href=\"https:\/\/mboudry.fr\/thesewp\/observations\/observations-cliniques-discussion\/\">Page suivante<\/a><br \/>\n<a title=\"Observations Cas particuliers\" href=\"https:\/\/mboudry.fr\/thesewp\/observations\/observations-cas-particuliers\/\">Page pr\u00e9c\u00e9dente<\/a><\/p>\n<p><a title=\"Plan\" href=\"https:\/\/mboudry.fr\/thesewp\/plan\/\">Plan<\/a><\/p>\n","protected":false},"excerpt":{"rendered":"<p>Fl\u00e9chisseurs des doigts (suture primaire) Localisation Malades Pose SN13 R\u00e9sultats Zone 7 3 14 &#8211; 2 Tr\u00e8s bons (d&#8217;embl\u00e9e) &#8211; 1 Tr\u00e8s bon (Apr\u00e8s t\u00e9nolyse) Zone 5 1 1 &#8211; 1 Bonne \u00e9volution (Non revu) Zone 2 7 7 \u00a0-3 Tr\u00e8s bons (Barb-wire + Verdan), &#8211; 1 Bon (Barb-wire + Verdan) &#8211; 2 Mauvais (T\u00e9nolyse &hellip; <a href=\"https:\/\/mboudry.fr\/these\/observations\/resultats\/\" class=\"more-link\">Continuer la lecture de <span class=\"screen-reader-text\">R\u00e9sultats<\/span>  <span class=\"meta-nav\">&rarr;<\/span><\/a><\/p>\n","protected":false},"author":1,"featured_media":0,"parent":17,"menu_order":13,"comment_status":"open","ping_status":"open","template":"page-templates\/full-width.php","meta":{"om_disable_all_campaigns":false,"_monsterinsights_skip_tracking":false,"_monsterinsights_sitenote_active":false,"_monsterinsights_sitenote_note":"","_monsterinsights_sitenote_category":0,"footnotes":""},"class_list":["post-60","page","type-page","status-publish","hentry"],"aioseo_notices":[],"_links":{"self":[{"href":"https:\/\/mboudry.fr\/these\/wp-json\/wp\/v2\/pages\/60","targetHints":{"allow":["GET"]}}],"collection":[{"href":"https:\/\/mboudry.fr\/these\/wp-json\/wp\/v2\/pages"}],"about":[{"href":"https:\/\/mboudry.fr\/these\/wp-json\/wp\/v2\/types\/page"}],"author":[{"embeddable":true,"href":"https:\/\/mboudry.fr\/these\/wp-json\/wp\/v2\/users\/1"}],"replies":[{"embeddable":true,"href":"https:\/\/mboudry.fr\/these\/wp-json\/wp\/v2\/comments?post=60"}],"version-history":[{"count":1,"href":"https:\/\/mboudry.fr\/these\/wp-json\/wp\/v2\/pages\/60\/revisions"}],"predecessor-version":[{"id":859,"href":"https:\/\/mboudry.fr\/these\/wp-json\/wp\/v2\/pages\/60\/revisions\/859"}],"up":[{"embeddable":true,"href":"https:\/\/mboudry.fr\/these\/wp-json\/wp\/v2\/pages\/17"}],"wp:attachment":[{"href":"https:\/\/mboudry.fr\/these\/wp-json\/wp\/v2\/media?parent=60"}],"curies":[{"name":"wp","href":"https:\/\/api.w.org\/{rel}","templated":true}]}}