{"id":7,"date":"2014-11-29T14:54:25","date_gmt":"2014-11-29T13:54:25","guid":{"rendered":"http:\/\/mboudry.wordpress.com\/?page_id=7"},"modified":"2025-04-17T17:15:32","modified_gmt":"2025-04-17T15:15:32","slug":"iconographie","status":"publish","type":"page","link":"https:\/\/mboudry.fr\/these\/iconographie\/","title":{"rendered":"Iconographie"},"content":{"rendered":"<p><a title=\"G\u00e9n\u00e9ralit\u00e9s\" href=\"https:\/\/mboudry.fr\/thesewp\/iconographie\/iconographie-generalites\/\"><strong>G\u00e9n\u00e9ralit\u00e9s<\/strong><\/a><br \/>\n<a title=\"Prise de vues\" href=\"https:\/\/mboudry.fr\/thesewp\/iconographie\/prise-de-vues\/\"><strong>Prise de vue<\/strong><\/a><br \/>\n<a title=\"D\u00e9veloppements Tirages\" href=\"https:\/\/mboudry.fr\/thesewp\/iconographie\/developpements-tirages\/\"><strong>D\u00e9veloppement Tirage<\/strong><\/a><br \/>\n<a title=\"Iconographie : Conclusion\" href=\"https:\/\/mboudry.fr\/thesewp\/iconographie\/iconographie-conclusion\/\"><strong>Conclusion<\/strong><\/a><\/p>\n<hr \/>\n<p>&nbsp;<\/p>\n<p><a title=\"Iconographie : G\u00e9n\u00e9ralit\u00e9s\" href=\"https:\/\/mboudry.fr\/thesewp\/iconographie\/iconographie-generalites\/\">Page suivante<\/a><br \/>\n<a title=\"Iconographie\" href=\"https:\/\/mboudry.fr\/thesewp\/introduction\/historique\/\">Page pr\u00e9c\u00e9dente<\/a><\/p>\n<p><a title=\"Plan\" href=\"https:\/\/mboudry.fr\/thesewp\/plan\/\">Plan du document<\/a><\/p>\n","protected":false},"excerpt":{"rendered":"<p>G\u00e9n\u00e9ralit\u00e9s Prise de vue D\u00e9veloppement Tirage Conclusion &nbsp; Page suivante Page pr\u00e9c\u00e9dente Plan du document<\/p>\n","protected":false},"author":1,"featured_media":0,"parent":0,"menu_order":0,"comment_status":"open","ping_status":"open","template":"page-templates\/full-width.php","meta":{"om_disable_all_campaigns":false,"_monsterinsights_skip_tracking":false,"_monsterinsights_sitenote_active":false,"_monsterinsights_sitenote_note":"","_monsterinsights_sitenote_category":0,"footnotes":""},"class_list":["post-7","page","type-page","status-publish","hentry"],"aioseo_notices":[],"_links":{"self":[{"href":"https:\/\/mboudry.fr\/these\/wp-json\/wp\/v2\/pages\/7","targetHints":{"allow":["GET"]}}],"collection":[{"href":"https:\/\/mboudry.fr\/these\/wp-json\/wp\/v2\/pages"}],"about":[{"href":"https:\/\/mboudry.fr\/these\/wp-json\/wp\/v2\/types\/page"}],"author":[{"embeddable":true,"href":"https:\/\/mboudry.fr\/these\/wp-json\/wp\/v2\/users\/1"}],"replies":[{"embeddable":true,"href":"https:\/\/mboudry.fr\/these\/wp-json\/wp\/v2\/comments?post=7"}],"version-history":[{"count":1,"href":"https:\/\/mboudry.fr\/these\/wp-json\/wp\/v2\/pages\/7\/revisions"}],"predecessor-version":[{"id":845,"href":"https:\/\/mboudry.fr\/these\/wp-json\/wp\/v2\/pages\/7\/revisions\/845"}],"wp:attachment":[{"href":"https:\/\/mboudry.fr\/these\/wp-json\/wp\/v2\/media?parent=7"}],"curies":[{"name":"wp","href":"https:\/\/api.w.org\/{rel}","templated":true}]}}