{"id":71,"date":"2014-11-29T15:16:49","date_gmt":"2014-11-29T14:16:49","guid":{"rendered":"http:\/\/mboudry.wordpress.com\/?page_id=71"},"modified":"2025-12-30T16:19:07","modified_gmt":"2025-12-30T15:19:07","slug":"these-conclusion","status":"publish","type":"page","link":"https:\/\/mboudry.fr\/these\/these-conclusion\/","title":{"rendered":"Th\u00e8se : Conclusion"},"content":{"rendered":"<p>La Barb-Wire de JENNINGS, mis au point en 1951 \u00e0 BALTIMORE (E.U.) a suscit\u00e9 peu de publications bien qu&rsquo;il semble connu de beaucoup de Chirurgiens de la Main en France.<\/p>\n<p>Nous avons pr\u00e9sent\u00e9 ce nouveau mat\u00e9riel de suture apr\u00e8s une revue des diff\u00e9rentes publications le concernant.Envisageant le seul Barb-Wire commercialis\u00e9 en France, nous avons vu successivement sa description technique, son mode d&#8217;emploi. Une \u00e9tude exp\u00e9rimentale de ce m\u00eame Barb-Wire au laboratoire a \u00e9t\u00e9 r\u00e9alis\u00e9e et ajout\u00e9e aux donn\u00e9es du laboratoire de commercialisation. Ce Barb-Wire d\u00e9fini, nous l&rsquo;avons compar\u00e9 aux mat\u00e9riels de conception identique : les fils de suture barbel\u00e9s.<\/p>\n<p>Colligeant les diff\u00e9rentes observations d&rsquo;<strong>application clinique<\/strong> du <strong>Barb-Wire<\/strong> entre <strong>juin 1970<\/strong> et <strong>juin 1972<\/strong> de l&rsquo;<strong>H\u00f4pital d&rsquo;Instruction des Arm\u00e9es Sainte Anne de TOULON<\/strong>, nous avons, pour ces <strong>46 malades<\/strong> repr\u00e9sentant <strong>58 poses de Barb-Wire<\/strong> ( 29 poses pour l\u00e9sions des <strong>tendons fl\u00e9chisseurs des doigts<\/strong>, 20 poses pour l\u00e9sions des <strong>tendons extenseurs des doigts<\/strong> et 9 poses pour des <strong>cas particuliers<\/strong>), soumis les r\u00e9sultats de ces applications en d\u00e9gageant <strong>avantages et inconv\u00e9nients de ce mat\u00e9riel<\/strong>.<\/p>\n<p>Ainsi nous pouvons dire en conclusion\u00a0 que les qualit\u00e9s du Barb-Wire de JENNINGS en chirurgie de la main sont :<br \/>\n<strong>&#8211; mat\u00e9riel solide, amovible,efficace<\/strong><br \/>\n<strong>&#8211; d&#8217;emploi simple et rapide<\/strong><br \/>\n<strong>&#8211; surpassant semble-t-il ses concurrents dans la suture tendineuse<\/strong><br \/>\n<strong>&#8211; donnant des r\u00e9sultats tr\u00e8s satisfaisants dans ses diff\u00e9rentes applications cliniques<\/strong><br \/>\n<strong>&#8211; contrastent avec le peu de publications rendant compte de ses applications<\/strong><\/p>\n<p>Nous souhaitons que ce travail participe \u00e0 sa promotion, pour, nous en sommes convaincus, le plus grand bien des malades.<\/p>\n<p><a title=\"Bibliographie\" href=\"https:\/\/mboudry.fr\/thesewp\/bibliographie\/\">Page suivante<\/a><br \/>\n<a title=\"Th\u00e8se : Discussion\" href=\"https:\/\/mboudry.fr\/thesewp\/these-conclusion\/\">Page pr\u00e9c\u00e9dente<\/a><\/p>\n<p><a href=\"https:\/\/mboudry.fr\/thesewp\/plan\/\">Plan<\/a><\/p>\n","protected":false},"excerpt":{"rendered":"<p>La Barb-Wire de JENNINGS, mis au point en 1951 \u00e0 BALTIMORE (E.U.) a suscit\u00e9 peu de publications bien qu&rsquo;il semble connu de beaucoup de Chirurgiens de la Main en France. Nous avons pr\u00e9sent\u00e9 ce nouveau mat\u00e9riel de suture apr\u00e8s une revue des diff\u00e9rentes publications le concernant.Envisageant le seul Barb-Wire commercialis\u00e9 en France, nous avons vu &hellip; <a href=\"https:\/\/mboudry.fr\/these\/these-conclusion\/\" class=\"more-link\">Continuer la lecture de <span class=\"screen-reader-text\">Th\u00e8se : Conclusion<\/span>  <span class=\"meta-nav\">&rarr;<\/span><\/a><\/p>\n","protected":false},"author":1,"featured_media":0,"parent":0,"menu_order":0,"comment_status":"open","ping_status":"open","template":"page-templates\/full-width.php","meta":{"om_disable_all_campaigns":false,"_monsterinsights_skip_tracking":false,"_monsterinsights_sitenote_active":false,"_monsterinsights_sitenote_note":"","_monsterinsights_sitenote_category":0,"footnotes":""},"class_list":["post-71","page","type-page","status-publish","hentry"],"aioseo_notices":[],"_links":{"self":[{"href":"https:\/\/mboudry.fr\/these\/wp-json\/wp\/v2\/pages\/71","targetHints":{"allow":["GET"]}}],"collection":[{"href":"https:\/\/mboudry.fr\/these\/wp-json\/wp\/v2\/pages"}],"about":[{"href":"https:\/\/mboudry.fr\/these\/wp-json\/wp\/v2\/types\/page"}],"author":[{"embeddable":true,"href":"https:\/\/mboudry.fr\/these\/wp-json\/wp\/v2\/users\/1"}],"replies":[{"embeddable":true,"href":"https:\/\/mboudry.fr\/these\/wp-json\/wp\/v2\/comments?post=71"}],"version-history":[{"count":1,"href":"https:\/\/mboudry.fr\/these\/wp-json\/wp\/v2\/pages\/71\/revisions"}],"predecessor-version":[{"id":851,"href":"https:\/\/mboudry.fr\/these\/wp-json\/wp\/v2\/pages\/71\/revisions\/851"}],"wp:attachment":[{"href":"https:\/\/mboudry.fr\/these\/wp-json\/wp\/v2\/media?parent=71"}],"curies":[{"name":"wp","href":"https:\/\/api.w.org\/{rel}","templated":true}]}}