{"id":73,"date":"2014-11-29T15:17:24","date_gmt":"2014-11-29T14:17:24","guid":{"rendered":"http:\/\/mboudry.wordpress.com\/?page_id=73"},"modified":"2025-04-17T17:13:28","modified_gmt":"2025-04-17T15:13:28","slug":"historique","status":"publish","type":"page","link":"https:\/\/mboudry.fr\/these\/introduction\/historique\/","title":{"rendered":"Historique"},"content":{"rendered":"<p>En 1951, dans un Rapport Pr\u00e9liminaire paru dans le \u00ab\u00a0Bulletin Universitaire de l&rsquo;\u00c9cole de M\u00e9decine du Maryland\u00a0\u00bb BALTIMORE (E.U.) (51) puis en 1952 dans \u00ab\u00a0Surgery Gynecology and Obstetrics\u00a0\u00bb (41) (42) JENNINGS et Coll. ont les premiers d\u00e9crit une nouvelle technique de suture tendineuse employant un fil d&rsquo;acier avec harpon, de construction particuli\u00e8re.<\/p>\n<p>Ce fil d&rsquo;acier avec harpon ou Barb-Wire, dont la paternit\u00e9, selon JENNINGS, revient au Dr FRITZ LENGEMANN, de BALTIMORE, a \u00e9t\u00e9 appel\u00e9, Barb-Wire de JENNINGS (42). Il n&rsquo;est rest\u00e9 longtemps utilis\u00e9 qu&rsquo;aux \u00c9tats-Unis.<\/p>\n<p>C&rsquo;est en lisant les rapports de la \u00ab\u00a0Soci\u00e9t\u00e9 de Chirurgie de Montpellier\u00a0\u00bb de mai 1966 que nous avons trouv\u00e9 la premi\u00e8re mention de ce nouveau mat\u00e9riel dans la Litt\u00e9rature M\u00e9dicale Fran\u00e7aise. LAPEYRIE POUS et ALLIEU (45) signalent que le Barb-Wire de JENNINGS, commercialis\u00e9 par les Laboratoires ETHICON sous le code SN 13, est utilis\u00e9 depuis un an et demi dans le Service de Chirurgie Infantile et Orthop\u00e9dique de Montpellier. Apr\u00e8s un bref descriptif technique, ils en discutent l&rsquo;int\u00e9r\u00eat, nous proposent leurs indications et produisent clich\u00e9s et r\u00e9sultats.<\/p>\n<p>En 1968 MICHON et VILAIN, dans leur trait\u00e9 \u00ab\u00a0L\u00e9sions Traumatiques des Tendons de la Main\u00a0\u00bb (59) citent le fil d&rsquo;acier avec harpon, mais d\u00e9plorent son indisponibilit\u00e9 en France.<br \/>\nEn 1971 ALLIEU et ROMIEU r\u00e9sument dans les \u00ab\u00a0Annales de Chirurgie\u00a0\u00bb (3), sous les auspices du Groupe d&rsquo;\u00c9tude de la Main, leur exp\u00e9rience de cinq ann\u00e9es d&rsquo;utilisation du Barb-Wire et \u00e9largissent leurs indications.<\/p>\n<p>En 1972 para\u00eet, dans \u00ab\u00a0la Nouvelle Presse M\u00e9dicale\u00a0\u00bb, un article qui a trouv\u00e9 son origine dans le Service sur le traitement des doigts en maillet traumatiques utilisant le fil d&rsquo;acier avec harpon MEYRUEIS (57).<\/p>\n<p>Toujours en 1972, VILAIN et DUPUIS (101) dans leur trait\u00e9 sur le \u00ab\u00a0Traitement de la Main Traumatique en Urgence\u00a0\u00bb rappellent les indications propos\u00e9es par ALLIEU (3) (45).<\/p>\n<p>Ainsi se r\u00e9sument les publications que nous avons trouv\u00e9es concernant le Barb-Wire de JENNINGS.<\/p>\n<p>On peut remarquer leur petit nombre, bien que le Barb-Wire existe depuis 1951. Cependant il soul\u00e8ve de l&rsquo;int\u00e9r\u00eat : les demandes de tir\u00e9s-\u00e0-part et les contacts pris aux derni\u00e8res journ\u00e9es du Groupe d&rsquo;\u00c9tude de la Main de NANCY, semblent nous l&rsquo;indiquer.<\/p>\n<p>Le fil d&rsquo;acier avec harpon, introduit par MEYRUEIS, est utilis\u00e9 syst\u00e9matiquement depuis deux ans en Chirurgie de la Main, dans les Services Chirurgicaux de l&rsquo;H\u00f4pital d&rsquo;Instruction des Arm\u00e9es de Sainte Anne \u00e0 TOULON.<\/p>\n<p>Le bilan de son utilisation fait l&rsquo;objet de ce travail<\/p>\n<p>Ce sujet nous a \u00e9t\u00e9 propos\u00e9 par le Professeur POUP\u00c9E, Chef de Service.<\/p>\n<p>Plus que le nombre \u00e9lev\u00e9 de cas, c&rsquo;est la vari\u00e9t\u00e9 des observations et des indications qui nous ont paru int\u00e9ressantes.<\/p>\n<p>Nous avons pu, par ailleurs, effectuer une \u00e9tude exp\u00e9rimentale du mat\u00e9riel ETHICON SN 13, gr\u00e2ce \u00e0 l&rsquo;aide du Centre d&rsquo;\u00c9tude et de Recherche Biologique de la Marine Nationale, et illustrer notre travail en effectuant les travaux photographiques nous-m\u00eames.<\/p>\n<p><a title=\"Iconographie\" href=\"https:\/\/mboudry.fr\/thesewp\/iconographie\/\">Page suivante<\/a><br \/>\n<a title=\"Introduction\" href=\"https:\/\/mboudry.fr\/thesewp\/introduction\/\">Page pr\u00e9c\u00e9dente<\/a><\/p>\n","protected":false},"excerpt":{"rendered":"<p>En 1951, dans un Rapport Pr\u00e9liminaire paru dans le \u00ab\u00a0Bulletin Universitaire de l&rsquo;\u00c9cole de M\u00e9decine du Maryland\u00a0\u00bb BALTIMORE (E.U.) (51) puis en 1952 dans \u00ab\u00a0Surgery Gynecology and Obstetrics\u00a0\u00bb (41) (42) JENNINGS et Coll. ont les premiers d\u00e9crit une nouvelle technique de suture tendineuse employant un fil d&rsquo;acier avec harpon, de construction particuli\u00e8re. Ce fil d&rsquo;acier &hellip; <a href=\"https:\/\/mboudry.fr\/these\/introduction\/historique\/\" class=\"more-link\">Continuer la lecture de <span class=\"screen-reader-text\">Historique<\/span>  <span class=\"meta-nav\">&rarr;<\/span><\/a><\/p>\n","protected":false},"author":1,"featured_media":0,"parent":751,"menu_order":0,"comment_status":"open","ping_status":"open","template":"page-templates\/full-width.php","meta":{"om_disable_all_campaigns":false,"_monsterinsights_skip_tracking":false,"_monsterinsights_sitenote_active":false,"_monsterinsights_sitenote_note":"","_monsterinsights_sitenote_category":0,"footnotes":""},"class_list":["post-73","page","type-page","status-publish","hentry"],"aioseo_notices":[],"_links":{"self":[{"href":"https:\/\/mboudry.fr\/these\/wp-json\/wp\/v2\/pages\/73","targetHints":{"allow":["GET"]}}],"collection":[{"href":"https:\/\/mboudry.fr\/these\/wp-json\/wp\/v2\/pages"}],"about":[{"href":"https:\/\/mboudry.fr\/these\/wp-json\/wp\/v2\/types\/page"}],"author":[{"embeddable":true,"href":"https:\/\/mboudry.fr\/these\/wp-json\/wp\/v2\/users\/1"}],"replies":[{"embeddable":true,"href":"https:\/\/mboudry.fr\/these\/wp-json\/wp\/v2\/comments?post=73"}],"version-history":[{"count":1,"href":"https:\/\/mboudry.fr\/these\/wp-json\/wp\/v2\/pages\/73\/revisions"}],"predecessor-version":[{"id":819,"href":"https:\/\/mboudry.fr\/these\/wp-json\/wp\/v2\/pages\/73\/revisions\/819"}],"up":[{"embeddable":true,"href":"https:\/\/mboudry.fr\/these\/wp-json\/wp\/v2\/pages\/751"}],"wp:attachment":[{"href":"https:\/\/mboudry.fr\/these\/wp-json\/wp\/v2\/media?parent=73"}],"curies":[{"name":"wp","href":"https:\/\/api.w.org\/{rel}","templated":true}]}}