{"id":75,"date":"2014-11-29T15:18:24","date_gmt":"2014-11-29T14:18:24","guid":{"rendered":"http:\/\/mboudry.wordpress.com\/?page_id=75"},"modified":"2025-04-17T17:25:07","modified_gmt":"2025-04-17T15:25:07","slug":"iconographie-generalites","status":"publish","type":"page","link":"https:\/\/mboudry.fr\/these\/iconographie\/iconographie-generalites\/","title":{"rendered":"Iconographie : G\u00e9n\u00e9ralit\u00e9s"},"content":{"rendered":"<p>L&rsquo;illustration de cette th\u00e8se nous est apparue d&rsquo;importance croissante au fil de la connaissance du sujet. Notre penchant vers la Photographie, notre mat\u00e9riel personnel, a aid\u00e9 \u00e0 sa r\u00e9alisation. Nous avons pu mettre en pratique, \u00e0 \u00e9chelle suffisante, quelques chapitres de technique photographique. Ce travail nous a sembl\u00e9 suffisamment int\u00e9ressant pour motiver ce chapitre.<\/p>\n<p>Envisageons les diff\u00e9rents temps de r\u00e9alisation :<\/p>\n<p style=\"padding-left: 10px;\">Prise de vue,<\/p>\n<p style=\"padding-left: 10px;\">D\u00e9veloppement,<\/p>\n<p style=\"padding-left: 10px;\">Tirage.<\/p>\n<p><a title=\"Prise de vues\" href=\"https:\/\/mboudry.fr\/thesewp\/iconographie\/prise-de-vues\/\">Page suivante<\/a><br \/>\n<a title=\"Iconographie\" href=\"https:\/\/mboudry.fr\/thesewp\/iconographie\/\">Page pr\u00e9c\u00e9dente<\/a><\/p>\n<p><a href=\"https:\/\/mboudry.fr\/thesewp\/plan\/\">Plan<\/a><\/p>\n","protected":false},"excerpt":{"rendered":"<p>L&rsquo;illustration de cette th\u00e8se nous est apparue d&rsquo;importance croissante au fil de la connaissance du sujet. Notre penchant vers la Photographie, notre mat\u00e9riel personnel, a aid\u00e9 \u00e0 sa r\u00e9alisation. Nous avons pu mettre en pratique, \u00e0 \u00e9chelle suffisante, quelques chapitres de technique photographique. Ce travail nous a sembl\u00e9 suffisamment int\u00e9ressant pour motiver ce chapitre. Envisageons &hellip; <a href=\"https:\/\/mboudry.fr\/these\/iconographie\/iconographie-generalites\/\" class=\"more-link\">Continuer la lecture de <span class=\"screen-reader-text\">Iconographie : G\u00e9n\u00e9ralit\u00e9s<\/span>  <span class=\"meta-nav\">&rarr;<\/span><\/a><\/p>\n","protected":false},"author":1,"featured_media":0,"parent":7,"menu_order":1,"comment_status":"open","ping_status":"open","template":"page-templates\/full-width.php","meta":{"om_disable_all_campaigns":false,"_monsterinsights_skip_tracking":false,"_monsterinsights_sitenote_active":false,"_monsterinsights_sitenote_note":"","_monsterinsights_sitenote_category":0,"footnotes":""},"class_list":["post-75","page","type-page","status-publish","hentry"],"aioseo_notices":[],"_links":{"self":[{"href":"https:\/\/mboudry.fr\/these\/wp-json\/wp\/v2\/pages\/75","targetHints":{"allow":["GET"]}}],"collection":[{"href":"https:\/\/mboudry.fr\/these\/wp-json\/wp\/v2\/pages"}],"about":[{"href":"https:\/\/mboudry.fr\/these\/wp-json\/wp\/v2\/types\/page"}],"author":[{"embeddable":true,"href":"https:\/\/mboudry.fr\/these\/wp-json\/wp\/v2\/users\/1"}],"replies":[{"embeddable":true,"href":"https:\/\/mboudry.fr\/these\/wp-json\/wp\/v2\/comments?post=75"}],"version-history":[{"count":1,"href":"https:\/\/mboudry.fr\/these\/wp-json\/wp\/v2\/pages\/75\/revisions"}],"predecessor-version":[{"id":852,"href":"https:\/\/mboudry.fr\/these\/wp-json\/wp\/v2\/pages\/75\/revisions\/852"}],"up":[{"embeddable":true,"href":"https:\/\/mboudry.fr\/these\/wp-json\/wp\/v2\/pages\/7"}],"wp:attachment":[{"href":"https:\/\/mboudry.fr\/these\/wp-json\/wp\/v2\/media?parent=75"}],"curies":[{"name":"wp","href":"https:\/\/api.w.org\/{rel}","templated":true}]}}