{"id":81,"date":"2014-11-29T15:20:13","date_gmt":"2014-11-29T14:20:13","guid":{"rendered":"http:\/\/mboudry.wordpress.com\/?page_id=81"},"modified":"2025-04-17T17:18:08","modified_gmt":"2025-04-17T15:18:08","slug":"iconographie-conclusion","status":"publish","type":"page","link":"https:\/\/mboudry.fr\/these\/iconographie\/iconographie-conclusion\/","title":{"rendered":"Iconographie : Conclusion"},"content":{"rendered":"<p>Ce travail photographique r\u00e9alis\u00e9, il faut reconna\u00eetre que nous n&rsquo;envisageons pas sa r\u00e9\u00e9dition : un tirage \u00e0 plus de 100 exemplaires comportant 13 feuilles et repr\u00e9sentant 56 clich\u00e9s d\u00e9finitifs, (environ 6000 \u00e9preuves finales sans compter les rat\u00e9s) repr\u00e9sente une \u00ab\u00a0durable\u00a0\u00bb occupation.<\/p>\n<hr \/>\n<p>&nbsp;<\/p>\n<p><a href=\"https:\/\/mboudry.fr\/thesewp\/description-du-materiel\/\">Page suivante<\/a><br \/>\n<a title=\"D\u00e9veloppements Tirages\" href=\"https:\/\/mboudry.fr\/thesewp\/iconographie\/developpements-tirages\/\">Page pr\u00e9c\u00e9dente<\/a><\/p>\n<p>Plan<\/p>\n","protected":false},"excerpt":{"rendered":"<p>Ce travail photographique r\u00e9alis\u00e9, il faut reconna\u00eetre que nous n&rsquo;envisageons pas sa r\u00e9\u00e9dition : un tirage \u00e0 plus de 100 exemplaires comportant 13 feuilles et repr\u00e9sentant 56 clich\u00e9s d\u00e9finitifs, (environ 6000 \u00e9preuves finales sans compter les rat\u00e9s) repr\u00e9sente une \u00ab\u00a0durable\u00a0\u00bb occupation. &nbsp; Page suivante Page pr\u00e9c\u00e9dente Plan<\/p>\n","protected":false},"author":1,"featured_media":0,"parent":7,"menu_order":7,"comment_status":"open","ping_status":"open","template":"page-templates\/full-width.php","meta":{"om_disable_all_campaigns":false,"_monsterinsights_skip_tracking":false,"_monsterinsights_sitenote_active":false,"_monsterinsights_sitenote_note":"","_monsterinsights_sitenote_category":0,"footnotes":""},"class_list":["post-81","page","type-page","status-publish","hentry"],"aioseo_notices":[],"_links":{"self":[{"href":"https:\/\/mboudry.fr\/these\/wp-json\/wp\/v2\/pages\/81","targetHints":{"allow":["GET"]}}],"collection":[{"href":"https:\/\/mboudry.fr\/these\/wp-json\/wp\/v2\/pages"}],"about":[{"href":"https:\/\/mboudry.fr\/these\/wp-json\/wp\/v2\/types\/page"}],"author":[{"embeddable":true,"href":"https:\/\/mboudry.fr\/these\/wp-json\/wp\/v2\/users\/1"}],"replies":[{"embeddable":true,"href":"https:\/\/mboudry.fr\/these\/wp-json\/wp\/v2\/comments?post=81"}],"version-history":[{"count":1,"href":"https:\/\/mboudry.fr\/these\/wp-json\/wp\/v2\/pages\/81\/revisions"}],"predecessor-version":[{"id":849,"href":"https:\/\/mboudry.fr\/these\/wp-json\/wp\/v2\/pages\/81\/revisions\/849"}],"up":[{"embeddable":true,"href":"https:\/\/mboudry.fr\/these\/wp-json\/wp\/v2\/pages\/7"}],"wp:attachment":[{"href":"https:\/\/mboudry.fr\/these\/wp-json\/wp\/v2\/media?parent=81"}],"curies":[{"name":"wp","href":"https:\/\/api.w.org\/{rel}","templated":true}]}}