{"id":85,"date":"2014-11-29T15:21:43","date_gmt":"2014-11-29T14:21:43","guid":{"rendered":"http:\/\/mboudry.wordpress.com\/?page_id=85"},"modified":"2025-04-17T17:31:20","modified_gmt":"2025-04-17T15:31:20","slug":"references-de-publication","status":"publish","type":"page","link":"https:\/\/mboudry.fr\/these\/plan\/references-de-publication\/","title":{"rendered":"R\u00e9f\u00e9rences de publication"},"content":{"rendered":"<h5><strong>Cette th\u00e8se de m\u00e9decine a obtenu la mention :<\/strong><br \/>\n<strong>\u00ab\u00a0Tr\u00e8s Honorable avec \u00c9changes avec les Facult\u00e9s \u00e9trang\u00e8res\u00a0\u00bb<\/strong><\/h5>\n<h1>Le fil d&rsquo;acier avec harpon ou Barb-Wire : Deux ans d&rsquo;utilisation en chirurgie de la main.<\/h1>\n<h3>Th\u00e8se de Doctorat en M\u00e9decine<br \/>\npr\u00e9sent\u00e9e et soutenue publiquement le 26 novembre 1973.<br \/>\nUniversit\u00e9 de Bordeaux II,<br \/>\nUnit\u00e9s d&rsquo;Enseignement et de Recherche des Sciences M\u00e9dicales.<\/h3>\n<h4>Ann\u00e9e de th\u00e8se 1973. Th\u00e8se n\u00b0 282.<\/h4>\n<h4>par<br \/>\nMichel BOUDRY<\/h4>\n<h5>\u00c9l\u00e8ve de l&rsquo;\u00c9cole du Service de Sant\u00e9 des Arm\u00e9es de Bordeaux.<br \/>\nDipl\u00f4m\u00e9 de M\u00e9decine Tropicale.<br \/>\nTitulaire du Certificat d&rsquo;\u00c9tude Sp\u00e9ciale de M\u00e9decine A\u00e9ronautique.<\/h5>\n<h6>n\u00e9 le 6 d\u00e9cembre 1946 \u00e0 NOYON (Oise).<\/h6>\n<p>&nbsp;<\/p>\n<p>Voir<a title=\"Couverture\" href=\"https:\/\/mboudry.fr\/thesewp\/couverture\/\"> Couverture<\/a><\/p>\n","protected":false},"excerpt":{"rendered":"<p>Cette th\u00e8se de m\u00e9decine a obtenu la mention : \u00ab\u00a0Tr\u00e8s Honorable avec \u00c9changes avec les Facult\u00e9s \u00e9trang\u00e8res\u00a0\u00bb Le fil d&rsquo;acier avec harpon ou Barb-Wire : Deux ans d&rsquo;utilisation en chirurgie de la main. Th\u00e8se de Doctorat en M\u00e9decine pr\u00e9sent\u00e9e et soutenue publiquement le 26 novembre 1973. Universit\u00e9 de Bordeaux II, Unit\u00e9s d&rsquo;Enseignement et de Recherche &hellip; <a href=\"https:\/\/mboudry.fr\/these\/plan\/references-de-publication\/\" class=\"more-link\">Continuer la lecture de <span class=\"screen-reader-text\">R\u00e9f\u00e9rences de publication<\/span>  <span class=\"meta-nav\">&rarr;<\/span><\/a><\/p>\n","protected":false},"author":1,"featured_media":0,"parent":27,"menu_order":0,"comment_status":"open","ping_status":"open","template":"page-templates\/full-width.php","meta":{"om_disable_all_campaigns":false,"_monsterinsights_skip_tracking":false,"_monsterinsights_sitenote_active":false,"_monsterinsights_sitenote_note":"","_monsterinsights_sitenote_category":0,"footnotes":""},"class_list":["post-85","page","type-page","status-publish","hentry"],"aioseo_notices":[],"_links":{"self":[{"href":"https:\/\/mboudry.fr\/these\/wp-json\/wp\/v2\/pages\/85","targetHints":{"allow":["GET"]}}],"collection":[{"href":"https:\/\/mboudry.fr\/these\/wp-json\/wp\/v2\/pages"}],"about":[{"href":"https:\/\/mboudry.fr\/these\/wp-json\/wp\/v2\/types\/page"}],"author":[{"embeddable":true,"href":"https:\/\/mboudry.fr\/these\/wp-json\/wp\/v2\/users\/1"}],"replies":[{"embeddable":true,"href":"https:\/\/mboudry.fr\/these\/wp-json\/wp\/v2\/comments?post=85"}],"version-history":[{"count":1,"href":"https:\/\/mboudry.fr\/these\/wp-json\/wp\/v2\/pages\/85\/revisions"}],"predecessor-version":[{"id":863,"href":"https:\/\/mboudry.fr\/these\/wp-json\/wp\/v2\/pages\/85\/revisions\/863"}],"up":[{"embeddable":true,"href":"https:\/\/mboudry.fr\/these\/wp-json\/wp\/v2\/pages\/27"}],"wp:attachment":[{"href":"https:\/\/mboudry.fr\/these\/wp-json\/wp\/v2\/media?parent=85"}],"curies":[{"name":"wp","href":"https:\/\/api.w.org\/{rel}","templated":true}]}}