{"id":97,"date":"2014-11-29T15:25:22","date_gmt":"2014-11-29T14:25:22","guid":{"rendered":"http:\/\/mboudry.wordpress.com\/?page_id=97"},"modified":"2025-04-17T17:02:31","modified_gmt":"2025-04-17T15:02:31","slug":"emploi-du-sn-13-generalites","status":"publish","type":"page","link":"https:\/\/mboudry.fr\/these\/emploi-du-sn13\/emploi-du-sn-13-generalites\/","title":{"rendered":"Emploi du SN 13 : G\u00e9n\u00e9ralit\u00e9s"},"content":{"rendered":"<p>Nous envisagerons successivement la pose et la d\u00e9pose du SN 13 des laboratoires ETHICON.<\/p>\n<p>Elles seront \u00e9clair\u00e9es par les illustrations que nous avons r\u00e9alis\u00e9es \u00e0 l&rsquo; Amphith\u00e9atre de l&rsquo;H\u00f4pital d&rsquo;Instruction des Arm\u00e9es Sainte Anne de TOULON.<\/p>\n<p>On note qu&rsquo;une exposition tr\u00e8s large du champ (non n\u00e9cessaire in vivo) a \u00e9t\u00e9 recherch\u00e9e.<\/p>\n<hr \/>\n<p>&nbsp;<\/p>\n<p><a title=\"Emploi du SN 13 : Pose\" href=\"https:\/\/mboudry.fr\/thesewp\/emploi-du-sn13\/emploi-du-sn-13-pose\/\">Page suivante<\/a><br \/>\n<a href=\"https:\/\/mboudry.fr\/thesewp\/description-du-materiel\/le-sn-13-le-barb-wire-de-jennings-est-commercialise-en-france-par-les-laboratoires-ethicon-sous-le-code-sn-13\/\">Page pr\u00e9c\u00e9dente<\/a><\/p>\n<p><a title=\"Plan\" href=\"https:\/\/mboudry.fr\/thesewp\/?page_id=27\">Plan<\/a><\/p>\n","protected":false},"excerpt":{"rendered":"<p>Nous envisagerons successivement la pose et la d\u00e9pose du SN 13 des laboratoires ETHICON. Elles seront \u00e9clair\u00e9es par les illustrations que nous avons r\u00e9alis\u00e9es \u00e0 l&rsquo; Amphith\u00e9atre de l&rsquo;H\u00f4pital d&rsquo;Instruction des Arm\u00e9es Sainte Anne de TOULON. On note qu&rsquo;une exposition tr\u00e8s large du champ (non n\u00e9cessaire in vivo) a \u00e9t\u00e9 recherch\u00e9e. &nbsp; Page suivante Page &hellip; <a href=\"https:\/\/mboudry.fr\/these\/emploi-du-sn13\/emploi-du-sn-13-generalites\/\" class=\"more-link\">Continuer la lecture de <span class=\"screen-reader-text\">Emploi du SN 13 : G\u00e9n\u00e9ralit\u00e9s<\/span>  <span class=\"meta-nav\">&rarr;<\/span><\/a><\/p>\n","protected":false},"author":1,"featured_media":0,"parent":11,"menu_order":0,"comment_status":"open","ping_status":"open","template":"page-templates\/full-width.php","meta":{"om_disable_all_campaigns":false,"_monsterinsights_skip_tracking":false,"_monsterinsights_sitenote_active":false,"_monsterinsights_sitenote_note":"","_monsterinsights_sitenote_category":0,"footnotes":""},"class_list":["post-97","page","type-page","status-publish","hentry"],"aioseo_notices":[],"_links":{"self":[{"href":"https:\/\/mboudry.fr\/these\/wp-json\/wp\/v2\/pages\/97","targetHints":{"allow":["GET"]}}],"collection":[{"href":"https:\/\/mboudry.fr\/these\/wp-json\/wp\/v2\/pages"}],"about":[{"href":"https:\/\/mboudry.fr\/these\/wp-json\/wp\/v2\/types\/page"}],"author":[{"embeddable":true,"href":"https:\/\/mboudry.fr\/these\/wp-json\/wp\/v2\/users\/1"}],"replies":[{"embeddable":true,"href":"https:\/\/mboudry.fr\/these\/wp-json\/wp\/v2\/comments?post=97"}],"version-history":[{"count":1,"href":"https:\/\/mboudry.fr\/these\/wp-json\/wp\/v2\/pages\/97\/revisions"}],"predecessor-version":[{"id":832,"href":"https:\/\/mboudry.fr\/these\/wp-json\/wp\/v2\/pages\/97\/revisions\/832"}],"up":[{"embeddable":true,"href":"https:\/\/mboudry.fr\/these\/wp-json\/wp\/v2\/pages\/11"}],"wp:attachment":[{"href":"https:\/\/mboudry.fr\/these\/wp-json\/wp\/v2\/media?parent=97"}],"curies":[{"name":"wp","href":"https:\/\/api.w.org\/{rel}","templated":true}]}}