{"id":414,"date":"2024-03-27T15:58:36","date_gmt":"2024-03-27T15:58:36","guid":{"rendered":"https:\/\/mboudry.fr\/thesewp\/?page_id=414"},"modified":"2024-04-07T09:46:32","modified_gmt":"2024-04-07T09:46:32","slug":"obsevations-cliniques-generalites","status":"publish","type":"page","link":"https:\/\/mboudry.fr\/thesewp\/observations\/obsevations-cliniques-generalites\/","title":{"rendered":"Obsevations cliniques : G\u00e9n\u00e9ralit\u00e9s"},"content":{"rendered":"<p>Nous avons r\u00e9unis les observations des malades entr\u00e9s dans les Services chirurgicaux de l\u2019H\u00f4pital d\u2019Instruction des Arm\u00e9es Sainte Anne de TOULON, op\u00e9r\u00e9s de la main entre juin 1970 et juin 1972, \u00e0 qui il a \u00e9t\u00e9 pos\u00e9 au moins un Barb-Wire : le SN 13 des laboratoires ETHICON.<\/p>\n<p>Au total <strong>46 malades<\/strong> pour cette p\u00e9riode de <strong>2 ann\u00e9es<\/strong>.<\/p>\n<p>Il se r\u00e9partissent en :<\/p>\n<p>&#8211; <strong>18<\/strong> malades pr\u00e9sentant des <strong>l\u00e9sions des tendons fl\u00e9chisseurs des doigts<\/strong><\/p>\n<p style=\"padding-left: 20px;\">&#8211; (38 sections tendineuses, 29 poses de SN 13)<\/p>\n<p>&#8211; <strong>19<\/strong> malades pr\u00e9sentant des <strong>l\u00e9sions des tendons extenseurs des doigts<\/strong><\/p>\n<p style=\"padding-left: 20px;\">&#8211; (20 sections tendineuses, 21 poses de SN 13)<\/p>\n<p>&#8211; <strong>9<\/strong> malades group\u00e9s en <strong>cas particuliers<\/strong><\/p>\n<p style=\"padding-left: 20px;\">&#8211; (9 poses de SN 13)<\/p>\n<p>&nbsp;<\/p>\n<p>Nous avons r\u00e9sum\u00e9 ces observations par les diff\u00e9rents tableaux joints.<\/p>\n<p>Que remarquons nous sur l\u2019ensemble de ces 46 malades, le recrutement de l\u2019<strong>H\u00f4pital Sainte Anne de TOULON<\/strong> s\u2019effectuant chez :<br \/>\n&#8211; Les Ouvriers des Arsenaux Maritimes,<br \/>\n&#8211; Les Militaires,<br \/>\n&#8211; Appel\u00e9s du contingent,<br \/>\n&#8211; Militaires de carri\u00e8re,<br \/>\n&#8211; Et leurs Familles ?<\/p>\n<p>Leur jeune \u00e2ge,<br \/>\nLeur pr\u00e9dominance masculine,<br \/>\nLeur m\u00e9tier essentiellement manuel,<br \/>\nLeur appartenance au milieu militaire.<\/p>\n<p>Ces malades particuliers expliquent les difficult\u00e9s rencontr\u00e9es dans l\u2019\u00e9valuation des r\u00e9sultats fonctionnels \u00e0 courte et moyenne distance. Les convocations et les rendez-vous des malades sont rest\u00e9s souvent sans r\u00e9ponse (fin d\u2019un service nationale, affectation \u00e9loign\u00e9e, d\u00e9m\u00e9nagement).<\/p>\n<p>Le recrutement de l\u2019H\u00f4pital Sainte Anne pour cette pathologie doit \u00eatre <strong>compar\u00e9 \u00e0 celui de l\u2019H\u00f4pital Bichat de PARIS<\/strong>, si l\u2019on se r\u00e9f\u00e8re aux statistiques de <strong>DUPARC<\/strong> (<a href=\"https:\/\/mboudry.fr\/thesewp\/wp-content\/uploads\/2014\/11\/biblio-24-32.png\">25)<\/a> : 46 malades en 4 ans, 18 malades en 2 ans, pour les plaies des tendons fl\u00e9chisseurs des doigts.<\/p>\n<p>Avant de revoir ces malades d\u2019une mani\u00e8re plus d\u00e9taill\u00e9e, nous allons envisager les principes g\u00e9n\u00e9raux de traitement appliqu\u00e9s.<\/p>\n<p><a title=\"Principes g\u00e9n\u00e9raux de traitement\" href=\"https:\/\/mboudry.fr\/thesewp\/observations\/principes-generaux-de-traitement\/\">Page suivante<\/a><br \/>\n<a title=\"Observations\" href=\"https:\/\/mboudry.fr\/thesewp\/observations\/\">Page pr\u00e9c\u00e9dente<\/a><\/p>\n<p><a title=\"Plan\" href=\"https:\/\/mboudry.fr\/thesewp\/plan\/\">Plan<\/a><\/p>\n","protected":false},"excerpt":{"rendered":"<p>Nous avons r\u00e9unis les observations des malades entr\u00e9s dans les Services chirurgicaux de l\u2019H\u00f4pital d\u2019Instruction des Arm\u00e9es Sainte Anne de TOULON, op\u00e9r\u00e9s de la main entre juin 1970 et juin 1972, \u00e0 qui il a \u00e9t\u00e9 pos\u00e9 au moins un Barb-Wire : le SN 13 des laboratoires ETHICON. Au total 46 malades pour cette p\u00e9riode &hellip; <a href=\"https:\/\/mboudry.fr\/thesewp\/observations\/obsevations-cliniques-generalites\/\" class=\"more-link\">Continuer la lecture de <span class=\"screen-reader-text\">Obsevations cliniques : G\u00e9n\u00e9ralit\u00e9s<\/span>  <span class=\"meta-nav\">&rarr;<\/span><\/a><\/p>\n","protected":false},"author":1,"featured_media":0,"parent":17,"menu_order":0,"comment_status":"closed","ping_status":"closed","template":"","meta":{"om_disable_all_campaigns":false,"_monsterinsights_skip_tracking":false,"_monsterinsights_sitenote_active":false,"_monsterinsights_sitenote_note":"","_monsterinsights_sitenote_category":0,"_uf_show_specific_survey":0,"_uf_disable_surveys":false,"footnotes":""},"class_list":["post-414","page","type-page","status-publish","hentry"],"aioseo_notices":[],"_links":{"self":[{"href":"https:\/\/mboudry.fr\/thesewp\/wp-json\/wp\/v2\/pages\/414","targetHints":{"allow":["GET"]}}],"collection":[{"href":"https:\/\/mboudry.fr\/thesewp\/wp-json\/wp\/v2\/pages"}],"about":[{"href":"https:\/\/mboudry.fr\/thesewp\/wp-json\/wp\/v2\/types\/page"}],"author":[{"embeddable":true,"href":"https:\/\/mboudry.fr\/thesewp\/wp-json\/wp\/v2\/users\/1"}],"replies":[{"embeddable":true,"href":"https:\/\/mboudry.fr\/thesewp\/wp-json\/wp\/v2\/comments?post=414"}],"version-history":[{"count":0,"href":"https:\/\/mboudry.fr\/thesewp\/wp-json\/wp\/v2\/pages\/414\/revisions"}],"up":[{"embeddable":true,"href":"https:\/\/mboudry.fr\/thesewp\/wp-json\/wp\/v2\/pages\/17"}],"wp:attachment":[{"href":"https:\/\/mboudry.fr\/thesewp\/wp-json\/wp\/v2\/media?parent=414"}],"curies":[{"name":"wp","href":"https:\/\/api.w.org\/{rel}","templated":true}]}}