{"id":91,"date":"2014-11-29T15:23:34","date_gmt":"2014-11-29T14:23:34","guid":{"rendered":"http:\/\/mboudry.wordpress.com\/?page_id=91"},"modified":"2024-04-07T14:24:04","modified_gmt":"2024-04-07T14:24:04","slug":"materiel-similaire-discussion","status":"publish","type":"page","link":"https:\/\/mboudry.fr\/thesewp\/materiel-similaire\/materiel-similaire-discussion\/","title":{"rendered":"Mat\u00e9riel similaire : Discussion"},"content":{"rendered":"<p>Les fils multibarbel\u00e9s sont, par rapport au SN 13 :<\/p>\n<ul>\n<li>de manipulation plus difficile, d&rsquo;o\u00f9 plus lente,<\/li>\n<li>essentiellement employ\u00e9s pour des sutures \u00e0 demeure,<\/li>\n<li>non adapt\u00e9s aux jonctions musculo-tendineuses ou ost\u00e9o-tendineuses,<\/li>\n<li>sans incidence sur les dur\u00e9es d&rsquo;immobilisation postop\u00e9ratoires.<\/li>\n<\/ul>\n<p>Le SN 13, rappelons-le, a son ardillon \u00e0 la surface tendineuse, ne semble pas avoir les inconv\u00e9nients des fils multibarbel\u00e9s , a cependant un d\u00e9faut que n&rsquo;ont pas les fils multibarbel\u00e9s : une rotation des extr\u00e9mit\u00e9s tendineuses est possible ; elle est facilement limit\u00e9e par l&rsquo;utilisation simultan\u00e9e de 2 SN13, ou par des points \u00e9pitendineux au crin tr\u00e8s fin.<\/p>\n<hr \/>\n<p>&nbsp;<\/p>\n<p><a title=\"Observations\" href=\"https:\/\/mboudry.fr\/thesewp\/observations\/\">Page suivante<\/a><br \/>\n<a title=\"Fil d\u2019acier multibarbel\u00e9\" href=\"https:\/\/mboudry.fr\/thesewp\/materiel-similaire\/fil-dacier-multibarbele\/\">Page pr\u00e9c\u00e9dente<\/a><\/p>\n<p><a title=\"Plan\" href=\"https:\/\/mboudry.fr\/thesewp\/plan\/\">Plan<\/a><\/p>\n","protected":false},"excerpt":{"rendered":"<p>Les fils multibarbel\u00e9s sont, par rapport au SN 13 : de manipulation plus difficile, d&rsquo;o\u00f9 plus lente, essentiellement employ\u00e9s pour des sutures \u00e0 demeure, non adapt\u00e9s aux jonctions musculo-tendineuses ou ost\u00e9o-tendineuses, sans incidence sur les dur\u00e9es d&rsquo;immobilisation postop\u00e9ratoires. Le SN 13, rappelons-le, a son ardillon \u00e0 la surface tendineuse, ne semble pas avoir les inconv\u00e9nients &hellip; <a href=\"https:\/\/mboudry.fr\/thesewp\/materiel-similaire\/materiel-similaire-discussion\/\" class=\"more-link\">Continuer la lecture de <span class=\"screen-reader-text\">Mat\u00e9riel similaire : Discussion<\/span>  <span class=\"meta-nav\">&rarr;<\/span><\/a><\/p>\n","protected":false},"author":1,"featured_media":0,"parent":15,"menu_order":0,"comment_status":"open","ping_status":"open","template":"","meta":{"om_disable_all_campaigns":false,"_monsterinsights_skip_tracking":false,"_monsterinsights_sitenote_active":false,"_monsterinsights_sitenote_note":"","_monsterinsights_sitenote_category":0,"_uf_show_specific_survey":0,"_uf_disable_surveys":false,"footnotes":""},"class_list":["post-91","page","type-page","status-publish","hentry"],"aioseo_notices":[],"_links":{"self":[{"href":"https:\/\/mboudry.fr\/thesewp\/wp-json\/wp\/v2\/pages\/91","targetHints":{"allow":["GET"]}}],"collection":[{"href":"https:\/\/mboudry.fr\/thesewp\/wp-json\/wp\/v2\/pages"}],"about":[{"href":"https:\/\/mboudry.fr\/thesewp\/wp-json\/wp\/v2\/types\/page"}],"author":[{"embeddable":true,"href":"https:\/\/mboudry.fr\/thesewp\/wp-json\/wp\/v2\/users\/1"}],"replies":[{"embeddable":true,"href":"https:\/\/mboudry.fr\/thesewp\/wp-json\/wp\/v2\/comments?post=91"}],"version-history":[{"count":0,"href":"https:\/\/mboudry.fr\/thesewp\/wp-json\/wp\/v2\/pages\/91\/revisions"}],"up":[{"embeddable":true,"href":"https:\/\/mboudry.fr\/thesewp\/wp-json\/wp\/v2\/pages\/15"}],"wp:attachment":[{"href":"https:\/\/mboudry.fr\/thesewp\/wp-json\/wp\/v2\/media?parent=91"}],"curies":[{"name":"wp","href":"https:\/\/api.w.org\/{rel}","templated":true}]}}