{"id":11,"date":"2014-11-29T14:55:27","date_gmt":"2014-11-29T13:55:27","guid":{"rendered":"http:\/\/mboudry.wordpress.com\/?page_id=11"},"modified":"2014-11-29T14:55:27","modified_gmt":"2014-11-29T13:55:27","slug":"emploi-du-sn13","status":"publish","type":"page","link":"https:\/\/mboudry.fr\/thesewp2\/emploi-du-sn13\/","title":{"rendered":"Emploi du SN 13"},"content":{"rendered":"<p>\n\t<a href=\"http:\/\/mboudry.wordpress.com\/emploi-du-sn13\/emploi-du-sn-13-generalites\/\" title=\"Emploi du SN 13 : G\u00e9n\u00e9ralit\u00e9s\"><strong>G&eacute;n&eacute;ralit&eacute;s<\/strong><\/a><br \/>\n\t<a href=\"http:\/\/mboudry.wordpress.com\/emploi-du-sn13\/emploi-du-sn-13-pose\/\" title=\"Emploi du SN 13 : Pose\"><strong>Pose<\/strong><\/a><br \/>\n\t<a href=\"http:\/\/mboudry.wordpress.com\/emploi-du-sn13\/emploi-du-sn-13-depose\/\" title=\"Emploi du SN 13 : D\u00e9pose\"><strong>D&eacute;pose<\/strong><\/a><\/p>\n","protected":false},"excerpt":{"rendered":"<p>G&eacute;n&eacute;ralit&eacute;s Pose D&eacute;pose<\/p>\n","protected":false},"author":1,"featured_media":0,"parent":0,"menu_order":0,"comment_status":"open","ping_status":"open","template":"","meta":{"footnotes":""},"class_list":["post-11","page","type-page","status-publish","hentry"],"_links":{"self":[{"href":"https:\/\/mboudry.fr\/thesewp2\/wp-json\/wp\/v2\/pages\/11","targetHints":{"allow":["GET"]}}],"collection":[{"href":"https:\/\/mboudry.fr\/thesewp2\/wp-json\/wp\/v2\/pages"}],"about":[{"href":"https:\/\/mboudry.fr\/thesewp2\/wp-json\/wp\/v2\/types\/page"}],"author":[{"embeddable":true,"href":"https:\/\/mboudry.fr\/thesewp2\/wp-json\/wp\/v2\/users\/1"}],"replies":[{"embeddable":true,"href":"https:\/\/mboudry.fr\/thesewp2\/wp-json\/wp\/v2\/comments?post=11"}],"version-history":[{"count":0,"href":"https:\/\/mboudry.fr\/thesewp2\/wp-json\/wp\/v2\/pages\/11\/revisions"}],"wp:attachment":[{"href":"https:\/\/mboudry.fr\/thesewp2\/wp-json\/wp\/v2\/media?parent=11"}],"curies":[{"name":"wp","href":"https:\/\/api.w.org\/{rel}","templated":true}]}}