{"id":15,"date":"2014-11-29T14:56:46","date_gmt":"2014-11-29T13:56:46","guid":{"rendered":"http:\/\/mboudry.wordpress.com\/?page_id=15"},"modified":"2014-11-29T14:56:46","modified_gmt":"2014-11-29T13:56:46","slug":"materiel-similaire","status":"publish","type":"page","link":"https:\/\/mboudry.fr\/thesewp2\/materiel-similaire\/","title":{"rendered":"Mat\u00e9riel similaire"},"content":{"rendered":"<p><a title=\"G\u00e9n\u00e9ralit\u00e9s\" href=\"http:\/\/mboudry.fr\/materiel-similaire\/generalites\/\"><strong>G\u00e9n\u00e9ralit\u00e9s<\/strong><\/a><br \/>\n<a title=\"Fil de nylon multibarbel\u00e9\" href=\"http:\/\/mboudry.wordpress.com\/materiel-similaire\/fil-de-nylon-multibarbele\/\"><strong> Fil harpon multibarbel\u00e9, nylon<\/strong><\/a><br \/>\n<a title=\"Fil d\u2019acier multibarbel\u00e9\" href=\"http:\/\/mboudry.wordpress.com\/materiel-similaire\/fil-dacier-multibarbele\/\"><strong> Fil harpon multibarbel\u00e9, acier<\/strong><\/a><br \/>\n<a title=\"Discussion\" href=\"http:\/\/mboudry.wordpress.com\/materiel-similaire\/discussion\/\"><strong>Discussion<\/strong><\/a><\/p>\n<p>&nbsp;<\/p>\n<p><a href=\"http:\/\/mboudry.fr\/materiel-similaire\/generalites\/\">Page suivante<\/a><br \/>\nPage pr\u00e9c\u00e9dente<br \/>\n<a title=\"Plan\" href=\"http:\/\/mboudry.fr\/thesewp\/?page_id=27\">Plan du document<\/a><\/p>\n","protected":false},"excerpt":{"rendered":"<p>G\u00e9n\u00e9ralit\u00e9s Fil harpon multibarbel\u00e9, nylon Fil harpon multibarbel\u00e9, acier Discussion &nbsp; Page suivante Page pr\u00e9c\u00e9dente Plan du document<\/p>\n","protected":false},"author":1,"featured_media":0,"parent":0,"menu_order":0,"comment_status":"open","ping_status":"open","template":"","meta":{"footnotes":""},"class_list":["post-15","page","type-page","status-publish","hentry"],"_links":{"self":[{"href":"https:\/\/mboudry.fr\/thesewp2\/wp-json\/wp\/v2\/pages\/15","targetHints":{"allow":["GET"]}}],"collection":[{"href":"https:\/\/mboudry.fr\/thesewp2\/wp-json\/wp\/v2\/pages"}],"about":[{"href":"https:\/\/mboudry.fr\/thesewp2\/wp-json\/wp\/v2\/types\/page"}],"author":[{"embeddable":true,"href":"https:\/\/mboudry.fr\/thesewp2\/wp-json\/wp\/v2\/users\/1"}],"replies":[{"embeddable":true,"href":"https:\/\/mboudry.fr\/thesewp2\/wp-json\/wp\/v2\/comments?post=15"}],"version-history":[{"count":0,"href":"https:\/\/mboudry.fr\/thesewp2\/wp-json\/wp\/v2\/pages\/15\/revisions"}],"wp:attachment":[{"href":"https:\/\/mboudry.fr\/thesewp2\/wp-json\/wp\/v2\/media?parent=15"}],"curies":[{"name":"wp","href":"https:\/\/api.w.org\/{rel}","templated":true}]}}