{"id":17,"date":"2014-11-29T14:57:31","date_gmt":"2014-11-29T13:57:31","guid":{"rendered":"http:\/\/mboudry.wordpress.com\/?page_id=17"},"modified":"2014-11-29T14:57:31","modified_gmt":"2014-11-29T13:57:31","slug":"observations","status":"publish","type":"page","link":"https:\/\/mboudry.fr\/thesewp2\/observations\/","title":{"rendered":"Observations"},"content":{"rendered":"<p><a title=\"G\u00e9n\u00e9ralit\u00e9s\" href=\"http:\/\/mboudry.fr\/observations\/generalites\/\"><strong>G\u00e9n\u00e9ralit\u00e9s<\/strong><\/a><\/p>\n<p><a title=\"Principes g\u00e9n\u00e9raux de traitement\" href=\"http:\/\/mboudry.fr\/observations\/principes-generaux-de-traitement\/\"><strong>Principes g\u00e9n\u00e9raux de traitement<\/strong><\/a><\/p>\n<p><a title=\"Cotation des r\u00e9sultats\" href=\"http:\/\/mboudry.fr\/observations\/cotation-des-resultats\/\"><strong>Cotation des r\u00e9sultats<\/strong><\/a><\/p>\n<p><strong>Observations<\/strong><br \/>\n<a title=\"Observations Tendons fl\u00e9chisseurs des doigts\" href=\"http:\/\/mboudry.fr\/observations\/observations-tendons-flechisseurs-des-doigts\/\"><strong> -* L\u00e9sions des tendons fl\u00e9chisseurs des doigts<\/strong><\/a><br \/>\n<a title=\"Observations Tendons extenseurs des doigts\" href=\"http:\/\/mboudry.fr\/observations\/observations-tendons-extenseurs-des-doigts\/\"><strong> -* L\u00e9sions des tendons extenseurs des doigts<\/strong><\/a><br \/>\n<a title=\"Observations Cas particuliers\" href=\"http:\/\/mboudry.fr\/observations\/observations-cas-particuliers\/\"><strong> -* Cas particuliers<\/strong><\/a><\/p>\n<p><a title=\"R\u00e9sultats\" href=\"http:\/\/mboudry.fr\/observations\/resultats\/\"><strong>R\u00e9sultats<\/strong><\/a><\/p>\n<hr \/>\n<p>&nbsp;<\/p>\n<p><a title=\"G\u00e9n\u00e9ralit\u00e9s\" href=\"http:\/\/mboudry.fr\/thesewp\/?page_id=51\">Page suivante<\/a><br \/>\n<a title=\"Discussion\" href=\"http:\/\/mboudry.fr\/thesewp\/?page_id=91\">Page pr\u00e9c\u00e9dente<\/a><br \/>\n<a title=\"Plan\" href=\"http:\/\/mboudry.fr\/thesewp\/?page_id=27\">Plan du document<\/a><\/p>\n","protected":false},"excerpt":{"rendered":"<p>G\u00e9n\u00e9ralit\u00e9s Principes g\u00e9n\u00e9raux de traitement Cotation des r\u00e9sultats Observations -* L\u00e9sions des tendons fl\u00e9chisseurs des doigts -* L\u00e9sions des tendons extenseurs des doigts -* Cas particuliers R\u00e9sultats &nbsp; Page suivante Page pr\u00e9c\u00e9dente Plan du document<\/p>\n","protected":false},"author":1,"featured_media":0,"parent":0,"menu_order":0,"comment_status":"open","ping_status":"open","template":"","meta":{"footnotes":""},"class_list":["post-17","page","type-page","status-publish","hentry"],"_links":{"self":[{"href":"https:\/\/mboudry.fr\/thesewp2\/wp-json\/wp\/v2\/pages\/17","targetHints":{"allow":["GET"]}}],"collection":[{"href":"https:\/\/mboudry.fr\/thesewp2\/wp-json\/wp\/v2\/pages"}],"about":[{"href":"https:\/\/mboudry.fr\/thesewp2\/wp-json\/wp\/v2\/types\/page"}],"author":[{"embeddable":true,"href":"https:\/\/mboudry.fr\/thesewp2\/wp-json\/wp\/v2\/users\/1"}],"replies":[{"embeddable":true,"href":"https:\/\/mboudry.fr\/thesewp2\/wp-json\/wp\/v2\/comments?post=17"}],"version-history":[{"count":0,"href":"https:\/\/mboudry.fr\/thesewp2\/wp-json\/wp\/v2\/pages\/17\/revisions"}],"wp:attachment":[{"href":"https:\/\/mboudry.fr\/thesewp2\/wp-json\/wp\/v2\/media?parent=17"}],"curies":[{"name":"wp","href":"https:\/\/api.w.org\/{rel}","templated":true}]}}