{"id":19,"date":"2014-11-29T14:58:02","date_gmt":"2014-11-29T13:58:02","guid":{"rendered":"http:\/\/mboudry.wordpress.com\/?page_id=19"},"modified":"2019-08-18T11:44:19","modified_gmt":"2019-08-18T09:44:19","slug":"discussion","status":"publish","type":"page","link":"https:\/\/mboudry.fr\/thesewp2\/discussion\/","title":{"rendered":"Discussion"},"content":{"rendered":"<p><a title=\"Discussion\" href=\"http:\/\/mboudry.wordpress.com\/discussion\/discussion\/\"><strong>Avantage et inconv\u00e9nient du SN13<\/strong><\/a><\/p>\n<p><a href=\"https:\/\/mboudry.fr\/thesewp2\/discussion\/discussion\/\">Page suivante<\/a><br \/>\n<a href=\"https:\/\/mboudry.fr\/thesewp2\/observations\/resultats\/\">Page pr\u00e9c\u00e9dente<\/a><br \/>\n<a href=\"https:\/\/mboudry.fr\/thesewp2\/plan\/\">Plan<\/a><\/p>\n","protected":false},"excerpt":{"rendered":"<p>Avantage et inconv\u00e9nient du SN13 Page suivante Page pr\u00e9c\u00e9dente Plan<\/p>\n","protected":false},"author":1,"featured_media":0,"parent":0,"menu_order":0,"comment_status":"open","ping_status":"open","template":"","meta":{"footnotes":""},"class_list":["post-19","page","type-page","status-publish","hentry"],"_links":{"self":[{"href":"https:\/\/mboudry.fr\/thesewp2\/wp-json\/wp\/v2\/pages\/19","targetHints":{"allow":["GET"]}}],"collection":[{"href":"https:\/\/mboudry.fr\/thesewp2\/wp-json\/wp\/v2\/pages"}],"about":[{"href":"https:\/\/mboudry.fr\/thesewp2\/wp-json\/wp\/v2\/types\/page"}],"author":[{"embeddable":true,"href":"https:\/\/mboudry.fr\/thesewp2\/wp-json\/wp\/v2\/users\/1"}],"replies":[{"embeddable":true,"href":"https:\/\/mboudry.fr\/thesewp2\/wp-json\/wp\/v2\/comments?post=19"}],"version-history":[{"count":4,"href":"https:\/\/mboudry.fr\/thesewp2\/wp-json\/wp\/v2\/pages\/19\/revisions"}],"predecessor-version":[{"id":487,"href":"https:\/\/mboudry.fr\/thesewp2\/wp-json\/wp\/v2\/pages\/19\/revisions\/487"}],"wp:attachment":[{"href":"https:\/\/mboudry.fr\/thesewp2\/wp-json\/wp\/v2\/media?parent=19"}],"curies":[{"name":"wp","href":"https:\/\/api.w.org\/{rel}","templated":true}]}}