{"id":27,"date":"2014-11-29T14:59:56","date_gmt":"2014-11-29T13:59:56","guid":{"rendered":"http:\/\/mboudry.wordpress.com\/?page_id=27"},"modified":"2019-08-18T19:17:13","modified_gmt":"2019-08-18T17:17:13","slug":"plan","status":"publish","type":"page","link":"https:\/\/mboudry.fr\/thesewp2\/plan\/","title":{"rendered":"Plan"},"content":{"rendered":"<p>Cette th\u00e8se de m\u00e9decine a obtenu la mention :<br \/>\n\u00ab\u00a0Tr\u00e8s Honorable avec \u00c9changes avec les Facult\u00e9s \u00e9trang\u00e8res\u00a0\u00bb<\/p>\n<p>D\u00e9dicace<\/p>\n<p>-* <a title=\"D\u00e9dicace\" href=\"https:\/\/mboudry.fr\/thesewp2\/dedicace-2\/dedicace\/\">D\u00e9dicace<\/a><\/p>\n<p>Introduction<\/p>\n<p>-* <a title=\"Historique\" href=\"https:\/\/mboudry.fr\/thesewp2\/introduction\/historique\/\">Historique<\/a><\/p>\n<p>Iconographie<\/p>\n<p>-* <a title=\"G\u00e9n\u00e9ralit\u00e9s\" href=\"https:\/\/mboudry.fr\/thesewp2\/iconographie\/generalites\/\">G\u00e9n\u00e9ralit\u00e9s<\/a><br \/>\n-* <a title=\"Prise de vues\" href=\"https:\/\/mboudry.fr\/thesewp2\/iconographie\/prise-de-vues\/\">Prise de vue<\/a><br \/>\n-* <a title=\"D\u00e9veloppements Tirages\" href=\"https:\/\/mboudry.fr\/thesewp2\/iconographie\/developpements-tirages\/\">D\u00e9veloppement Tirage<\/a><br \/>\n-* <a href=\"https:\/\/mboudry.fr\/thesewp2\/iconographie\/conclusion\/\">Conclusion<\/a><\/p>\n<p>Description du mat\u00e9riel<\/p>\n<p>-* <a title=\"Le SN 13\" href=\"https:\/\/mboudry.fr\/thesewp2\/description-du-materiel\/\">Le SN 13 des laboratoires ETHICON<\/a><\/p>\n<p>Emploi du SN 13<\/p>\n<p>-* <a title=\"Emploi du SN 13 : G\u00e9n\u00e9ralit\u00e9s\" href=\"https:\/\/mboudry.fr\/thesewp2\/emploi-du-sn13\/emploi-du-sn-13-generalites\/\">G\u00e9n\u00e9ralit\u00e9s<\/a><br \/>\n-* <a title=\"Emploi du SN 13 : Pose\" href=\"https:\/\/mboudry.fr\/thesewp2\/emploi-du-sn13\/emploi-du-sn-13-pose\/\">Pose<\/a><br \/>\n-* <a title=\"Emploi du SN 13 : D\u00e9pose\" href=\"https:\/\/mboudry.fr\/thesewp2\/emploi-du-sn13\/emploi-du-sn-13-depose\/\">D\u00e9pose<\/a><\/p>\n<p>Exp\u00e9rimentation du SN 13 au laboratoire<\/p>\n<p>-* <a title=\"G\u00e9n\u00e9ralit\u00e9s\" href=\"http:\/\/mboudry.fr\/thesewp2\/experimentation-du-sn13\/generalites\/\">G\u00e9n\u00e9ralit\u00e9s<\/a><br \/>\n-* <a title=\"Echantillon\" href=\"http:\/\/mboudry.fr\/thesewp2\/experimentation-du-sn13\/echantillon\/\">Echantillon<\/a><br \/>\n-* <a title=\"Mat\u00e9riel et M\u00e9thodes\" href=\"http:\/\/mboudry.fr\/thesewp\/?page_id=41\">Mat\u00e9riel, M\u00e9thodes<\/a><br \/>\n-* <a title=\"R\u00e9sultats\" href=\"http:\/\/mboudry.fr\/thesewp2\/experimentation-du-sn13\/resultats\/\">R\u00e9sultats<\/a><br \/>\n-* <a title=\"Discussion\" href=\"http:\/\/mboudry.fr\/thesewp2\/experimentation-du-sn13\/discussion\/\">Discussion<\/a><\/p>\n<p>Mat\u00e9riel similaire-<\/p>\n<p>-* <a title=\"G\u00e9n\u00e9ralit\u00e9s\" href=\"http:\/\/mboudry.fr\/thesewp2\/materiel-similaire\/generalites\/\">G\u00e9n\u00e9ralit\u00e9s<\/a><br \/>\n-* <a title=\"Fil de nylon multibarbel\u00e9\" href=\"http:\/\/mboudry.fr\/thesewp2\/materiel-similaire\/fil-de-nylon-multibarbele\/\">Fil harpon multibarbel\u00e9, nylon<\/a><br \/>\n-* <a title=\"Fil d\u2019acier multibarbel\u00e9\" href=\"http:\/\/mboudry.fr\/thesewp2\/materiel-similaire\/fil-dacier-multibarbele\/\">Fil harpon multibarbel\u00e9, acier<\/a><br \/>\n-* <a title=\"Discussion\" href=\"http:\/\/mboudry.fr\/thesewp2\/materiel-similaire\/discussion\/\">Discussion<\/a><\/p>\n<p>Observations<\/p>\n<p>-* <a title=\"G\u00e9n\u00e9ralit\u00e9s\" href=\"http:\/\/mboudry.fr\/thesewp2\/observations\/generalites\/\">G\u00e9n\u00e9ralit\u00e9s<\/a><br \/>\n-* <a title=\"Principes g\u00e9n\u00e9raux de traitement\" href=\"http:\/\/mboudry.fr\/thesewp2\/observations\/principes-generaux-de-traitement\/\">Principes g\u00e9n\u00e9raux de traitement<\/a><br \/>\n-* <a title=\"Cotation des r\u00e9sultats\" href=\"http:\/\/mboudry.fr\/thesewp2\/observations\/cotation-des-resultats\/\">Cotations de r\u00e9sultats<\/a><br \/>\n-* Observations<br \/>\n-** <a title=\"Observations Tendons fl\u00e9chisseurs des doigts\" href=\"http:\/\/mboudry.fr\/thesewp2\/observations\/observations-tendons-flechisseurs-des-doigts\/\">L\u00e9sions des tendons fl\u00e9chisseurs des doigts<\/a><br \/>\n-** <a title=\"Observations Tendons extenseurs des doigts\" href=\"http:\/\/mboudry.fr\/thesewp2\/observations\/observations-tendons-extenseurs-des-doigts\/\">L\u00e9sions des tendons extenseurs des doigts<\/a><br \/>\n-** <a title=\"Observations Cas particuliers\" href=\"http:\/\/mboudry.fr\/thesewp2\/observations\/observations-cas-particuliers\/\">Cas particuliers<\/a><br \/>\n-* <a title=\"R\u00e9sultats\" href=\"http:\/\/mboudry.fr\/thesewp2\/observations\/resultats\/\">R\u00e9sultats<\/a><\/p>\n<p>Discussion<\/p>\n<p>-* <a title=\"Discussion\" href=\"http:\/\/mboudry.fr\/thesewp2\/discussion\/discussion\/\">Avantage et inconv\u00e9nient du SN 13<\/a><\/p>\n<p>Conclusion<\/p>\n<p>-* <a title=\"Conclusion\" href=\"http:\/\/mboudry.fr\/thesewp2\/conclusion\/conclusion\/\">Conclusion<\/a><\/p>\n<p>Bibliographie<\/p>\n<p>-* <a title=\"Bibliographie\" href=\"http:\/\/mboudry.fr\/thesewp2\/bibliographie\/bibliographie\/\">Bibliographie<\/a><\/p>\n<p>Serment<\/p>\n<p>-* <a title=\"Serment\" href=\"http:\/\/mboudry.fr\/thesewp2\/serment\/serment\/\">Serment<\/a><\/p>\n<p>Imprimatur<\/p>\n<p>-* <a title=\"Imprimatur\" href=\"http:\/\/mboudry.fr\/thesewp2\/imprimatur\/imprimatur\/\">Imprimatur<\/a><\/p>\n<p><a title=\"Plan\" href=\"http:\/\/mboudry.fr\/thesewp2\/plan\/\">Plan<\/a><\/p>\n<p><a title=\"R\u00e9f\u00e9rences de publication\" href=\"http:\/\/mboudry.fr\/thesewp2\/plan\/references-de-publication\/\">\u00a0R\u00e9f\u00e9rences de publication<\/a><\/p>\n","protected":false},"excerpt":{"rendered":"<p>Cette th\u00e8se de m\u00e9decine a obtenu la mention : \u00ab\u00a0Tr\u00e8s Honorable avec \u00c9changes avec les Facult\u00e9s \u00e9trang\u00e8res\u00a0\u00bb D\u00e9dicace -* D\u00e9dicace Introduction -* Historique Iconographie -* G\u00e9n\u00e9ralit\u00e9s -* Prise de vue -* D\u00e9veloppement Tirage -* Conclusion Description du mat\u00e9riel -* Le SN 13 des laboratoires ETHICON Emploi du SN 13 -* G\u00e9n\u00e9ralit\u00e9s -* Pose -* D\u00e9pose &hellip; <\/p>\n<p class=\"link-more\"><a href=\"https:\/\/mboudry.fr\/thesewp2\/plan\/\" class=\"more-link\">Continuer la lecture<span class=\"screen-reader-text\"> de &laquo;&nbsp;Plan&nbsp;&raquo;<\/span><\/a><\/p>\n","protected":false},"author":1,"featured_media":0,"parent":0,"menu_order":0,"comment_status":"open","ping_status":"open","template":"","meta":{"footnotes":""},"class_list":["post-27","page","type-page","status-publish","hentry"],"_links":{"self":[{"href":"https:\/\/mboudry.fr\/thesewp2\/wp-json\/wp\/v2\/pages\/27","targetHints":{"allow":["GET"]}}],"collection":[{"href":"https:\/\/mboudry.fr\/thesewp2\/wp-json\/wp\/v2\/pages"}],"about":[{"href":"https:\/\/mboudry.fr\/thesewp2\/wp-json\/wp\/v2\/types\/page"}],"author":[{"embeddable":true,"href":"https:\/\/mboudry.fr\/thesewp2\/wp-json\/wp\/v2\/users\/1"}],"replies":[{"embeddable":true,"href":"https:\/\/mboudry.fr\/thesewp2\/wp-json\/wp\/v2\/comments?post=27"}],"version-history":[{"count":3,"href":"https:\/\/mboudry.fr\/thesewp2\/wp-json\/wp\/v2\/pages\/27\/revisions"}],"predecessor-version":[{"id":555,"href":"https:\/\/mboudry.fr\/thesewp2\/wp-json\/wp\/v2\/pages\/27\/revisions\/555"}],"wp:attachment":[{"href":"https:\/\/mboudry.fr\/thesewp2\/wp-json\/wp\/v2\/media?parent=27"}],"curies":[{"name":"wp","href":"https:\/\/api.w.org\/{rel}","templated":true}]}}