{"id":35,"date":"2014-11-29T15:03:01","date_gmt":"2014-11-29T14:03:01","guid":{"rendered":"http:\/\/mboudry.wordpress.com\/?page_id=35"},"modified":"2019-08-18T19:08:21","modified_gmt":"2019-08-18T17:08:21","slug":"le-sn-13","status":"publish","type":"page","link":"https:\/\/mboudry.fr\/thesewp2\/description-du-materiel\/le-sn-13\/","title":{"rendered":"Le SN 13"},"content":{"rendered":"<p>DESCRIPTION DU MAT\u00c9RIEL : LE SN 13 ETHICON<\/p>\n<p>Le Barb-Wire de JENNINGS est commercialis\u00e9 en France par les Laboratoires ETHICON sous le code \u00ab\u00a0SN 13\u00a0\u00bb.<\/p>\n<p>Il n&rsquo;existe pas, \u00e0 notre connaissance, d&rsquo;autre laboratoire commercialisant ce Barb-Wire.<\/p>\n<hr \/>\n<p>Le SN 13 est constitu\u00e9 de fils d&rsquo;acier inoxydable tress\u00e9s, de 30 centim\u00e8tres de long.<\/p>\n<p>A chaque extr\u00e9mit\u00e9 est ajust\u00e9 une aiguille :<br \/>\n-* l&rsquo;une en demi-cercle, de 23 millim\u00e8tres de diam\u00e8tre et de section triangulaire<br \/>\n-* l&rsquo;autre droite, de 50 millim\u00e8tres et de section ronde<\/p>\n<p>Un ardillon en \u00ab\u00a0Y\u00a0\u00bb, dont les deux branches son dirig\u00e9es vers l&rsquo;aiguille droite, est serti, \u00e0 20 centim\u00e8tres de l&rsquo;insertion sur le fil d&rsquo;acier de cette aiguille droite.<\/p>\n<p><a href=\"https:\/\/mboudry.fr\/thesewp2\/wp-content\/uploads\/2014\/11\/sn13-total.jpg\"><img loading=\"lazy\" decoding=\"async\" class=\"aligncenter wp-image-107 size-full\" src=\"https:\/\/mboudry.fr\/thesewp2\/wp-content\/uploads\/2014\/11\/sn13-total.jpg\" alt=\"SN13 total\" width=\"1007\" height=\"782\" srcset=\"https:\/\/mboudry.fr\/thesewp2\/wp-content\/uploads\/2014\/11\/sn13-total.jpg 1007w, https:\/\/mboudry.fr\/thesewp2\/wp-content\/uploads\/2014\/11\/sn13-total-300x233.jpg 300w, https:\/\/mboudry.fr\/thesewp2\/wp-content\/uploads\/2014\/11\/sn13-total-768x596.jpg 768w\" sizes=\"auto, (max-width: 767px) 89vw, (max-width: 1000px) 54vw, (max-width: 1071px) 543px, 580px\" \/><\/a><\/p>\n<hr \/>\n<p>Cet ardillon mesure 5 millim\u00e8tres de long et 3 millim\u00e8tres de large (\u00e9cartement de ses deux branches).<\/p>\n<p><a href=\"https:\/\/mboudry.fr\/thesewp2\/wp-content\/uploads\/2014\/11\/sn13-ardillon.png\"><img loading=\"lazy\" decoding=\"async\" class=\"aligncenter wp-image-145 size-full\" src=\"https:\/\/mboudry.fr\/thesewp2\/wp-content\/uploads\/2014\/11\/sn13-ardillon.png\" alt=\"SN13 ardillon\" width=\"556\" height=\"756\" srcset=\"https:\/\/mboudry.fr\/thesewp2\/wp-content\/uploads\/2014\/11\/sn13-ardillon.png 556w, https:\/\/mboudry.fr\/thesewp2\/wp-content\/uploads\/2014\/11\/sn13-ardillon-221x300.png 221w\" sizes=\"auto, (max-width: 556px) 100vw, 556px\" \/><\/a><\/p>\n<hr \/>\n<p>Ce dispositif est compl\u00e9t\u00e9 par :<br \/>\n-* deux plombs de 4 millim\u00e8tres de diam\u00e8tre et<br \/>\n-* de 2 rondelles de caoutchouc de 12 millim\u00e8tres de diam\u00e8tre et d&rsquo;1 millim\u00e8tre d&rsquo;\u00e9paisseur, rondelles perc\u00e9es en leur centre.<\/p>\n<p>Plombs et rondelles sont maintenues ensemble par un fil de plomb jetable.<\/p>\n<p><a href=\"https:\/\/mboudry.fr\/thesewp2\/wp-content\/uploads\/2014\/11\/sn13-plombs.png\"><img loading=\"lazy\" decoding=\"async\" class=\"aligncenter wp-image-134 size-full\" src=\"https:\/\/mboudry.fr\/thesewp2\/wp-content\/uploads\/2014\/11\/sn13-plombs.png\" alt=\"SN13 plombs\" width=\"556\" height=\"756\" srcset=\"https:\/\/mboudry.fr\/thesewp2\/wp-content\/uploads\/2014\/11\/sn13-plombs.png 556w, https:\/\/mboudry.fr\/thesewp2\/wp-content\/uploads\/2014\/11\/sn13-plombs-221x300.png 221w\" sizes=\"auto, (max-width: 556px) 100vw, 556px\" \/><\/a><\/p>\n<hr \/>\n<p>le SN 13 est donc compos\u00e9 :<br \/>\n-* du fil d\u00e9crit enroul\u00e9 sur un support plastique jetable,<br \/>\n-* de l&rsquo;ensemble plombs \/ rondelles<\/p>\n<p>Il est livr\u00e9 en tube st\u00e9rile, capuchonn\u00e9 de caoutchouc avec un t\u00e9moin d&rsquo;ouverture<\/p>\n<p><a href=\"https:\/\/mboudry.fr\/thesewp2\/wp-content\/uploads\/2014\/11\/tube-b.png\"><img loading=\"lazy\" decoding=\"async\" class=\"aligncenter wp-image-129 size-full\" src=\"https:\/\/mboudry.fr\/thesewp2\/wp-content\/uploads\/2014\/11\/tube-b.png\" alt=\"tube B\" width=\"1233\" height=\"764\" srcset=\"https:\/\/mboudry.fr\/thesewp2\/wp-content\/uploads\/2014\/11\/tube-b.png 1233w, https:\/\/mboudry.fr\/thesewp2\/wp-content\/uploads\/2014\/11\/tube-b-300x186.png 300w, https:\/\/mboudry.fr\/thesewp2\/wp-content\/uploads\/2014\/11\/tube-b-768x476.png 768w, https:\/\/mboudry.fr\/thesewp2\/wp-content\/uploads\/2014\/11\/tube-b-1024x634.png 1024w\" sizes=\"auto, (max-width: 767px) 89vw, (max-width: 1000px) 54vw, (max-width: 1071px) 543px, 580px\" \/><\/a><\/p>\n<p><a href=\"https:\/\/mboudry.fr\/thesewp2\/wp-content\/uploads\/2014\/11\/tube-a.png\"><img loading=\"lazy\" decoding=\"async\" class=\"aligncenter wp-image-130 size-full\" src=\"https:\/\/mboudry.fr\/thesewp2\/wp-content\/uploads\/2014\/11\/tube-a.png\" alt=\"tube A\" width=\"1233\" height=\"764\" srcset=\"https:\/\/mboudry.fr\/thesewp2\/wp-content\/uploads\/2014\/11\/tube-a.png 1233w, https:\/\/mboudry.fr\/thesewp2\/wp-content\/uploads\/2014\/11\/tube-a-300x186.png 300w, https:\/\/mboudry.fr\/thesewp2\/wp-content\/uploads\/2014\/11\/tube-a-768x476.png 768w, https:\/\/mboudry.fr\/thesewp2\/wp-content\/uploads\/2014\/11\/tube-a-1024x634.png 1024w\" sizes=\"auto, (max-width: 767px) 89vw, (max-width: 1000px) 54vw, (max-width: 1071px) 543px, 580px\" \/><\/a><\/p>\n<p>&nbsp;<\/p>\n<hr \/>\n<p>&nbsp;<\/p>\n<p><a title=\"Emploi du SN 13\" href=\"https:\/\/mboudry.fr\/thesewp2\/emploi-du-sn13\/emploi-du-sn-13-generalites\/\">Page suivante<\/a><br \/>\n<a title=\"Historique\" href=\"https:\/\/mboudry.fr\/thesewp2\/introduction\/historique\/\">Page pr\u00e9c\u00e9dente<\/a><br \/>\n<a href=\"https:\/\/mboudry.fr\/thesewp2\/plan\/\">Plan du document<\/a><\/p>\n","protected":false},"excerpt":{"rendered":"<p>DESCRIPTION DU MAT\u00c9RIEL : LE SN 13 ETHICON Le Barb-Wire de JENNINGS est commercialis\u00e9 en France par les Laboratoires ETHICON sous le code \u00ab\u00a0SN 13\u00a0\u00bb. Il n&rsquo;existe pas, \u00e0 notre connaissance, d&rsquo;autre laboratoire commercialisant ce Barb-Wire. Le SN 13 est constitu\u00e9 de fils d&rsquo;acier inoxydable tress\u00e9s, de 30 centim\u00e8tres de long. A chaque extr\u00e9mit\u00e9 est &hellip; <\/p>\n<p class=\"link-more\"><a href=\"https:\/\/mboudry.fr\/thesewp2\/description-du-materiel\/le-sn-13\/\" class=\"more-link\">Continuer la lecture<span class=\"screen-reader-text\"> de &laquo;&nbsp;Le SN 13&nbsp;&raquo;<\/span><\/a><\/p>\n","protected":false},"author":1,"featured_media":0,"parent":9,"menu_order":0,"comment_status":"open","ping_status":"open","template":"","meta":{"footnotes":""},"class_list":["post-35","page","type-page","status-publish","hentry"],"_links":{"self":[{"href":"https:\/\/mboudry.fr\/thesewp2\/wp-json\/wp\/v2\/pages\/35","targetHints":{"allow":["GET"]}}],"collection":[{"href":"https:\/\/mboudry.fr\/thesewp2\/wp-json\/wp\/v2\/pages"}],"about":[{"href":"https:\/\/mboudry.fr\/thesewp2\/wp-json\/wp\/v2\/types\/page"}],"author":[{"embeddable":true,"href":"https:\/\/mboudry.fr\/thesewp2\/wp-json\/wp\/v2\/users\/1"}],"replies":[{"embeddable":true,"href":"https:\/\/mboudry.fr\/thesewp2\/wp-json\/wp\/v2\/comments?post=35"}],"version-history":[{"count":3,"href":"https:\/\/mboudry.fr\/thesewp2\/wp-json\/wp\/v2\/pages\/35\/revisions"}],"predecessor-version":[{"id":549,"href":"https:\/\/mboudry.fr\/thesewp2\/wp-json\/wp\/v2\/pages\/35\/revisions\/549"}],"up":[{"embeddable":true,"href":"https:\/\/mboudry.fr\/thesewp2\/wp-json\/wp\/v2\/pages\/9"}],"wp:attachment":[{"href":"https:\/\/mboudry.fr\/thesewp2\/wp-json\/wp\/v2\/media?parent=35"}],"curies":[{"name":"wp","href":"https:\/\/api.w.org\/{rel}","templated":true}]}}