{"id":39,"date":"2014-11-29T15:04:33","date_gmt":"2014-11-29T14:04:33","guid":{"rendered":"http:\/\/mboudry.wordpress.com\/?page_id=39"},"modified":"2019-08-18T18:04:02","modified_gmt":"2019-08-18T16:04:02","slug":"resultats","status":"publish","type":"page","link":"https:\/\/mboudry.fr\/thesewp2\/experimentation-du-sn13\/resultats\/","title":{"rendered":"R\u00e9sultats"},"content":{"rendered":"<p>Les r\u00e9sultats ne peuvent \u00eatre consid\u00e9r\u00e9s comme statistiquement significatifs du fait du faible nombre de SN 13 test\u00e9s (5 unit\u00e9s).<br \/>\nIl faut les consid\u00e9rer comme indicatifs.<\/p>\n<p><strong>Exp\u00e9rimentation du SN 13 &#8211; 5 unit\u00e9s<\/strong><\/p>\n<p>|<span style=\"color: #ff0000;\">Modalit\u00e9s : Tensions (en grammes)<\/span>|<span style=\"color: #ff0000;\">moyenne<\/span>|<span style=\"color: #ff0000;\">\u00e9cart max<\/span>|<br \/>\n|{{Charge de rupture du fil d&rsquo;acier}}| 4 500|200|<br \/>\n|{{Charge de dessertissage}}| | |<br \/>\n|[vert fonce]<span style=\"color: #008000;\">Ardillon en Y<\/span>[\/vert fonce]|\u00a0|\u00a0|<br \/>\n|[bleu]<span style=\"color: #0000ff;\">Y vertical<\/span>[\/bleu]l| | | |<br \/>\n|\u00a04 dessertissages|3 400\u00a0|500 |<br \/>\n|\u00a01 rupture ({{\u00a7}})| 4 600\u00a0| &#8211; |<br \/>\n|[bleu]<span style=\"color: #0000ff;\">Y horizontal<\/span>[\/bleu] | | |<br \/>\n|\u00a05 ruptures| 3 150\u00a0| 100|<br \/>\n|\u00a0|\u00a0|<br \/>\n| [vert fonce]<span style=\"color: #008000;\">Plomb \u00e9cras\u00e9<\/span>[\/vert fonce]\u00a0|\u00a02 950| 800 |<\/p>\n<p>({{\u00a7}})<br \/>\nDans l&rsquo;exp\u00e9rience de dessertissage de l&rsquo;ardillon en \u00ab\u00a0Y\u00a0\u00bb vertical, nous avons observ\u00e9, contre toute attente, non pas un dessertissage de l&rsquo; \u00ab\u00a0Y\u00a0\u00bb, mais une rupture du fil \u00e0 la base de l&rsquo; \u00ab\u00a0Y\u00a0\u00bb dans un cas, pour une traction tr\u00e8s sup\u00e9rieure \u00e0 la moyenne de dessertissage pr\u00e9c\u00e9demment observ\u00e9e<\/p>\n<p>L&rsquo;\u00e9volution qualitative et quantitative de la pr\u00e9paration SN 13 \/ Tendon se fait suivant les modalit\u00e9s que nous allons d\u00e9crire :<br \/>\n-* le SN 13 r\u00e9siste d&rsquo;autant mieux \u00e0 la traction que :<br \/>\n-** le tendon est de gros diam\u00e8tre,<br \/>\n-** le tendon est cylindrique,<br \/>\n-** la prise de l&rsquo;ardillon se fait sur une jonction musculo-tendineuse.<br \/>\n-* la mise en tension entra\u00eene :<br \/>\n-** une tassement \/ d\u00e9rapage de l&rsquo;ordre de 5 millim\u00e8tres par kilogramme de tension sur le SN 13,<br \/>\n-** un redressement de l&rsquo;ardillon en \u00ab\u00a0Y\u00a0\u00bb qui tend \u00e0 se placer perpendiculairement \u00e0 l&rsquo;axe de tension ( axe de traction)<br \/>\n-* [rouge]la rupture de la pr\u00e9paration s&rsquo;obtient pour une tension axiale variant entre 2000 et 3000 grammes (1 SN 13 pour 1 tendon). Cette rupture se fait par d\u00e9chirure longitudinale du tendon[\/rouge]<\/p>\n<p>&nbsp;<\/p>\n<p><a title=\"R\u00e9sultats\" href=\"https:\/\/mboudry.fr\/thesewp2\/experimentation-du-sn13\/discussion\/\">Page suivante<\/a><br \/>\n<a title=\"Echantillon\" href=\"https:\/\/mboudry.fr\/thesewp2\/experimentation-du-sn13\/materiel-et-methodes\/\">Page pr\u00e9c\u00e9dente<\/a><br \/>\n<a title=\"Plan\" href=\"https:\/\/mboudry.fr\/thesewp2\/plan\/\">Plan du document<\/a><\/p>\n","protected":false},"excerpt":{"rendered":"<p>Les r\u00e9sultats ne peuvent \u00eatre consid\u00e9r\u00e9s comme statistiquement significatifs du fait du faible nombre de SN 13 test\u00e9s (5 unit\u00e9s). Il faut les consid\u00e9rer comme indicatifs. Exp\u00e9rimentation du SN 13 &#8211; 5 unit\u00e9s |Modalit\u00e9s : Tensions (en grammes)|moyenne|\u00e9cart max| |{{Charge de rupture du fil d&rsquo;acier}}| 4 500|200| |{{Charge de dessertissage}}| | | |[vert fonce]Ardillon en &hellip; <\/p>\n<p class=\"link-more\"><a href=\"https:\/\/mboudry.fr\/thesewp2\/experimentation-du-sn13\/resultats\/\" class=\"more-link\">Continuer la lecture<span class=\"screen-reader-text\"> de &laquo;&nbsp;R\u00e9sultats&nbsp;&raquo;<\/span><\/a><\/p>\n","protected":false},"author":1,"featured_media":0,"parent":13,"menu_order":0,"comment_status":"open","ping_status":"open","template":"","meta":{"footnotes":""},"class_list":["post-39","page","type-page","status-publish","hentry"],"_links":{"self":[{"href":"https:\/\/mboudry.fr\/thesewp2\/wp-json\/wp\/v2\/pages\/39","targetHints":{"allow":["GET"]}}],"collection":[{"href":"https:\/\/mboudry.fr\/thesewp2\/wp-json\/wp\/v2\/pages"}],"about":[{"href":"https:\/\/mboudry.fr\/thesewp2\/wp-json\/wp\/v2\/types\/page"}],"author":[{"embeddable":true,"href":"https:\/\/mboudry.fr\/thesewp2\/wp-json\/wp\/v2\/users\/1"}],"replies":[{"embeddable":true,"href":"https:\/\/mboudry.fr\/thesewp2\/wp-json\/wp\/v2\/comments?post=39"}],"version-history":[{"count":8,"href":"https:\/\/mboudry.fr\/thesewp2\/wp-json\/wp\/v2\/pages\/39\/revisions"}],"predecessor-version":[{"id":510,"href":"https:\/\/mboudry.fr\/thesewp2\/wp-json\/wp\/v2\/pages\/39\/revisions\/510"}],"up":[{"embeddable":true,"href":"https:\/\/mboudry.fr\/thesewp2\/wp-json\/wp\/v2\/pages\/13"}],"wp:attachment":[{"href":"https:\/\/mboudry.fr\/thesewp2\/wp-json\/wp\/v2\/media?parent=39"}],"curies":[{"name":"wp","href":"https:\/\/api.w.org\/{rel}","templated":true}]}}