{"id":41,"date":"2014-11-29T15:05:08","date_gmt":"2014-11-29T14:05:08","guid":{"rendered":"http:\/\/mboudry.wordpress.com\/?page_id=41"},"modified":"2019-08-18T19:11:41","modified_gmt":"2019-08-18T17:11:41","slug":"materiel-et-methodes","status":"publish","type":"page","link":"https:\/\/mboudry.fr\/thesewp2\/experimentation-du-sn13\/materiel-et-methodes\/","title":{"rendered":"Mat\u00e9riel et M\u00e9thodes"},"content":{"rendered":"<p><strong>Mat\u00e9riel :<\/strong><\/p>\n<p><a href=\"https:\/\/mboudry.fr\/thesewp2\/wp-content\/uploads\/2014\/11\/sn13-test.png\"><img loading=\"lazy\" decoding=\"async\" class=\"aligncenter wp-image-108 size-full\" src=\"https:\/\/mboudry.fr\/thesewp2\/wp-content\/uploads\/2014\/11\/sn13-test.png\" alt=\"SN13 test\" width=\"766\" height=\"1083\" srcset=\"https:\/\/mboudry.fr\/thesewp2\/wp-content\/uploads\/2014\/11\/sn13-test.png 766w, https:\/\/mboudry.fr\/thesewp2\/wp-content\/uploads\/2014\/11\/sn13-test-212x300.png 212w, https:\/\/mboudry.fr\/thesewp2\/wp-content\/uploads\/2014\/11\/sn13-test-724x1024.png 724w\" sizes=\"auto, (max-width: 706px) 89vw, (max-width: 767px) 82vw, 740px\" \/><\/a><\/p>\n<p>Simple \u00e0 mettre en \u0153uvre, il comporte :<\/p>\n<ul>\n<li>-* un point fixe sup\u00e9rieur<\/li>\n<li>-* un dispositif de mis en tension progressive<\/li>\n<\/ul>\n<p>Le point sup\u00e9rieur est constitu\u00e9 :<\/p>\n<ul>\n<li>-* pour l&rsquo;exp\u00e9rimentation concernant le fil lui-m\u00eame :\n<ul>\n<li>-** d&rsquo;un \u00e9tau fix\u00e9 sur une base stable, le fil d&rsquo;acier \u00e9tant pinc\u00e9 par les m\u00e2choires de cet \u00e9tau , au travers des mordaches de plomb (dispositif n&rsquo;alt\u00e9rant pas les qualit\u00e9s m\u00e9caniques du fil)<\/li>\n<li>-** pour les exp\u00e9rimentations concernant les charges de dessertissage, le point fixe est r\u00e9alis\u00e9 par une plaque en PERSPEX, d&rsquo;\u00e9paisseur suffisante et perc\u00e9e en son centre, d&rsquo;un trou d&rsquo;un diam\u00e8tre l\u00e9g\u00e8rement sup\u00e9rieur \u00e0 celui du fil. Cette plaque est pos\u00e9e sur les m\u00e2choires entrouvertes du m\u00eame \u00e9tau.<\/li>\n<\/ul>\n<\/li>\n<\/ul>\n<p>Le dispositif de mise en tension, amarr\u00e9 \u00e0 l&rsquo;extr\u00e9mit\u00e9 inf\u00e9rieur de la pr\u00e9paration par un syst\u00e8me n&rsquo;alt\u00e9rant pas les qualit\u00e9s m\u00e9caniques de cette pr\u00e9paration, est constitu\u00e9 par une nacelle construite en PERSPEX. Cette nacelle, qui ne peut se mouvoir que suivant un axe vertical (3 but\u00e9es lat\u00e9rales) est facilement remplis par de la grenaille de plomb.<\/p>\n<p><strong>M\u00e9thode :<\/strong><\/p>\n<p>Nous avons effectu\u00e9 plusieurs exp\u00e9rimentations tendant \u00e0 d\u00e9finir :<\/p>\n<ul>\n<li>-* la charge de rupture du fil d&rsquo;acier<\/li>\n<li>-* la charge de dessertissage :\n<ul>\n<li>-** de l&rsquo;ardillon en \u00ab\u00a0Y\u00a0\u00bb<\/li>\n<li>-** du plomb d&rsquo;arr\u00eat apr\u00e8s son \u00e9crasement<\/li>\n<\/ul>\n<\/li>\n<li>-* l&rsquo;\u00e9volution qualitative et quantitative de la pr\u00e9paration globale SN 13 \/ tendon, soumise \u00e0 une tension progressive axiale.<\/li>\n<\/ul>\n<p>Charge de rupture du fil d&rsquo;acier<\/p>\n<p>Mise en tension progressive de 50 en 50 grammes du SN 13 pris en son entier, suivant un axe vertical avec le dispositif d\u00e9crit.<\/p>\n<p>Charge de dessertissage<\/p>\n<ul>\n<li>-* de l&rsquo;ardillon en \u00ab\u00a0Y\u00a0\u00bb :\n<ul>\n<li>-**mise en tension progressive de 50 en 50 grammes de l&rsquo;ardillon en \u00ab\u00a0Y\u00a0\u00bb, \u00e0 travers la plaque en PERSPEX d\u00e9crite qui permet un appui de l \u00ab\u00a0Y\u00a0\u00bb, sans g\u00eaner les mouvements \u00e9ventuels du fil serti :\n<ul>\n<li>-*** une premi\u00e8re s\u00e9rie effectu\u00e9e sur l&rsquo; \u00ab\u00a0Y\u00a0\u00bb maintenu en appui sur ses deux branches ( \u00ab\u00a0Y\u00a0\u00bb vertical)<\/li>\n<li>-*** une deuxi\u00e8me s\u00e9rie effectu\u00e9e sur l&rsquo; \u00ab\u00a0Y\u00a0\u00bb maintenu en appui sur sa face ( \u00ab\u00a0Y\u00a0\u00bb horizontal)<\/li>\n<\/ul>\n<\/li>\n<li>-** l&rsquo;axe de traction est, dans les deux s\u00e9ries, vertical; la traction \u00e9tant r\u00e9alis\u00e9e avec le dispositif d\u00e9crit.<\/li>\n<\/ul>\n<\/li>\n<li>-* du plomb d&rsquo;arr\u00eat :\n<ul>\n<li>-** Apr\u00e8s \u00e9crasement du fil, \u00e0 l&rsquo;ordinaire, avec une pince de P\u00c9AN, mise en tension, de 50 en 50 grammes du fil nouvellement serti, \u00e0 travers la plaque en PERSPEX prise comme point d&rsquo;appui par le dispositif d\u00e9crit<\/li>\n<\/ul>\n<\/li>\n<\/ul>\n<p>\u00c9volution qualitative et quantitative de la pr\u00e9paration SN 13 \/ Tendon<\/p>\n<p>Elle rappelle en tout point l&rsquo;exp\u00e9rimentation de la charge de rupture du fil d&rsquo;acier. L&rsquo;ardillon en \u00ab\u00a0Y\u00a0\u00bb du SN 13 est plac\u00e9 entre 20 et 30 millim\u00e8tres de l&rsquo;extr\u00e9mit\u00e9 du tendon, \u00e0 cheval sur la surface du tendon, ses branches regardant la section tendineuse et le fil d&rsquo;acier ressortant au milieu de la tranche de section : Ces conditions sont celles de l&#8217;emploi du SN 13 en clinique.<\/p>\n<hr \/>\n<p>&nbsp;<\/p>\n<p><a title=\"R\u00e9sultats\" href=\"https:\/\/mboudry.fr\/thesewp2\/observations\/resultats\/\">Page suivante<\/a><br \/>\n<a title=\"Echantillon\" href=\"https:\/\/mboudry.fr\/thesewp2\/experimentation-du-sn13\/echantillon\/\">Page pr\u00e9c\u00e9dente<\/a><br \/>\n<a title=\"Plan\" href=\"https:\/\/mboudry.fr\/thesewp2\/plan\/\">Plan du document<\/a><\/p>\n","protected":false},"excerpt":{"rendered":"<p>Mat\u00e9riel : Simple \u00e0 mettre en \u0153uvre, il comporte : -* un point fixe sup\u00e9rieur -* un dispositif de mis en tension progressive Le point sup\u00e9rieur est constitu\u00e9 : -* pour l&rsquo;exp\u00e9rimentation concernant le fil lui-m\u00eame : -** d&rsquo;un \u00e9tau fix\u00e9 sur une base stable, le fil d&rsquo;acier \u00e9tant pinc\u00e9 par les m\u00e2choires de cet &hellip; <\/p>\n<p class=\"link-more\"><a href=\"https:\/\/mboudry.fr\/thesewp2\/experimentation-du-sn13\/materiel-et-methodes\/\" class=\"more-link\">Continuer la lecture<span class=\"screen-reader-text\"> de &laquo;&nbsp;Mat\u00e9riel et M\u00e9thodes&nbsp;&raquo;<\/span><\/a><\/p>\n","protected":false},"author":1,"featured_media":0,"parent":13,"menu_order":0,"comment_status":"open","ping_status":"open","template":"","meta":{"footnotes":""},"class_list":["post-41","page","type-page","status-publish","hentry"],"_links":{"self":[{"href":"https:\/\/mboudry.fr\/thesewp2\/wp-json\/wp\/v2\/pages\/41","targetHints":{"allow":["GET"]}}],"collection":[{"href":"https:\/\/mboudry.fr\/thesewp2\/wp-json\/wp\/v2\/pages"}],"about":[{"href":"https:\/\/mboudry.fr\/thesewp2\/wp-json\/wp\/v2\/types\/page"}],"author":[{"embeddable":true,"href":"https:\/\/mboudry.fr\/thesewp2\/wp-json\/wp\/v2\/users\/1"}],"replies":[{"embeddable":true,"href":"https:\/\/mboudry.fr\/thesewp2\/wp-json\/wp\/v2\/comments?post=41"}],"version-history":[{"count":4,"href":"https:\/\/mboudry.fr\/thesewp2\/wp-json\/wp\/v2\/pages\/41\/revisions"}],"predecessor-version":[{"id":552,"href":"https:\/\/mboudry.fr\/thesewp2\/wp-json\/wp\/v2\/pages\/41\/revisions\/552"}],"up":[{"embeddable":true,"href":"https:\/\/mboudry.fr\/thesewp2\/wp-json\/wp\/v2\/pages\/13"}],"wp:attachment":[{"href":"https:\/\/mboudry.fr\/thesewp2\/wp-json\/wp\/v2\/media?parent=41"}],"curies":[{"name":"wp","href":"https:\/\/api.w.org\/{rel}","templated":true}]}}