{"id":47,"date":"2014-11-29T15:07:06","date_gmt":"2014-11-29T14:07:06","guid":{"rendered":"http:\/\/mboudry.wordpress.com\/?page_id=47"},"modified":"2019-08-18T18:57:52","modified_gmt":"2019-08-18T16:57:52","slug":"generalites","status":"publish","type":"page","link":"https:\/\/mboudry.fr\/thesewp2\/materiel-similaire\/generalites\/","title":{"rendered":"G\u00e9n\u00e9ralit\u00e9s"},"content":{"rendered":"<p>A la lecture de la litt\u00e9rature r\u00e9cente, nous n&rsquo;avons d\u00e9couvert que deux proc\u00e9d\u00e9s de suture tendineuse dont la conception se rapproche de celle du Barb-Wire de JENNINGS.<\/p>\n<p>Nous les envisagerons, respectivement dans l&rsquo;ordre chronologique de description.<\/p>\n<hr \/>\n<p><a title=\"Fil de nylon multibarbel\u00e9\" href=\"https:\/\/mboudry.fr\/thesewp2\/materiel-similaire\/fil-de-nylon-multibarbele\/\">Page suivante<\/a><br \/>\n<a href=\"https:\/\/mboudry.fr\/thesewp2\/experimentation-du-sn13\/discussion\/\">Page pr\u00e9c\u00e9dente<\/a><br \/>\n<a title=\"Plan\" href=\"http:\/\/mboudry.fr\/thesewp\/?page_id=27\">Plan du document<\/a><\/p>\n","protected":false},"excerpt":{"rendered":"<p>A la lecture de la litt\u00e9rature r\u00e9cente, nous n&rsquo;avons d\u00e9couvert que deux proc\u00e9d\u00e9s de suture tendineuse dont la conception se rapproche de celle du Barb-Wire de JENNINGS. Nous les envisagerons, respectivement dans l&rsquo;ordre chronologique de description. Page suivante Page pr\u00e9c\u00e9dente Plan du document<\/p>\n","protected":false},"author":1,"featured_media":0,"parent":15,"menu_order":0,"comment_status":"open","ping_status":"open","template":"","meta":{"footnotes":""},"class_list":["post-47","page","type-page","status-publish","hentry"],"_links":{"self":[{"href":"https:\/\/mboudry.fr\/thesewp2\/wp-json\/wp\/v2\/pages\/47","targetHints":{"allow":["GET"]}}],"collection":[{"href":"https:\/\/mboudry.fr\/thesewp2\/wp-json\/wp\/v2\/pages"}],"about":[{"href":"https:\/\/mboudry.fr\/thesewp2\/wp-json\/wp\/v2\/types\/page"}],"author":[{"embeddable":true,"href":"https:\/\/mboudry.fr\/thesewp2\/wp-json\/wp\/v2\/users\/1"}],"replies":[{"embeddable":true,"href":"https:\/\/mboudry.fr\/thesewp2\/wp-json\/wp\/v2\/comments?post=47"}],"version-history":[{"count":3,"href":"https:\/\/mboudry.fr\/thesewp2\/wp-json\/wp\/v2\/pages\/47\/revisions"}],"predecessor-version":[{"id":544,"href":"https:\/\/mboudry.fr\/thesewp2\/wp-json\/wp\/v2\/pages\/47\/revisions\/544"}],"up":[{"embeddable":true,"href":"https:\/\/mboudry.fr\/thesewp2\/wp-json\/wp\/v2\/pages\/15"}],"wp:attachment":[{"href":"https:\/\/mboudry.fr\/thesewp2\/wp-json\/wp\/v2\/media?parent=47"}],"curies":[{"name":"wp","href":"https:\/\/api.w.org\/{rel}","templated":true}]}}