{"id":49,"date":"2014-11-29T15:07:39","date_gmt":"2014-11-29T14:07:39","guid":{"rendered":"http:\/\/mboudry.wordpress.com\/?page_id=49"},"modified":"2019-08-18T18:07:38","modified_gmt":"2019-08-18T16:07:38","slug":"fil-dacier-multibarbele","status":"publish","type":"page","link":"https:\/\/mboudry.fr\/thesewp2\/materiel-similaire\/fil-dacier-multibarbele\/","title":{"rendered":"Fil d&rsquo;acier multibarbel\u00e9"},"content":{"rendered":"<p>En 1968 PC. SHAW (81) dans un article paru dans le \u00ab\u00a0Journal of Bone and Joint Surgery\u00a0\u00bb, analyse une nouvelle m\u00e9thode de suture tendineuse pour les fl\u00e9chisseurs, utilisant un Fil d&rsquo;Acier Multibarbel\u00e9.<\/p>\n<p>Apr\u00e8s un rappel sur la cicatrisation tendineuse et des conditions optimales \u00e0 r\u00e9aliser pour tout mat\u00e9riel de suture tendineuse, PC. SHAW d\u00e9crit le mat\u00e9riel qu&rsquo;il emploie, citant au passage la publication d&rsquo;AR. Mc KENZIE (49) qui dit ne faire mention d&rsquo;aucun cas d&rsquo;application chez l&rsquo;homme.<\/p>\n<p>&nbsp;<\/p>\n<p>Le Fil d&rsquo;Acier Multibarbel\u00e9 de PC. SHAW est compos\u00e9 :<\/p>\n<ul>\n<li>-* d&rsquo;un fil d&rsquo;acier tress\u00e9 (7 brins 44 Gauge) de 20 centim\u00e8tres de long,<\/li>\n<li>-* doublement serti \u00e0 ses extr\u00e9mit\u00e9s par une aiguille droite de 30 millim\u00e8tres.<\/li>\n<\/ul>\n<p>Sur ce fil sont mont\u00e9es<\/p>\n<ul>\n<li>-* deux zones d&rsquo;ardillons.\n<ul>\n<li>-**ces ardillons, en forme de \u00ab\u00a0Y\u00a0\u00bb de 1,3 millim\u00e8tres d&rsquo;ouverture, et de 5 millim\u00e8tres de long, sont distantes de 2 millim\u00e8tres. Ils sont mont\u00e9s par quatre, d\u00e9cal\u00e9s les uns par rapport aux autres de 1\/8 de tour. Chaque zone d&rsquo;ardillons (4) de 25 millim\u00e8tres de long est mont\u00e9e de sens oppos\u00e9.<\/li>\n<\/ul>\n<\/li>\n<li>-* les deux zones son s\u00e9par\u00e9es par un espace libre de 3 millim\u00e8tres.<\/li>\n<\/ul>\n<p>&nbsp;<\/p>\n<p><a href=\"https:\/\/mboudry.fr\/thesewp2\/wp-content\/uploads\/2014\/11\/multibarbele-acier-schema.png\"><img loading=\"lazy\" decoding=\"async\" class=\"alignnone size-medium wp-image-148\" src=\"http:\/\/mboudry.fr\/thesewp\/wp-content\/uploads\/2014\/11\/multibarbele-acier-schema-300x189.png\" alt=\"multibarbele acier schema\" width=\"300\" height=\"189\" srcset=\"https:\/\/mboudry.fr\/thesewp2\/wp-content\/uploads\/2014\/11\/multibarbele-acier-schema-300x189.png 300w, https:\/\/mboudry.fr\/thesewp2\/wp-content\/uploads\/2014\/11\/multibarbele-acier-schema-768x484.png 768w, https:\/\/mboudry.fr\/thesewp2\/wp-content\/uploads\/2014\/11\/multibarbele-acier-schema-1024x646.png 1024w, https:\/\/mboudry.fr\/thesewp2\/wp-content\/uploads\/2014\/11\/multibarbele-acier-schema.png 1251w\" sizes=\"auto, (max-width: 300px) 100vw, 300px\" \/><\/a><\/p>\n<p>&nbsp;<\/p>\n<p>L&rsquo;ancrage \u00e0 la peu n&rsquo;est pas n\u00e9cessaire, le mat\u00e9riel \u00e9tant sectionn\u00e9 au ras de la surface tendineuse;<\/p>\n<p>&nbsp;<\/p>\n<p><a href=\"https:\/\/mboudry.fr\/thesewp2\/wp-content\/uploads\/2014\/11\/multibarbele-acier-in-situ.png\"><img loading=\"lazy\" decoding=\"async\" class=\"alignnone size-medium wp-image-109\" src=\"http:\/\/mboudry.fr\/thesewp\/wp-content\/uploads\/2014\/11\/multibarbele-acier-in-situ-300x187.png\" alt=\"multibarbele acier in situ\" width=\"300\" height=\"187\" srcset=\"https:\/\/mboudry.fr\/thesewp2\/wp-content\/uploads\/2014\/11\/multibarbele-acier-in-situ-300x187.png 300w, https:\/\/mboudry.fr\/thesewp2\/wp-content\/uploads\/2014\/11\/multibarbele-acier-in-situ.png 666w\" sizes=\"auto, (max-width: 300px) 100vw, 300px\" \/><\/a><\/p>\n<p>&nbsp;<\/p>\n<p>L&rsquo;utilisation de ce Fil d&rsquo;Acier Multibarbel\u00e9 exige un abord assez large de la zone \u00e0 suturer (3 centim\u00e8tres de part et d&rsquo;autre de la l\u00e9sion). Le sens de p\u00e9n\u00e9tration du fil est impos\u00e9 par l&rsquo;orientation des ardillons (ardillons qui se trouvent \u00e0 l&rsquo;int\u00e9rieur du tendon). On termine en sectionnant l&rsquo;appareillage \u00e0 la sortie d la surface tendineuse.<\/p>\n<p>Les exp\u00e9rimentations sur fl\u00e9chisseur profond de cadavre et sur chien in vivo montrent que l&rsquo;ancrage r\u00e9alis\u00e9 est sup\u00e9rieur aux ancrages en cadre au fil d&rsquo;acier (40 Gauge). Une prise comportant trois ardillons de chaque c\u00f4t\u00e9 est encore suffisante. le mat\u00e9riel ne semble provoquer que peu d&rsquo;intol\u00e9rance locales (anatono-pathologie).<\/p>\n<p>PC. SHAW apr\u00e8s exposition des cas cliniques, commente sa m\u00e9thode :<\/p>\n<ul>\n<li>-* exposition large, technique qui ne peut \u00eatre utilis\u00e9e \u00e0 moins de 2,5 centim\u00e8tres de la jonction ost\u00e9o-tendineuse ou musculo-tendineuse.<\/li>\n<\/ul>\n<p>Cet article semble en opposition avec l&rsquo;article de AR. Mc KENZIE pour ce qui est de la simplicit\u00e9 et de la rapidit\u00e9 de la technique. Il ne mentionne pas le fait que la suture est une suture \u00e0 demeure. les suites op\u00e9ratoires semblent ne ps \u00eatre modifi\u00e9es.<\/p>\n<p>La correspondance envoy\u00e9e \u00e0 LONDRES est rest\u00e9e sans r\u00e9ponse.<\/p>\n<hr \/>\n<p>&nbsp;<\/p>\n<p><a title=\"Fil d\u2019acier multibarbel\u00e9\" href=\"https:\/\/mboudry.fr\/thesewp2\/materiel-similaire\/discussion\/\">Page suivante<\/a><br \/>\n<a href=\"https:\/\/mboudry.fr\/thesewp2\/materiel-similaire\/fil-de-nylon-multibarbele\/\">Page pr\u00e9c\u00e9dente<\/a><br \/>\n<a title=\"Plan\" href=\"https:\/\/mboudry.fr\/thesewp2\/plan\/\">Plan du document<\/a><\/p>\n","protected":false},"excerpt":{"rendered":"<p>En 1968 PC. SHAW (81) dans un article paru dans le \u00ab\u00a0Journal of Bone and Joint Surgery\u00a0\u00bb, analyse une nouvelle m\u00e9thode de suture tendineuse pour les fl\u00e9chisseurs, utilisant un Fil d&rsquo;Acier Multibarbel\u00e9. Apr\u00e8s un rappel sur la cicatrisation tendineuse et des conditions optimales \u00e0 r\u00e9aliser pour tout mat\u00e9riel de suture tendineuse, PC. SHAW d\u00e9crit le &hellip; <\/p>\n<p class=\"link-more\"><a href=\"https:\/\/mboudry.fr\/thesewp2\/materiel-similaire\/fil-dacier-multibarbele\/\" class=\"more-link\">Continuer la lecture<span class=\"screen-reader-text\"> de &laquo;&nbsp;Fil d&rsquo;acier multibarbel\u00e9&nbsp;&raquo;<\/span><\/a><\/p>\n","protected":false},"author":1,"featured_media":0,"parent":15,"menu_order":0,"comment_status":"open","ping_status":"open","template":"","meta":{"footnotes":""},"class_list":["post-49","page","type-page","status-publish","hentry"],"_links":{"self":[{"href":"https:\/\/mboudry.fr\/thesewp2\/wp-json\/wp\/v2\/pages\/49","targetHints":{"allow":["GET"]}}],"collection":[{"href":"https:\/\/mboudry.fr\/thesewp2\/wp-json\/wp\/v2\/pages"}],"about":[{"href":"https:\/\/mboudry.fr\/thesewp2\/wp-json\/wp\/v2\/types\/page"}],"author":[{"embeddable":true,"href":"https:\/\/mboudry.fr\/thesewp2\/wp-json\/wp\/v2\/users\/1"}],"replies":[{"embeddable":true,"href":"https:\/\/mboudry.fr\/thesewp2\/wp-json\/wp\/v2\/comments?post=49"}],"version-history":[{"count":3,"href":"https:\/\/mboudry.fr\/thesewp2\/wp-json\/wp\/v2\/pages\/49\/revisions"}],"predecessor-version":[{"id":514,"href":"https:\/\/mboudry.fr\/thesewp2\/wp-json\/wp\/v2\/pages\/49\/revisions\/514"}],"up":[{"embeddable":true,"href":"https:\/\/mboudry.fr\/thesewp2\/wp-json\/wp\/v2\/pages\/15"}],"wp:attachment":[{"href":"https:\/\/mboudry.fr\/thesewp2\/wp-json\/wp\/v2\/media?parent=49"}],"curies":[{"name":"wp","href":"https:\/\/api.w.org\/{rel}","templated":true}]}}