{"id":53,"date":"2014-11-29T15:08:37","date_gmt":"2014-11-29T14:08:37","guid":{"rendered":"http:\/\/mboudry.wordpress.com\/?page_id=53"},"modified":"2019-08-18T18:54:10","modified_gmt":"2019-08-18T16:54:10","slug":"principes-generaux-de-traitement","status":"publish","type":"page","link":"https:\/\/mboudry.fr\/thesewp2\/observations\/principes-generaux-de-traitement\/","title":{"rendered":"Principes g\u00e9n\u00e9raux de traitement"},"content":{"rendered":"<p>Nous avons expliqu\u00e9 et illustr\u00e9 pr\u00e9c\u00e9demment le mode d&#8217;emploi du SN 13 des laboratoires ETHICON. Voyons comment s&rsquo;ins\u00e8re son utilisation dans le d\u00e9roulement d&rsquo;une intervention et de ses suites imm\u00e9diates.<\/p>\n<p><strong>ANESTH\u00c9SIE<\/strong><\/p>\n<p>L&rsquo;indication op\u00e9ratoire pos\u00e9e, l&rsquo;intervention accept\u00e9e par le malade, se pose le probl\u00e8me de l&rsquo;anesth\u00e9sie.<\/p>\n<p>De principe pour nous, elle est g\u00e9n\u00e9rale. De fait les M\u00e9decins Anesth\u00e9sistes attach\u00e9s au Service n&rsquo;ont d\u00e9cel\u00e9 aucune contre-indication chez nos 46 malades.<\/p>\n<p>Ils ont propos\u00e9 leur protocole : Pr\u00e9m\u00e9dication, Indiction, Entretien de l&rsquo;anesth\u00e9sie par voie pulmonaire et veineuse, ventilation assist\u00e9e, l&rsquo;intubation n&rsquo;a pas toujours \u00e9t\u00e9 n\u00e9cessaire, le R\u00e9veil est obtenue en salle d&rsquo;op\u00e9ration une fois le pansement fait.<\/p>\n<p>Sur ces interventions nous n&rsquo;avons compt\u00e9 qu&rsquo;un seul incident au r\u00e9veil, et, dans son lit, un malade a pr\u00e9sent\u00e9 un \u00e9tat d&rsquo;agitation aigu entra\u00eenant une perte des r\u00e9sultats obtenus par l\u2019intervention. ce malade a \u00e9t\u00e9 r\u00e9op\u00e9r\u00e9 le lendemain, sous anesth\u00e9sie g\u00e9n\u00e9rale, et n&rsquo;a pas pr\u00e9sent\u00e9 d&rsquo;incident \u00e0 son r\u00e9veil. Nous le reverrons lors de l&rsquo;\u00e9tude d\u00e9taill\u00e9e des observations.<\/p>\n<p><strong>INTERVENTION<\/strong><\/p>\n<p>Vu le faible nombre des interventions r\u00e9alis\u00e9es en dehors de l&rsquo;urgence (doigt en maillet, d\u00e9formation en boutonni\u00e8re) nous prendrons comme exemple une plaie de la main avec section isol\u00e9e, vue en urgence. Dans ce cas, l&rsquo;intervention est r\u00e9alis\u00e9e suivant les principes de l&rsquo;Urgence Op\u00e9ration Diff\u00e9r\u00e9e d&rsquo;ISELIN (38).<\/p>\n<p><strong>P\u00e9riode Pr\u00e9op\u00e9ratoire :<\/strong><\/p>\n<p>Chez nos op\u00e9r\u00e9s, elle a une dur\u00e9e moyenne de 18 \u00e0 24 heures, allant de la 6\u00e8me \u00e0 la 36\u00e8me heure. cette p\u00e9riode est mise \u00e0 profit pour compl\u00e9ter le bila pr\u00e9op\u00e9ratoire et pour commencer le traitement :<\/p>\n<ul>\n<li>-* Premier nettoyage de la plaie<\/li>\n<li>-* Pr\u00e9paration cutan\u00e9e<\/li>\n<li>-* Pansement de la main en \u00ab\u00a0position d&rsquo;immobilisation temporaire de protection\u00a0\u00bb de TUBIANA (89), soit pansement sec st\u00e9rile l\u00e9g\u00e8rement compressif et rembourr\u00e9, position maintenue par une attelle de KRAMER gliss\u00e9e dans le pansement. La main bless\u00e9e est maintenue sur\u00e9lev\u00e9e.<\/li>\n<\/ul>\n<p>Rappelons la \u00ab\u00a0position d&rsquo;immobilisation temporaire de protection\u00a0\u00bb :<\/p>\n<ul>\n<li>-* Poignet en extension mod\u00e9r\u00e9e (20\u00b0)<\/li>\n<li>-* M\u00e9tacarpophalangiennes en flexion (50\/80\u00b0)<\/li>\n<li>-* Interphalangiennes en tr\u00e8s l\u00e9g\u00e8re flexion (5\/10\u00b0)<\/li>\n<\/ul>\n<p>Une antibioth\u00e9rapie si n\u00e9cessaire est prescrite; par contre, syst\u00e9matiquement, nous effectuons un rappel de vaccination antit\u00e9tanique et nous donnons des tranquillisants (\u00c9QUANIL).<\/p>\n<p>le Bloc Op\u00e9ratoire pr\u00e9venu aura pu s&rsquo;assurer du mat\u00e9riel.<\/p>\n<p><strong>Intervention :<\/strong><\/p>\n<p>Mat\u00e9riel :<br \/>\nInstrumentation fine, notamment pince \u00e0 diss\u00e9quer, porte-aiguille type TUBIANA, crochet \u00e0 peu, moteur \u00e0 air comprim\u00e9 type HALL AIR DRILL, bo\u00eete \u00e0 suture nerveuse type instrumentation de MIL\u00c9SI modifi\u00e9e par TUBIANA, loupe binoculaire, main de plomb, garrot pneumatique.<br \/>\nOn dispose par ailleurs de diff\u00e9rents fils : crin, monofil serti type FLEXOCRIN 3\/0 (peau), 5\/0 &#8211; 7\/0 (nerf tendon), catgut serti 3\/0, Barb-Wire le SN 13 des laboratoires ETHICON, ainsi que du s\u00e9rum chaud p\u00e9nicillin\u00e9 et seringue.<br \/>\nPeu de particularit\u00e9 pour la salle d&rsquo;op\u00e9ration, si ce n&rsquo;est une allonge lat\u00e9rale solidaire de la table, une tablette d&rsquo;instrumentation, un \u00e9clairage focalis\u00e9, (spot d&rsquo;appoint), et des si\u00e8ges r\u00e9glables pour le chirurgien et son aide.<\/p>\n<p>Position<br \/>\nla malade est install\u00e9 en d\u00e9cubitus dorsal, le membre sup\u00e9rieur bless\u00e9 sera allong\u00e9 sur la tablette lat\u00e9rale une fois le champ op\u00e9ratoire termin\u00e9 et le garrot pneumatique gonfl\u00e9. le chirurgien et son aide, assis, se feront face de part et d&rsquo;autre de l&rsquo;allonge lat\u00e9rale.<\/p>\n<p>Temps op\u00e9ratoire<br \/>\nUne fois le malade endormi, la d\u00e9sinfection du champ effectu\u00e9e (Alcool iod\u00e9), le champ op\u00e9ratoire d\u00e9limit\u00e9, le garrot pneumatique sera gonfl\u00e9 (pression maximale au niveau hum\u00e9ral 30 mm de mercure) et le membre allong\u00e9 ? le temps op\u00e9ratoire commence en r\u00e9alit\u00e9 pour le chirurgien et son aide, confortablement install\u00e9s.<\/p>\n<p>Successivement il faudra faire :<\/p>\n<ul>\n<li>-* Toilette soign\u00e9e de la plaie et du champ, d\u00e9sinfection m\u00e9canique et chimique ammonium quaternaires, s\u00e9rum chaud.<\/li>\n<li>-* Exploration, parage de la plaie\n<ul>\n<li>-* Incision cutan\u00e9e et agrandissement suivant les principes d\u00e9finis par TUBIANA (84)\n<ul>\n<li>-** au doigt :\n<ul>\n<li>-*** pour les plaies des fl\u00e9chisseurs incisions de BRUNER obliques, incision lat\u00e9rales \u00e0 l&rsquo;union de la peau dorsale et de la peau palmaire, agrandissement de la plaie vers ces incisions lat\u00e9rales.<\/li>\n<li>-*** pour les plaies des extenseurs , incisons sinueuses dorsales<\/li>\n<\/ul>\n<\/li>\n<li>-** \u00e0 la paume :\n<ul>\n<li>-*** incisions parall\u00e8les aux plis des flexion ou dans le pli d&rsquo;opposition du pouce.<\/li>\n<\/ul>\n<\/li>\n<li>-** au poignet :\n<ul>\n<li>-*** incisions en ba\u00efonnette carpo-palmaire<\/li>\n<\/ul>\n<\/li>\n<\/ul>\n<\/li>\n<li>-*Dissection fine, manipulation douce des tendons en ayant un soin tout particulier pour respecter la vascularisation de ces tendons (jonction musculaire, m\u00e9sotendon \u00e0 hile ventral et vincula insertion osseuse)<\/li>\n<li>-* Mise en place du SN 13 suivant les modalit\u00e9s d\u00e9crites. dans un certain nombre de cas, nous avons associ\u00e9 au SN 13 un blocage avec broche trans-cutan\u00e9e, trans-tendineuse \u00e0 la VERDAN, ceci pour diminuer la traction sur le Barb-Wire et \u00e9viter toute r\u00e9traction d&rsquo;amont. sans le savoir nous avons rejoint les pr\u00e9occupations de DUPARC (25).<\/li>\n<li>-* Fermeture cutan\u00e9e apr\u00e8s v\u00e9rification de l&rsquo;h\u00e9mostase. A la paume drainage aspiratif type MANOVAC. R\u00e9alisation d&rsquo;un nouveau pansement selon le type d\u00e9j\u00e0 d\u00e9crit.<\/li>\n<\/ul>\n<\/li>\n<\/ul>\n<p>A titre indicatif et en moyenne sur nos diff\u00e9rents cas, la dur\u00e9e de l&rsquo;intervention (Induction-Pansement) est de :<\/p>\n<ul>\n<li>-* Traitement d&rsquo;un doigt en maillet : &#8230; 55 mn<\/li>\n<li>-* Traitement d&rsquo;une d\u00e9formation en boutonni\u00e8re : &#8230; 75 mn<\/li>\n<li>-* Traitement d&rsquo;une plaie au poignet en zone 7, sections tendineuses multiples, l\u00e9sions associ\u00e9es nerveuses et musculaires : &#8230; 150 mn<\/li>\n<\/ul>\n<p><strong>P\u00e9riode Postop\u00e9ratoire :<\/strong><\/p>\n<p>La main op\u00e9r\u00e9e est maintenue sur\u00e9lev\u00e9e jusqu&rsquo;au premier pansement du 4\u00e8me jour. Nous prescrivons syst\u00e9matiquement des tranquillisants au long cours, parfois antibiotiques et anti-inflammatoires sont n\u00e9cessaires.<\/p>\n<p>Au 4\u00e8me jour postop\u00e9ratoire a lieu la r\u00e9fection du pansement, le drain, s&rsquo;il existe est enlev\u00e9, le doigt est prot\u00e9g\u00e9 par un pansement sec. La mobilisation limit\u00e9e et douce du segment op\u00e9r\u00e9 est permise et encourag\u00e9e. Gr\u00e2ce \u00e0 des mouvements toujours possibles, la repr\u00e9sentation psychique de l&rsquo;\u00e9tat de mobilit\u00e9 du segment op\u00e9r\u00e9 est maintenue, \u00e9vitant ainsi le disconditionnement ALLIEU (3) ISELIN (38).<\/p>\n<p><strong>R\u00c9\u00c9DUCATION<\/strong><\/p>\n<p>La r\u00e9\u00e9ducation est entreprise d\u00e8s l&rsquo;ablation du mat\u00e9riel. Elle est facilt\u00e9e par les mouvements limit\u00e9s, entretenus de la p\u00e9riode postop\u00e9ratoire imm\u00e9diate.<\/p>\n<p>L&rsquo;intervention r\u00e9alis\u00e9s, les r\u00e9sultats fonctionnels ont \u00e9t\u00e9 analys\u00e9s suivant un mode de cotation que nous allons envisager<\/p>\n<hr \/>\n<p>&nbsp;<\/p>\n<p><a title=\"Cotation des r\u00e9sultats\" href=\"http:\/\/mboudry.fr\/thesewp2\/observations\/cotation-des-resultats\">Page suivante<\/a><br \/>\n<a title=\"G\u00e9n\u00e9ralit\u00e9s\" href=\"https:\/\/mboudry.fr\/thesewp2\/observations\/generalites\/\">Page pr\u00e9c\u00e9dente<\/a><br \/>\n<a title=\"Plan\" href=\"http:\/\/mboudry.fr\/thesewp2\/plan\">Plan du document<\/a><\/p>\n","protected":false},"excerpt":{"rendered":"<p>Nous avons expliqu\u00e9 et illustr\u00e9 pr\u00e9c\u00e9demment le mode d&#8217;emploi du SN 13 des laboratoires ETHICON. Voyons comment s&rsquo;ins\u00e8re son utilisation dans le d\u00e9roulement d&rsquo;une intervention et de ses suites imm\u00e9diates. ANESTH\u00c9SIE L&rsquo;indication op\u00e9ratoire pos\u00e9e, l&rsquo;intervention accept\u00e9e par le malade, se pose le probl\u00e8me de l&rsquo;anesth\u00e9sie. De principe pour nous, elle est g\u00e9n\u00e9rale. De fait les &hellip; <\/p>\n<p class=\"link-more\"><a href=\"https:\/\/mboudry.fr\/thesewp2\/observations\/principes-generaux-de-traitement\/\" class=\"more-link\">Continuer la lecture<span class=\"screen-reader-text\"> de &laquo;&nbsp;Principes g\u00e9n\u00e9raux de traitement&nbsp;&raquo;<\/span><\/a><\/p>\n","protected":false},"author":1,"featured_media":0,"parent":17,"menu_order":0,"comment_status":"open","ping_status":"open","template":"","meta":{"footnotes":""},"class_list":["post-53","page","type-page","status-publish","hentry"],"_links":{"self":[{"href":"https:\/\/mboudry.fr\/thesewp2\/wp-json\/wp\/v2\/pages\/53","targetHints":{"allow":["GET"]}}],"collection":[{"href":"https:\/\/mboudry.fr\/thesewp2\/wp-json\/wp\/v2\/pages"}],"about":[{"href":"https:\/\/mboudry.fr\/thesewp2\/wp-json\/wp\/v2\/types\/page"}],"author":[{"embeddable":true,"href":"https:\/\/mboudry.fr\/thesewp2\/wp-json\/wp\/v2\/users\/1"}],"replies":[{"embeddable":true,"href":"https:\/\/mboudry.fr\/thesewp2\/wp-json\/wp\/v2\/comments?post=53"}],"version-history":[{"count":5,"href":"https:\/\/mboudry.fr\/thesewp2\/wp-json\/wp\/v2\/pages\/53\/revisions"}],"predecessor-version":[{"id":543,"href":"https:\/\/mboudry.fr\/thesewp2\/wp-json\/wp\/v2\/pages\/53\/revisions\/543"}],"up":[{"embeddable":true,"href":"https:\/\/mboudry.fr\/thesewp2\/wp-json\/wp\/v2\/pages\/17"}],"wp:attachment":[{"href":"https:\/\/mboudry.fr\/thesewp2\/wp-json\/wp\/v2\/media?parent=53"}],"curies":[{"name":"wp","href":"https:\/\/api.w.org\/{rel}","templated":true}]}}