{"id":60,"date":"2014-11-29T15:10:37","date_gmt":"2014-11-29T14:10:37","guid":{"rendered":"http:\/\/mboudry.wordpress.com\/?page_id=60"},"modified":"2023-01-04T10:48:18","modified_gmt":"2023-01-04T09:48:18","slug":"resultats","status":"publish","type":"page","link":"https:\/\/mboudry.fr\/thesewp2\/observations\/resultats\/","title":{"rendered":"R\u00e9sultats"},"content":{"rendered":"<p><span style=\"font-size: 18pt;\"><strong>Emploi du Barb-Wire : R\u00e9sultats<\/strong><\/span><br \/>\n<span style=\"font-size: 14pt;\"><strong>Fl\u00e9chisseurs des doigts (suture<br \/>\nprimaire)<\/strong><\/span><\/p>\n<table style=\"border-collapse: collapse; width: 100%; height: 976px; background-color: #ffff99;\" border=\"4\">\n<tbody>\n<tr style=\"height: 26px;\">\n<td style=\"width: 25%; text-align: center; height: 26px; background-color: #ff6600;\"><span style=\"color: #ffffff;\"><strong>Localisation<\/strong><\/span><\/td>\n<td style=\"width: 25%; text-align: center; height: 26px; background-color: #ff6600;\"><span style=\"color: #ffffff;\"><strong>Malades<\/strong><\/span><\/td>\n<td style=\"width: 25%; text-align: center; height: 26px; background-color: #ff6600;\"><span style=\"color: #ffffff;\"><strong>Poses<br \/>\nSN 13<\/strong><\/span><\/td>\n<td style=\"width: 25%; text-align: center; height: 26px; background-color: #ff6600;\"><span style=\"color: #ffffff;\"><strong>R\u00e9sultats<\/strong><\/span><\/td>\n<\/tr>\n<tr style=\"height: 26px;\">\n<td style=\"width: 25%; text-align: center; height: 26px; background-color: #ffcc33;\"><strong><span style=\"color: #0000ff;\">Doigts<\/span><\/strong><\/td>\n<td style=\"width: 25%; text-align: center; height: 26px; background-color: #ffcc33;\"><\/td>\n<td style=\"width: 25%; text-align: center; height: 26px; background-color: #ffcc33;\"><\/td>\n<td style=\"width: 25%; height: 26px; background-color: #ffcc33;\"><\/td>\n<\/tr>\n<tr style=\"height: 154px;\">\n<td style=\"width: 25%; text-align: right; height: 154px;\">Zone 7<\/td>\n<td style=\"width: 25%; text-align: center; height: 154px;\">3<\/td>\n<td style=\"width: 25%; text-align: center; height: 154px;\">14<\/td>\n<td style=\"width: 25%; height: 154px;\">2 Tr\u00e8s bons (d&#8217;embl\u00e9e)<br \/>\n1 Tr\u00e8s bon (apr\u00e8s t\u00e9nolyse)<\/td>\n<\/tr>\n<tr style=\"height: 53px; background-color: #ffffcc;\">\n<td style=\"width: 25%; text-align: right; height: 53px;\">Zone 5<\/td>\n<td style=\"width: 25%; text-align: center; height: 53px;\">1<\/td>\n<td style=\"width: 25%; text-align: center; height: 53px;\">1<\/td>\n<td style=\"width: 25%; height: 53px;\">1 Bonne \u00e9volution (non revu)<\/td>\n<\/tr>\n<tr style=\"height: 308px;\">\n<td style=\"width: 25%; text-align: right; height: 308px;\">Zone 2<\/td>\n<td style=\"width: 25%; text-align: center; height: 308px;\">7<\/td>\n<td style=\"width: 25%; text-align: center; height: 308px;\">7<\/td>\n<td style=\"width: 25%; height: 308px;\">3 Tr\u00e8s bons (Barb-wire +<br \/>\nVerdan<br \/>\n1 Bon (Barb-wire + Verdan)<br \/>\n2 Mauvais (T\u00e9nolyse envisag\u00e9e)<br \/>\n1 Non revu<\/td>\n<\/tr>\n<tr style=\"height: 26px; background-color: #ffffcc;\">\n<td style=\"width: 25%; text-align: right; height: 26px;\">Zone 1<\/td>\n<td style=\"width: 25%; text-align: center; height: 26px;\">2<\/td>\n<td style=\"width: 25%; text-align: center; height: 26px;\">2<\/td>\n<td style=\"width: 25%; height: 26px;\">3 Tr\u00e8s bons<\/td>\n<\/tr>\n<tr style=\"height: 26px;\">\n<td style=\"width: 25%; text-align: right; height: 26px;\">M.P.<\/td>\n<td style=\"width: 25%; text-align: center; height: 26px;\">1<\/td>\n<td style=\"width: 25%; text-align: center; height: 26px;\">1<\/td>\n<td style=\"width: 25%; height: 26px;\">1 Tr\u00e8s bon<\/td>\n<\/tr>\n<tr style=\"height: 101px; background-color: #ffffcc;\">\n<td style=\"width: 25%; text-align: right; height: 101px;\">M.<\/td>\n<td style=\"width: 25%; text-align: center; height: 101px;\">2<\/td>\n<td style=\"width: 25%; text-align: center; height: 101px;\">2<\/td>\n<td style=\"width: 25%; height: 101px;\">1 Bon<br \/>\n1 Non revu<\/td>\n<\/tr>\n<tr style=\"height: 26px;\">\n<td style=\"width: 25%; text-align: center; height: 26px; background-color: #ffcc33;\"><strong><span style=\"color: #0000ff; background-color: #ffcc33;\">Pouce<\/span><\/strong><\/td>\n<td style=\"width: 25%; text-align: center; height: 26px; background-color: #ffcc33;\"><\/td>\n<td style=\"width: 25%; text-align: center; height: 26px; background-color: #ffcc33;\"><\/td>\n<td style=\"width: 25%; height: 26px; background-color: #ffcc33;\"><\/td>\n<\/tr>\n<tr style=\"height: 204px;\">\n<td style=\"width: 25%; text-align: right; height: 204px;\">Zone 3<\/td>\n<td style=\"width: 25%; text-align: center; height: 204px;\">4<\/td>\n<td style=\"width: 25%; text-align: center; height: 204px;\">4<\/td>\n<td style=\"width: 25%; height: 204px;\">2 Tr\u00e8s bons (Barb-wire +<br \/>\nVerdan)<br \/>\n1 Moyen (T\u00e9nolyse envisag\u00e9e)<br \/>\n1 Non revu<\/td>\n<\/tr>\n<tr style=\"height: 26px; background-color: #ffffcc;\">\n<td style=\"width: 25%; text-align: right; height: 26px;\">Zone 1<\/td>\n<td style=\"width: 25%; text-align: center; height: 26px;\">1<\/td>\n<td style=\"width: 25%; text-align: center; height: 26px;\">1<\/td>\n<td style=\"width: 25%; height: 26px;\">1 Bon<\/td>\n<\/tr>\n<\/tbody>\n<\/table>\n<hr \/>\n<p><strong><span style=\"font-size: 18pt;\">Emploi du Barb-Wire : R\u00e9sultats<\/span><\/strong><br \/>\n<strong><span style=\"font-size: 14pt;\">Extenseurs des doigts<\/span><\/strong><\/p>\n<table style=\"border-collapse: collapse; width: 100%; background-color: #ffff66;\" border=\"4\">\n<tbody>\n<tr style=\"height: 26px;\">\n<td style=\"width: 25%; text-align: center; height: 26px; background-color: #ff6600;\"><span style=\"color: #ffffff;\"><strong>Localisation<\/strong><\/span><\/td>\n<td style=\"width: 25%; text-align: center; height: 26px; background-color: #ff6600;\"><span style=\"color: #ffffff;\"><strong>Malades<\/strong><\/span><\/td>\n<td style=\"width: 25%; text-align: center; height: 26px; background-color: #ff6600;\"><span style=\"color: #ffffff;\"><strong>Poses<br \/>\nSN 13<\/strong><\/span><\/td>\n<td style=\"width: 25%; text-align: center; height: 26px; background-color: #ff6600;\"><span style=\"color: #ffffff;\"><strong>R\u00e9sultats<\/strong><\/span><\/td>\n<\/tr>\n<tr style=\"height: 26px;\">\n<td style=\"width: 25%; text-align: center; height: 26px; background-color: #ffcc33;\"><strong><span style=\"color: #0000ff;\">Doigts<\/span><\/strong><\/td>\n<td style=\"width: 25%; text-align: center; height: 26px; background-color: #ffcc33;\"><\/td>\n<td style=\"width: 25%; text-align: center; height: 26px; background-color: #ffcc33;\"><\/td>\n<td style=\"width: 25%; height: 26px; background-color: #ffcc33;\"><\/td>\n<\/tr>\n<tr>\n<td style=\"width: 25%; text-align: right;\">Phalange<br \/>\nMaillet<\/td>\n<td style=\"width: 25%; text-align: center;\">9<\/td>\n<td style=\"width: 25%; text-align: center;\">9<\/td>\n<td style=\"width: 25%; text-align: left; vertical-align: middle;\">1<br \/>\nTr\u00e8s bon,<br \/>\n5 Bons<br \/>\n2 Mauvais<br \/>\n1 Non revu<\/td>\n<\/tr>\n<tr style=\"background-color: #ffffcc;\">\n<td style=\"width: 25%; text-align: right;\">Phalange<br \/>\nBoutonni\u00e8re<\/td>\n<td style=\"width: 25%; text-align: center;\">4<\/td>\n<td style=\"width: 25%; text-align: center;\">4<\/td>\n<td style=\"width: 25%; text-align: left; vertical-align: middle;\">3<br \/>\nTr\u00e8s bons<br \/>\n1 Bons<\/td>\n<\/tr>\n<tr>\n<td style=\"width: 25%; text-align: right;\">M.P.<\/td>\n<td style=\"width: 25%; text-align: center;\">1<\/td>\n<td style=\"width: 25%; text-align: center;\">1<\/td>\n<td style=\"width: 25%; text-align: left; vertical-align: middle;\">1<br \/>\nTr\u00e8s bon<\/td>\n<\/tr>\n<tr style=\"background-color: #ffffcc;\">\n<td style=\"width: 25%; text-align: right;\">M.<\/td>\n<td style=\"width: 25%; text-align: center;\">2<\/td>\n<td style=\"width: 25%; text-align: center;\">2<\/td>\n<td style=\"width: 25%; text-align: left; vertical-align: middle;\">1<br \/>\nBon<br \/>\n1 Non revu<\/td>\n<\/tr>\n<tr style=\"background-color: #ffffcc;\">\n<td style=\"width: 25%; text-align: center; background-color: #ffcc66;\"><strong><span style=\"color: #0000ff;\">Pouce<\/span><\/strong><\/td>\n<td style=\"width: 25%; text-align: center; background-color: #ffcc66;\"><\/td>\n<td style=\"width: 25%; text-align: center; background-color: #ffcc66;\"><\/td>\n<td style=\"width: 25%; text-align: left; vertical-align: middle; background-color: #ffcc66;\"><\/td>\n<\/tr>\n<tr>\n<td style=\"width: 25%; text-align: right;\">M.P.<\/td>\n<td style=\"width: 25%; text-align: center;\">2<\/td>\n<td style=\"width: 25%; text-align: center;\">2<\/td>\n<td style=\"width: 25%; text-align: left; vertical-align: middle;\">2<br \/>\nTr\u00e8s bons<\/td>\n<\/tr>\n<tr style=\"background-color: #ffffcc;\">\n<td style=\"width: 25%; text-align: right;\">C.<\/td>\n<td style=\"width: 25%; text-align: center;\">1<\/td>\n<td style=\"width: 25%; text-align: center;\">2<\/td>\n<td style=\"width: 25%; text-align: left; vertical-align: middle;\">1<br \/>\nMoyen<\/td>\n<\/tr>\n<\/tbody>\n<\/table>\n<hr \/>\n<p><strong><span style=\"font-size: 18pt;\">Emploi du Barb-Wire : R\u00e9sultats<\/span><\/strong><br \/>\n<span style=\"font-size: 14pt;\"><strong>Cas particuliers<\/strong><\/span><\/p>\n<p>&lt;\/tr style=\u00a0\u00bb background-color: rgb(255, 255, 204);\u00a0\u00bb&gt;<\/p>\n<table style=\"border-collapse: collapse; width: 100%; background-color: #ffff66;\" border=\"4\">\n<tbody>\n<tr>\n<td style=\"width: 25%; text-align: center; background-color: #ff6600;\"><span style=\"color: #ffffff;\"><strong>Localisation<\/strong><\/span><\/td>\n<td style=\"width: 25%; text-align: center; background-color: #ff6600;\"><span style=\"color: #ffffff;\"><strong>Malades<\/strong><\/span><\/td>\n<td style=\"width: 25%; text-align: center; background-color: #ff6600;\"><span style=\"color: #ffffff;\"><strong>Poses<br \/>\nSN 13<\/strong><\/span><\/td>\n<td style=\"width: 25%; text-align: center; background-color: #ff6600;\"><span style=\"color: #ffffff;\"><strong>R\u00e9sultats<\/strong><\/span><\/td>\n<\/tr>\n<tr>\n<td style=\"width: 25%; text-align: right;\">Ost\u00e9osynth\u00e8ses<\/td>\n<td style=\"width: 25%; text-align: center;\">2<\/td>\n<td style=\"width: 25%; text-align: center;\">2<\/td>\n<td style=\"width: 25%; text-align: left; vertical-align: middle;\">1<br \/>\nTr\u00e8s bon<br \/>\n1 Bon<\/td>\n<\/tr>\n<tr style=\"background-color: #ffffcc;\">\n<td style=\"width: 25%; text-align: right; background-color: #ffffcc;\">R\u00e9insertions<br \/>\nMusculaire<\/td>\n<td style=\"width: 25%; text-align: center;\">2<\/td>\n<td style=\"width: 25%; text-align: center;\">2<\/td>\n<td style=\"width: 25%; text-align: left; vertical-align: middle;\">2<br \/>\nTr\u00e8s bons<\/td>\n<\/tr>\n<tr>\n<td style=\"width: 25%; text-align: right;\">R\u00e9insertions<br \/>\nTendineuse<\/td>\n<td style=\"width: 25%; text-align: center;\">1<\/td>\n<td style=\"width: 25%; text-align: center;\">1<\/td>\n<td style=\"width: 25%; text-align: left; vertical-align: middle;\">1<br \/>\nBon<\/td>\n<\/tr>\n<tr style=\"background-color: #ffffcc;\">\n<td style=\"width: 25%; text-align: right;\">R\u00e9insertions<br \/>\nLigamentaire<\/td>\n<td style=\"width: 25%; text-align: center;\">3<\/td>\n<td style=\"width: 25%; text-align: center;\">3<\/td>\n<td style=\"width: 25%; text-align: left; vertical-align: middle;\">1<br \/>\nTr\u00e8s bon<br \/>\n2 Bons<\/td>\n<\/tr>\n<tr>\n<td style=\"width: 25%; text-align: right;\">Greffe<\/td>\n<td style=\"width: 25%; text-align: center;\">1<\/td>\n<td style=\"width: 25%; text-align: center;\">1<\/td>\n<td style=\"width: 25%; text-align: left; vertical-align: middle;\">1<br \/>\nMoyen<\/td>\n<\/tr>\n<\/tbody>\n<\/table>\n<p style=\"text-align: center;\">&#8212;&#8211;<br \/>\n<strong>Entre <span style=\"color: #0000ff;\">Juin 1970 <\/span>et<br \/>\n<span style=\"color: #0000ff;\">Juin 1972<\/span>,<\/strong><br \/>\n<strong>les <span style=\"color: #0000ff;\">46 malades <\/span>ayant<br \/>\nre\u00e7u un <span style=\"color: #0000ff;\">Barb-Wire<\/span><\/strong><br \/>\n<strong>\u00e0 l<span style=\"color: #0000ff;\">&lsquo;H\u00f4pital d&rsquo;Instruction<br \/>\ndes Arm\u00e9es SAINTE ANNE<br \/>\n<\/span><\/strong><strong><span style=\"color: #0000ff;\">\u00e0 TOULON<\/span>,<\/strong><br \/>\n<strong>repr\u00e9sentent : <span style=\"color: #0000ff;\">58 poses<br \/>\nde SN 13 <\/span><\/strong><strong>des laboratoires ETHICON<\/strong><\/p>\n<hr \/>\n<p><a title=\"Observations R\u00e9sultats\" href=\"https:\/\/mboudry.fr\/thesewp2\/discussion\/discussion\/\">Page suivante<\/a><br \/>\n<a title=\"Observations Tendons extenseurs des doigts\" href=\"https:\/\/mboudry.fr\/thesewp2\/observations\/observations-cas-particuliers\/\">Page<br \/>\npr\u00e9c\u00e9dente<\/a><br \/>\n<a title=\"Plan\" href=\"https:\/\/mboudry.fr\/thesewp2\/plan\/\">Plan du<br \/>\ndocument<\/a><\/p>\n","protected":false},"excerpt":{"rendered":"<p>Emploi du Barb-Wire : R\u00e9sultats Fl\u00e9chisseurs des doigts (suture primaire) Localisation Malades Poses SN 13 R\u00e9sultats Doigts Zone 7 3 14 2 Tr\u00e8s bons (d&#8217;embl\u00e9e) 1 Tr\u00e8s bon (apr\u00e8s t\u00e9nolyse) Zone 5 1 1 1 Bonne \u00e9volution (non revu) Zone 2 7 7 3 Tr\u00e8s bons (Barb-wire + Verdan 1 Bon (Barb-wire + Verdan) 2 &hellip; <\/p>\n<p class=\"link-more\"><a href=\"https:\/\/mboudry.fr\/thesewp2\/observations\/resultats\/\" class=\"more-link\">Continuer la lecture<span class=\"screen-reader-text\"> de &laquo;&nbsp;R\u00e9sultats&nbsp;&raquo;<\/span><\/a><\/p>\n","protected":false},"author":1,"featured_media":0,"parent":17,"menu_order":0,"comment_status":"open","ping_status":"open","template":"","meta":{"footnotes":""},"class_list":["post-60","page","type-page","status-publish","hentry"],"_links":{"self":[{"href":"https:\/\/mboudry.fr\/thesewp2\/wp-json\/wp\/v2\/pages\/60","targetHints":{"allow":["GET"]}}],"collection":[{"href":"https:\/\/mboudry.fr\/thesewp2\/wp-json\/wp\/v2\/pages"}],"about":[{"href":"https:\/\/mboudry.fr\/thesewp2\/wp-json\/wp\/v2\/types\/page"}],"author":[{"embeddable":true,"href":"https:\/\/mboudry.fr\/thesewp2\/wp-json\/wp\/v2\/users\/1"}],"replies":[{"embeddable":true,"href":"https:\/\/mboudry.fr\/thesewp2\/wp-json\/wp\/v2\/comments?post=60"}],"version-history":[{"count":46,"href":"https:\/\/mboudry.fr\/thesewp2\/wp-json\/wp\/v2\/pages\/60\/revisions"}],"predecessor-version":[{"id":613,"href":"https:\/\/mboudry.fr\/thesewp2\/wp-json\/wp\/v2\/pages\/60\/revisions\/613"}],"up":[{"embeddable":true,"href":"https:\/\/mboudry.fr\/thesewp2\/wp-json\/wp\/v2\/pages\/17"}],"wp:attachment":[{"href":"https:\/\/mboudry.fr\/thesewp2\/wp-json\/wp\/v2\/media?parent=60"}],"curies":[{"name":"wp","href":"https:\/\/api.w.org\/{rel}","templated":true}]}}