{"id":62,"date":"2014-11-29T15:11:46","date_gmt":"2014-11-29T14:11:46","guid":{"rendered":"http:\/\/mboudry.wordpress.com\/?page_id=62"},"modified":"2019-08-19T15:25:00","modified_gmt":"2019-08-19T13:25:00","slug":"observations-cas-particuliers","status":"publish","type":"page","link":"https:\/\/mboudry.fr\/thesewp2\/observations\/observations-cas-particuliers\/","title":{"rendered":"Observations Cas particuliers"},"content":{"rendered":"<p><strong><span style=\"font-size: 18pt;\">Cas particuliers<\/span><\/strong><\/p>\n<table style=\"width: 100%; border-collapse: collapse; background-color: #f5dd76; border-color: #000000;\" border=\"4\">\n<tbody>\n<tr>\n<td style=\"width: 33.3333%; text-align: right;\">Ost\u00e9osynth\u00e8se<\/td>\n<td style=\"width: 49.0229%;\">Fracture condylienne P2<\/td>\n<td style=\"width: 17.6437%; text-align: center;\">1<\/td>\n<\/tr>\n<tr>\n<td style=\"width: 33.3333%; text-align: right;\">Ost\u00e9osynth\u00e8se<\/td>\n<td style=\"width: 49.0229%;\">Fracture s\u00e9paration P3<\/td>\n<td style=\"width: 17.6437%; text-align: center;\">1<\/td>\n<\/tr>\n<tr>\n<td style=\"width: 33.3333%; text-align: right;\">R\u00e9insertion<\/td>\n<td style=\"width: 49.0229%;\">Musculaire<\/td>\n<td style=\"width: 17.6437%; text-align: center;\">2<\/td>\n<\/tr>\n<tr>\n<td style=\"width: 33.3333%; text-align: right;\">R\u00e9insertion<\/td>\n<td style=\"width: 49.0229%;\">Tendineuse<\/td>\n<td style=\"width: 17.6437%; text-align: center;\">1<\/td>\n<\/tr>\n<tr>\n<td style=\"width: 33.3333%; text-align: right;\">R\u00e9insertion<\/td>\n<td style=\"width: 49.0229%;\">Ligamentaire<\/td>\n<td style=\"width: 17.6437%; text-align: center;\">3<\/td>\n<\/tr>\n<tr>\n<td style=\"width: 33.3333%; text-align: right;\">Greffe<\/td>\n<td style=\"width: 49.0229%;\">Petit palmaire sur Extenseur du II<\/td>\n<td style=\"width: 17.6437%; text-align: center;\">1<\/td>\n<\/tr>\n<tr>\n<td style=\"width: 33.3333%; text-align: right;\"><strong>TOTAL<\/strong><\/td>\n<td style=\"width: 49.0229%;\"><\/td>\n<td style=\"width: 17.6437%; text-align: center;\"><strong>9<\/strong><\/td>\n<\/tr>\n<\/tbody>\n<\/table>\n<p>&nbsp;<\/p>\n<p>Ces 9 malades repr\u00e9sentent des utilisations diverses du SN 13 des laboratoires ETHICON.<\/p>\n<p>Explications et r\u00e9sultats :<br \/>\n-* Ost\u00e9osynth\u00e8ses (3) (39) (45)<br \/>\n-** Nous avons utilis\u00e9 (2 cas) le Barb-Wire comme moyen de contention de fracture difficile \u00e0 fixer en suivant les moyens classiques : fracture condylienne \u00e0 fragment fissur\u00e9; fracture esquilleuse de la derni\u00e8re phalange ( 1 &amp; 2) (3, 4 &amp; 5)<br \/>\n-** Les r\u00e9sultats :<br \/>\n-*** 2 Tr\u00e8s bons, l&rsquo;immobilisation compl\u00e9mentaire n&rsquo;est pas n\u00e9cessaire<\/p>\n<p>-* R\u00e9insertions<br \/>\n-** Le fil d&rsquo;acier avec harpon, amovible, vite pos\u00e9 et r\u00e9alisant un blocage suffisant, est tr\u00e8s utilis\u00e9 dans les r\u00e9insertions musculaires tendineuses ou ligamentaires.<br \/>\n-** Nous l&#8217;employons notamment dans l&rsquo;op\u00e9ration de CHASE, amputation du 3\u00e8me m\u00e9tacarpien pr\u00e8s de sa base en vue de cr\u00e9er une main esth\u00e9tique \u00e0 3 doigts, pour les amputations proximales de l&rsquo;index. le Barb-Wire permet de r\u00e9ins\u00e9rer le 1er interosseux sur le 2\u00e8me : 2 cas (1). L&rsquo;int\u00e9r\u00eat du SN 13 est qu&rsquo;il ne laisse pas sous la peau de points de fil non r\u00e9sorbable souvent mal tol\u00e9r\u00e9 ult\u00e9rieurement du fait de la vuln\u00e9rabilit\u00e9 de la r\u00e9gion (n\u00e9o-1\u00e8re commissure).<br \/>\n-** Les r\u00e9 insertions ligamentaires et tendineuses peuvent aussi b\u00e9n\u00e9ficier du Barb-Wire.<br \/>\n-*** Nous l\u00a0\u00bbavons utilis\u00e9 :<br \/>\n-**** Dans 1 cas d&rsquo;entorse grave du pouce avec rupture du ligament lat\u00e9ral externe de l&rsquo;articulation m\u00e9tacarpophalangienne du 5\u00e8me doigt (2) . (83)<br \/>\n-**** Dans 2 cas de paralysie cubitale en association \u00e0 une op\u00e9ration de ZANCOLLI un transfert de l&rsquo;extenseur propre de l&rsquo;index sur le tendon du 1er interosseux ou le Barb-Wire permet de r\u00e9aliser une suture amovible. Cette suture n&rsquo;a pas le d\u00e9sagr\u00e9ment de laisser en place des points de fils non r\u00e9sorbables mal tol\u00e9r\u00e9s dans le 1er espace interdigital en regard de la t\u00eate du 2\u00e8me m\u00e9tacarpien.<br \/>\n-**** Dans un cas pour effectuer une r\u00e9insertion du fl\u00e9chisseur profond du 5\u00e8me doigts sur la 3\u00e8me phalange forage \u00e0 la m\u00e8che fine de la base de P3 appui transosseux transungu\u00e9al. On peut comparer ce mode de r\u00e9insertion aux sutures :<br \/>\n-***** Lacet perdu de WAKEFIELD (74)<br \/>\n-***** Pull-out et bouton de ST BUNNEL<br \/>\n-***** Fixation trans-osseuse de PULVERTAFT<br \/>\n-***** Fixation au moignon d\u00e9doubl\u00e9 d&rsquo;ALLEN (5) (28)<br \/>\n-**** Les r\u00e9sultats :<br \/>\n-***** Dans nos 6 cas, ils nous ont paru bons.<\/p>\n<p>-* Greffe<br \/>\n-** Nous n&rsquo;avons r\u00e9alis\u00e9 qu&rsquo;une seule greffe, greffe primaire employant le SN13 : Greffe en pont sur l&rsquo;extenseur de l&rsquo;index utilisant le peiti palmaire pour une plaie contuse avec perte de substance du dos de la main. (greffe arm\u00e9e)<br \/>\n-** Les r\u00e9sultats :<br \/>\n-*** pour notre seul cas, r\u00e9sultat moyen.<\/p>\n<hr \/>\n<p>&nbsp;<\/p>\n<p><a title=\"Observations R\u00e9sultats\" href=\"https:\/\/mboudry.fr\/thesewp2\/observations\/resultats\/\">Page suivante<\/a><br \/>\n<a title=\"Observations Tendons extenseurs des doigts\" href=\"https:\/\/mboudry.fr\/thesewp2\/observations\/observations-tendons-extenseurs-des-doigts\/\">Page pr\u00e9c\u00e9dente<\/a><br \/>\n<a title=\"Plan\" href=\"https:\/\/mboudry.fr\/thesewp2\/plan\/\">Plan du document<\/a><\/p>\n","protected":false},"excerpt":{"rendered":"<p>Cas particuliers Ost\u00e9osynth\u00e8se Fracture condylienne P2 1 Ost\u00e9osynth\u00e8se Fracture s\u00e9paration P3 1 R\u00e9insertion Musculaire 2 R\u00e9insertion Tendineuse 1 R\u00e9insertion Ligamentaire 3 Greffe Petit palmaire sur Extenseur du II 1 TOTAL 9 &nbsp; Ces 9 malades repr\u00e9sentent des utilisations diverses du SN 13 des laboratoires ETHICON. Explications et r\u00e9sultats : -* Ost\u00e9osynth\u00e8ses (3) (39) (45) -** &hellip; <\/p>\n<p class=\"link-more\"><a href=\"https:\/\/mboudry.fr\/thesewp2\/observations\/observations-cas-particuliers\/\" class=\"more-link\">Continuer la lecture<span class=\"screen-reader-text\"> de &laquo;&nbsp;Observations Cas particuliers&nbsp;&raquo;<\/span><\/a><\/p>\n","protected":false},"author":1,"featured_media":0,"parent":17,"menu_order":0,"comment_status":"open","ping_status":"open","template":"","meta":{"footnotes":""},"class_list":["post-62","page","type-page","status-publish","hentry"],"_links":{"self":[{"href":"https:\/\/mboudry.fr\/thesewp2\/wp-json\/wp\/v2\/pages\/62","targetHints":{"allow":["GET"]}}],"collection":[{"href":"https:\/\/mboudry.fr\/thesewp2\/wp-json\/wp\/v2\/pages"}],"about":[{"href":"https:\/\/mboudry.fr\/thesewp2\/wp-json\/wp\/v2\/types\/page"}],"author":[{"embeddable":true,"href":"https:\/\/mboudry.fr\/thesewp2\/wp-json\/wp\/v2\/users\/1"}],"replies":[{"embeddable":true,"href":"https:\/\/mboudry.fr\/thesewp2\/wp-json\/wp\/v2\/comments?post=62"}],"version-history":[{"count":7,"href":"https:\/\/mboudry.fr\/thesewp2\/wp-json\/wp\/v2\/pages\/62\/revisions"}],"predecessor-version":[{"id":609,"href":"https:\/\/mboudry.fr\/thesewp2\/wp-json\/wp\/v2\/pages\/62\/revisions\/609"}],"up":[{"embeddable":true,"href":"https:\/\/mboudry.fr\/thesewp2\/wp-json\/wp\/v2\/pages\/17"}],"wp:attachment":[{"href":"https:\/\/mboudry.fr\/thesewp2\/wp-json\/wp\/v2\/media?parent=62"}],"curies":[{"name":"wp","href":"https:\/\/api.w.org\/{rel}","templated":true}]}}