{"id":7,"date":"2014-11-29T14:54:25","date_gmt":"2014-11-29T13:54:25","guid":{"rendered":"http:\/\/mboudry.wordpress.com\/?page_id=7"},"modified":"2019-08-18T10:20:28","modified_gmt":"2019-08-18T08:20:28","slug":"iconographie","status":"publish","type":"page","link":"https:\/\/mboudry.fr\/thesewp2\/iconographie\/","title":{"rendered":"Iconographie"},"content":{"rendered":"<p><a title=\"G\u00e9n\u00e9ralit\u00e9s\" href=\"https:\/\/mboudry.fr\/thesewp2\/iconographie\/generalites\/\"><strong>G\u00e9n\u00e9ralit\u00e9s<\/strong><\/a><br \/>\n<a title=\"Prise de vues\" href=\"https:\/\/mboudry.fr\/thesewp2\/iconographie\/prise-de-vues\/\"><strong>Prise de vue<\/strong><\/a><br \/>\n<a title=\"D\u00e9veloppements Tirages\" href=\"https:\/\/mboudry.fr\/thesewp2\/iconographie\/developpements-tirages\/\"><strong>D\u00e9veloppement Tirage<\/strong><\/a><br \/>\n<a title=\"Conclusion\" href=\"https:\/\/mboudry.fr\/thesewp2\/iconographie\/conclusion\/\"><strong>Conclusion<\/strong><\/a><\/p>\n<hr \/>\n<p>&nbsp;<\/p>\n<p><a title=\"G\u00e9n\u00e9ralit\u00e9s\" href=\"https:\/\/mboudry.fr\/thesewp2\/iconographie\/generalites\/\">Page suivante<\/a><br \/>\n<a title=\"Iconographie\" href=\"https:\/\/mboudry.fr\/thesewp2\/dedicace-2\/dedicace\/\">Page pr\u00e9c\u00e9dente<\/a><br \/>\n<a title=\"Plan\" href=\"https:\/\/mboudry.fr\/thesewp2\/plan\/\">Plan du document<\/a><\/p>\n","protected":false},"excerpt":{"rendered":"<p>G\u00e9n\u00e9ralit\u00e9s Prise de vue D\u00e9veloppement Tirage Conclusion &nbsp; Page suivante Page pr\u00e9c\u00e9dente Plan du document<\/p>\n","protected":false},"author":1,"featured_media":0,"parent":0,"menu_order":0,"comment_status":"open","ping_status":"open","template":"","meta":{"footnotes":""},"class_list":["post-7","page","type-page","status-publish","hentry"],"_links":{"self":[{"href":"https:\/\/mboudry.fr\/thesewp2\/wp-json\/wp\/v2\/pages\/7","targetHints":{"allow":["GET"]}}],"collection":[{"href":"https:\/\/mboudry.fr\/thesewp2\/wp-json\/wp\/v2\/pages"}],"about":[{"href":"https:\/\/mboudry.fr\/thesewp2\/wp-json\/wp\/v2\/types\/page"}],"author":[{"embeddable":true,"href":"https:\/\/mboudry.fr\/thesewp2\/wp-json\/wp\/v2\/users\/1"}],"replies":[{"embeddable":true,"href":"https:\/\/mboudry.fr\/thesewp2\/wp-json\/wp\/v2\/comments?post=7"}],"version-history":[{"count":2,"href":"https:\/\/mboudry.fr\/thesewp2\/wp-json\/wp\/v2\/pages\/7\/revisions"}],"predecessor-version":[{"id":408,"href":"https:\/\/mboudry.fr\/thesewp2\/wp-json\/wp\/v2\/pages\/7\/revisions\/408"}],"wp:attachment":[{"href":"https:\/\/mboudry.fr\/thesewp2\/wp-json\/wp\/v2\/media?parent=7"}],"curies":[{"name":"wp","href":"https:\/\/api.w.org\/{rel}","templated":true}]}}