{"id":75,"date":"2014-11-29T15:18:24","date_gmt":"2014-11-29T14:18:24","guid":{"rendered":"http:\/\/mboudry.wordpress.com\/?page_id=75"},"modified":"2019-08-18T19:02:57","modified_gmt":"2019-08-18T17:02:57","slug":"generalites","status":"publish","type":"page","link":"https:\/\/mboudry.fr\/thesewp2\/iconographie\/generalites\/","title":{"rendered":"G\u00e9n\u00e9ralit\u00e9s"},"content":{"rendered":"<p>L&rsquo;illustration de cette th\u00e8se nous est apparue d&rsquo;importance croissante au fil de la connaissance du sujet. Notre penchant vers la Photographie, notre mat\u00e9riel personnel, a aid\u00e9 \u00e0 sa r\u00e9alisation. Nous avons pu mettre en pratique, \u00e0 \u00e9chelle suffisante, quelques chapitres de technique photographique. Ce travail nous a sembl\u00e9 suffisamment int\u00e9ressant pour motiver ce chapitre.<\/p>\n<p>Envisageons les diff\u00e9rents temps de r\u00e9alisation :<br \/>\n-* Prise de vue,<br \/>\n-* D\u00e9veloppement,<br \/>\n-* Tirage.<\/p>\n<p><a title=\"Prise de vues\" href=\"https:\/\/mboudry.fr\/thesewp2\/iconographie\/prise-de-vues\/\">Page suivante<\/a><br \/>\n<a title=\"D\u00e9dicace\" href=\"https:\/\/mboudry.fr\/thesewp2\/dedicace-2\/dedicace\/\">Page pr\u00e9c\u00e9dente<\/a><br \/>\n<a href=\"https:\/\/mboudry.fr\/thesewp2\/plan\/\">Plan<\/a><\/p>\n","protected":false},"excerpt":{"rendered":"<p>L&rsquo;illustration de cette th\u00e8se nous est apparue d&rsquo;importance croissante au fil de la connaissance du sujet. Notre penchant vers la Photographie, notre mat\u00e9riel personnel, a aid\u00e9 \u00e0 sa r\u00e9alisation. Nous avons pu mettre en pratique, \u00e0 \u00e9chelle suffisante, quelques chapitres de technique photographique. Ce travail nous a sembl\u00e9 suffisamment int\u00e9ressant pour motiver ce chapitre. Envisageons &hellip; <\/p>\n<p class=\"link-more\"><a href=\"https:\/\/mboudry.fr\/thesewp2\/iconographie\/generalites\/\" class=\"more-link\">Continuer la lecture<span class=\"screen-reader-text\"> de &laquo;&nbsp;G\u00e9n\u00e9ralit\u00e9s&nbsp;&raquo;<\/span><\/a><\/p>\n","protected":false},"author":1,"featured_media":0,"parent":7,"menu_order":0,"comment_status":"open","ping_status":"open","template":"","meta":{"footnotes":""},"class_list":["post-75","page","type-page","status-publish","hentry"],"_links":{"self":[{"href":"https:\/\/mboudry.fr\/thesewp2\/wp-json\/wp\/v2\/pages\/75","targetHints":{"allow":["GET"]}}],"collection":[{"href":"https:\/\/mboudry.fr\/thesewp2\/wp-json\/wp\/v2\/pages"}],"about":[{"href":"https:\/\/mboudry.fr\/thesewp2\/wp-json\/wp\/v2\/types\/page"}],"author":[{"embeddable":true,"href":"https:\/\/mboudry.fr\/thesewp2\/wp-json\/wp\/v2\/users\/1"}],"replies":[{"embeddable":true,"href":"https:\/\/mboudry.fr\/thesewp2\/wp-json\/wp\/v2\/comments?post=75"}],"version-history":[{"count":4,"href":"https:\/\/mboudry.fr\/thesewp2\/wp-json\/wp\/v2\/pages\/75\/revisions"}],"predecessor-version":[{"id":546,"href":"https:\/\/mboudry.fr\/thesewp2\/wp-json\/wp\/v2\/pages\/75\/revisions\/546"}],"up":[{"embeddable":true,"href":"https:\/\/mboudry.fr\/thesewp2\/wp-json\/wp\/v2\/pages\/7"}],"wp:attachment":[{"href":"https:\/\/mboudry.fr\/thesewp2\/wp-json\/wp\/v2\/media?parent=75"}],"curies":[{"name":"wp","href":"https:\/\/api.w.org\/{rel}","templated":true}]}}