{"id":77,"date":"2014-11-29T15:19:02","date_gmt":"2014-11-29T14:19:02","guid":{"rendered":"http:\/\/mboudry.wordpress.com\/?page_id=77"},"modified":"2019-08-18T10:22:16","modified_gmt":"2019-08-18T08:22:16","slug":"prise-de-vues","status":"publish","type":"page","link":"https:\/\/mboudry.fr\/thesewp2\/iconographie\/prise-de-vues\/","title":{"rendered":"Prise de vues"},"content":{"rendered":"<p><strong>1\/ SUJET :<\/strong><\/p>\n<p>Les sujets ont \u00e9t\u00e9 d&rsquo;une grande vari\u00e9t\u00e9<br \/>\n-* Documents \u00e0 reproduire :<br \/>\n-** Illustrations d&rsquo;articles imprim\u00e9s emprunt\u00e9 au \u00ab\u00a0Journal of Bone ans Joint Surgery\u00a0\u00bb<br \/>\n-** Diapositives couleurs faisant partie des archives du Service, r\u00e9alis\u00e9es et aimablement pr\u00eat\u00e9es par le Dr J.P. MEYRUEIS<br \/>\n-** Radiographies des dossiers m\u00e9dicaux<\/p>\n<p>-* Prise de vue pures<br \/>\n-** Le SN 13 des Laboratoires ETHICON<br \/>\n-** Vues Pr\u00e9 et Postop\u00e9ratoires<br \/>\n-** Vues Perop\u00e9ratoires<br \/>\n-** Vues r\u00e9alis\u00e9es \u00e0 l&rsquo;Amphith\u00e9\u00e2tre d&rsquo;Anatomie de l&rsquo;H\u00f4pital d&rsquo;Instruction des Arm\u00e9es Sainte Anne.<\/p>\n<p><strong>2\/ MATERIEL :<\/strong><\/p>\n<p>-* Prise de vue :<br \/>\n-** 24&#215;36 Boitiers NIKON \u00ab\u00a0F\u00a0\u00bb dont l&rsquo;un motoris\u00e9. Objectifs : Micro NIKKOR de 55 mm, NIKKOR de 135 mm. Bagues allonges. Pieds.<\/p>\n<p>-* Surfaces sensibles<br \/>\n-** Film Noir et Blanc, grain fin, Type PANATOMIC ou PAN-F MICROFILE pour les reproductions de diapositives, rampe lumineuse pour les reproductions des textes.<\/p>\n<p><strong>3\/ METHODE :<\/strong><\/p>\n<p>-* Sans entrer dans les d\u00e9tails techniques, nous avons particuli\u00e8rement appr\u00e9ci\u00e9 :<br \/>\n-** la bo\u00eete \u00e0 lumi\u00e8re et le flash \u00e9lectronique associ\u00e9 \u00e0 l&rsquo;objectif macro pour la reproduction de diapositives<br \/>\n-** le flash \u00e9lectronique pour la reproduction des radiographies (proc\u00e9d\u00e9 rapide et \u00e9vitant les boug\u00e9s)<br \/>\n-** le boitier motoris\u00e9, le 135 mm associ\u00e9 \u00e0 une bague-allonge,<br \/>\n-** le flash \u00e9lectronique pour les vues op\u00e9ratoires<br \/>\n-** la motorisation rendant possible l&rsquo;aide op\u00e9ratoire ET la prise de vue (contact \u00e9lectrique au pied : sonnette), l&rsquo;appareil restant \u00e9loign\u00e9 du champ mais fournissant un grossissement suffisant sur le n\u00e9gatif.<\/p>\n<hr \/>\n<p>&nbsp;<\/p>\n<p><a title=\"D\u00e9veloppements Tirages\" href=\"https:\/\/mboudry.fr\/thesewp2\/iconographie\/developpements-tirages\/\">Page suivante<\/a><br \/>\n<a title=\"G\u00e9n\u00e9ralit\u00e9s\" href=\"https:\/\/mboudry.fr\/thesewp2\/iconographie\/generalites\/\">Page pr\u00e9c\u00e9dente<br \/>\n<\/a><a title=\"Plan\" href=\"https:\/\/mboudry.fr\/thesewp2\/plan\/\">Plan du document<\/a><\/p>\n","protected":false},"excerpt":{"rendered":"<p>1\/ SUJET : Les sujets ont \u00e9t\u00e9 d&rsquo;une grande vari\u00e9t\u00e9 -* Documents \u00e0 reproduire : -** Illustrations d&rsquo;articles imprim\u00e9s emprunt\u00e9 au \u00ab\u00a0Journal of Bone ans Joint Surgery\u00a0\u00bb -** Diapositives couleurs faisant partie des archives du Service, r\u00e9alis\u00e9es et aimablement pr\u00eat\u00e9es par le Dr J.P. MEYRUEIS -** Radiographies des dossiers m\u00e9dicaux -* Prise de vue pures &hellip; <\/p>\n<p class=\"link-more\"><a href=\"https:\/\/mboudry.fr\/thesewp2\/iconographie\/prise-de-vues\/\" class=\"more-link\">Continuer la lecture<span class=\"screen-reader-text\"> de &laquo;&nbsp;Prise de vues&nbsp;&raquo;<\/span><\/a><\/p>\n","protected":false},"author":1,"featured_media":0,"parent":7,"menu_order":0,"comment_status":"open","ping_status":"open","template":"","meta":{"footnotes":""},"class_list":["post-77","page","type-page","status-publish","hentry"],"_links":{"self":[{"href":"https:\/\/mboudry.fr\/thesewp2\/wp-json\/wp\/v2\/pages\/77","targetHints":{"allow":["GET"]}}],"collection":[{"href":"https:\/\/mboudry.fr\/thesewp2\/wp-json\/wp\/v2\/pages"}],"about":[{"href":"https:\/\/mboudry.fr\/thesewp2\/wp-json\/wp\/v2\/types\/page"}],"author":[{"embeddable":true,"href":"https:\/\/mboudry.fr\/thesewp2\/wp-json\/wp\/v2\/users\/1"}],"replies":[{"embeddable":true,"href":"https:\/\/mboudry.fr\/thesewp2\/wp-json\/wp\/v2\/comments?post=77"}],"version-history":[{"count":2,"href":"https:\/\/mboudry.fr\/thesewp2\/wp-json\/wp\/v2\/pages\/77\/revisions"}],"predecessor-version":[{"id":410,"href":"https:\/\/mboudry.fr\/thesewp2\/wp-json\/wp\/v2\/pages\/77\/revisions\/410"}],"up":[{"embeddable":true,"href":"https:\/\/mboudry.fr\/thesewp2\/wp-json\/wp\/v2\/pages\/7"}],"wp:attachment":[{"href":"https:\/\/mboudry.fr\/thesewp2\/wp-json\/wp\/v2\/media?parent=77"}],"curies":[{"name":"wp","href":"https:\/\/api.w.org\/{rel}","templated":true}]}}