{"id":79,"date":"2014-11-29T15:19:39","date_gmt":"2014-11-29T14:19:39","guid":{"rendered":"http:\/\/mboudry.wordpress.com\/?page_id=79"},"modified":"2019-08-18T10:23:35","modified_gmt":"2019-08-18T08:23:35","slug":"developpements-tirages","status":"publish","type":"page","link":"https:\/\/mboudry.fr\/thesewp2\/iconographie\/developpements-tirages\/","title":{"rendered":"D\u00e9veloppements Tirages"},"content":{"rendered":"<p><strong>D\u00c9VELOPPEMENT<\/strong><\/p>\n<p>Il n&rsquo;a \u00e9t\u00e9 pos\u00e9 de probl\u00e8me particulier. les films ont \u00e9t\u00e9 utilis\u00e9s \u00e0 leur sensibilit\u00e9 nominale et trait\u00e9s par des r\u00e9v\u00e9lateurs, grain fin, type MICRODOL ou RODINAL dilu\u00e9, gr\u00e2ce \u00e0 des cuves \u00e0 d\u00e9veloppement type PATERSON.<\/p>\n<p><strong>TIRAGE<\/strong><\/p>\n<p>Apr\u00e8s un choix effectu\u00e9 sur les planches-contacts des diff\u00e9rents n\u00e9gatifs obtenus, nous avons pr\u00e9f\u00e9r\u00e9 effectuer le tirage de chaque \u00e9preuve finale \u00e0 l&rsquo;agrandisseur, \u00e9cartant la possibilit\u00e9 d&rsquo;effectuer ce tirage par contact \u00e0 partir d&rsquo;une maquette plan\/film (r\u00e9sultat final de qualit\u00e9 inf\u00e9rieure)<\/p>\n<p>Mat\u00e9riel :<\/p>\n<p>Agrandisseur DURST F 301, Objectif COMPONON de 50 mm, compte-poses \u00e9lectronique PHILIPS, Margeur \u00e0 4 bandes mobiles, Glaceuse.<br \/>\nPapier Blanc Brillant BROVIRA et ILFOBROM 18&#215;24, R\u00e9v\u00e9lateur DEKTOL dilu\u00e9, Cuvettes de d\u00e9veloppement.<\/p>\n<p>M\u00e9thode :<\/p>\n<p>Classique avec l&rsquo;aide pr\u00e9cieuse du compte-pose \u00e9lectronique. Pour les planches 18&#215;24 des \u00e9preuves finales, il nous a fallu reprendre la feuille de papier sensible jusqu&rsquo;\u00e0 huit fois sur le margeur. Gla\u00e7age effectu\u00e9 \u00e0 chaud.<\/p>\n<hr \/>\n<p>&nbsp;<\/p>\n<p><a title=\"Conclusion\" href=\"https:\/\/mboudry.fr\/thesewp2\/iconographie\/conclusion\/\">Page suivante<\/a><br \/>\n<a title=\"Prise de vues\" href=\"https:\/\/mboudry.fr\/thesewp2\/iconographie\/prise-de-vues\/\">Page pr\u00e9c\u00e9dente<br \/>\n<\/a><a title=\"Plan\" href=\"http:\/\/mboudry.fr\/thesewp\/?page_id=27\">Plan du document<\/a><\/p>\n","protected":false},"excerpt":{"rendered":"<p>D\u00c9VELOPPEMENT Il n&rsquo;a \u00e9t\u00e9 pos\u00e9 de probl\u00e8me particulier. les films ont \u00e9t\u00e9 utilis\u00e9s \u00e0 leur sensibilit\u00e9 nominale et trait\u00e9s par des r\u00e9v\u00e9lateurs, grain fin, type MICRODOL ou RODINAL dilu\u00e9, gr\u00e2ce \u00e0 des cuves \u00e0 d\u00e9veloppement type PATERSON. TIRAGE Apr\u00e8s un choix effectu\u00e9 sur les planches-contacts des diff\u00e9rents n\u00e9gatifs obtenus, nous avons pr\u00e9f\u00e9r\u00e9 effectuer le tirage &hellip; <\/p>\n<p class=\"link-more\"><a href=\"https:\/\/mboudry.fr\/thesewp2\/iconographie\/developpements-tirages\/\" class=\"more-link\">Continuer la lecture<span class=\"screen-reader-text\"> de &laquo;&nbsp;D\u00e9veloppements Tirages&nbsp;&raquo;<\/span><\/a><\/p>\n","protected":false},"author":1,"featured_media":0,"parent":7,"menu_order":0,"comment_status":"open","ping_status":"open","template":"","meta":{"footnotes":""},"class_list":["post-79","page","type-page","status-publish","hentry"],"_links":{"self":[{"href":"https:\/\/mboudry.fr\/thesewp2\/wp-json\/wp\/v2\/pages\/79","targetHints":{"allow":["GET"]}}],"collection":[{"href":"https:\/\/mboudry.fr\/thesewp2\/wp-json\/wp\/v2\/pages"}],"about":[{"href":"https:\/\/mboudry.fr\/thesewp2\/wp-json\/wp\/v2\/types\/page"}],"author":[{"embeddable":true,"href":"https:\/\/mboudry.fr\/thesewp2\/wp-json\/wp\/v2\/users\/1"}],"replies":[{"embeddable":true,"href":"https:\/\/mboudry.fr\/thesewp2\/wp-json\/wp\/v2\/comments?post=79"}],"version-history":[{"count":2,"href":"https:\/\/mboudry.fr\/thesewp2\/wp-json\/wp\/v2\/pages\/79\/revisions"}],"predecessor-version":[{"id":412,"href":"https:\/\/mboudry.fr\/thesewp2\/wp-json\/wp\/v2\/pages\/79\/revisions\/412"}],"up":[{"embeddable":true,"href":"https:\/\/mboudry.fr\/thesewp2\/wp-json\/wp\/v2\/pages\/7"}],"wp:attachment":[{"href":"https:\/\/mboudry.fr\/thesewp2\/wp-json\/wp\/v2\/media?parent=79"}],"curies":[{"name":"wp","href":"https:\/\/api.w.org\/{rel}","templated":true}]}}