{"id":81,"date":"2014-11-29T15:20:13","date_gmt":"2014-11-29T14:20:13","guid":{"rendered":"http:\/\/mboudry.wordpress.com\/?page_id=81"},"modified":"2019-08-18T19:04:34","modified_gmt":"2019-08-18T17:04:34","slug":"conclusion","status":"publish","type":"page","link":"https:\/\/mboudry.fr\/thesewp2\/iconographie\/conclusion\/","title":{"rendered":"Conclusion"},"content":{"rendered":"<p>CONCLUSION<\/p>\n<p>Ce travail photographique r\u00e9alis\u00e9, il faut reconna\u00eetre que nous n&rsquo;envisageons pas sa r\u00e9\u00e9dition : un tirage \u00e0 plus de 100 exemplaires comportant 13 feuilles et repr\u00e9sentant 56 clich\u00e9s d\u00e9finitifs, (environ 6000 \u00e9preuves finales sans compter les rat\u00e9s) repr\u00e9sente une \u00ab\u00a0durable\u00a0\u00bb occupation.<\/p>\n<hr \/>\n<p>&nbsp;<\/p>\n<p><a title=\"Historique\" href=\"https:\/\/mboudry.fr\/thesewp2\/introduction\/historique\/\">Page suivante<\/a><br \/>\n<a title=\"D\u00e9veloppements Tirages\" href=\"https:\/\/mboudry.fr\/thesewp2\/iconographie\/developpements-tirages\/\">Page pr\u00e9c\u00e9dente<\/a><br \/>\n<a href=\"http:\/\/mboudry.fr\/thesewp\/?page_id=27\">Plan du document<\/a><\/p>\n","protected":false},"excerpt":{"rendered":"<p>CONCLUSION Ce travail photographique r\u00e9alis\u00e9, il faut reconna\u00eetre que nous n&rsquo;envisageons pas sa r\u00e9\u00e9dition : un tirage \u00e0 plus de 100 exemplaires comportant 13 feuilles et repr\u00e9sentant 56 clich\u00e9s d\u00e9finitifs, (environ 6000 \u00e9preuves finales sans compter les rat\u00e9s) repr\u00e9sente une \u00ab\u00a0durable\u00a0\u00bb occupation. &nbsp; Page suivante Page pr\u00e9c\u00e9dente Plan du document<\/p>\n","protected":false},"author":1,"featured_media":0,"parent":7,"menu_order":0,"comment_status":"open","ping_status":"open","template":"","meta":{"footnotes":""},"class_list":["post-81","page","type-page","status-publish","hentry"],"_links":{"self":[{"href":"https:\/\/mboudry.fr\/thesewp2\/wp-json\/wp\/v2\/pages\/81","targetHints":{"allow":["GET"]}}],"collection":[{"href":"https:\/\/mboudry.fr\/thesewp2\/wp-json\/wp\/v2\/pages"}],"about":[{"href":"https:\/\/mboudry.fr\/thesewp2\/wp-json\/wp\/v2\/types\/page"}],"author":[{"embeddable":true,"href":"https:\/\/mboudry.fr\/thesewp2\/wp-json\/wp\/v2\/users\/1"}],"replies":[{"embeddable":true,"href":"https:\/\/mboudry.fr\/thesewp2\/wp-json\/wp\/v2\/comments?post=81"}],"version-history":[{"count":3,"href":"https:\/\/mboudry.fr\/thesewp2\/wp-json\/wp\/v2\/pages\/81\/revisions"}],"predecessor-version":[{"id":547,"href":"https:\/\/mboudry.fr\/thesewp2\/wp-json\/wp\/v2\/pages\/81\/revisions\/547"}],"up":[{"embeddable":true,"href":"https:\/\/mboudry.fr\/thesewp2\/wp-json\/wp\/v2\/pages\/7"}],"wp:attachment":[{"href":"https:\/\/mboudry.fr\/thesewp2\/wp-json\/wp\/v2\/media?parent=81"}],"curies":[{"name":"wp","href":"https:\/\/api.w.org\/{rel}","templated":true}]}}