{"id":83,"date":"2014-11-29T15:21:07","date_gmt":"2014-11-29T14:21:07","guid":{"rendered":"http:\/\/mboudry.wordpress.com\/?page_id=83"},"modified":"2019-08-18T19:10:55","modified_gmt":"2019-08-18T17:10:55","slug":"emploi-du-sn-13-depose","status":"publish","type":"page","link":"https:\/\/mboudry.fr\/thesewp2\/emploi-du-sn13\/emploi-du-sn-13-depose\/","title":{"rendered":"Emploi du SN 13 : D\u00e9pose"},"content":{"rendered":"<p><strong>D\u00c9POSE DU SN 13<\/strong><\/p>\n<p>Elle existe, le mat\u00e9riel \u00e9tant amovible.<\/p>\n<p>Elle est rapide, tr\u00e8s simple et peu douloureuse (douleur br\u00e8ve, souvent minime).<\/p>\n<p>Nous la r\u00e9alisons, pour les cas de suture des fl\u00e9chisseurs, 3 semaines \u00e0 1 mois apr\u00e8s la pose, sur un malade allong\u00e9.<\/p>\n<ul>\n<li>-* Apr\u00e8s d\u00e9sinfection des t\u00e9guments (<span style=\"color: #000080;\">1<\/span>),<br \/>\nsuccessivement, il faudra :<\/li>\n<li>-* Sectionner le fil sous le plomb DISTAL aux ciseaux forts (<span style=\"color: #000080;\">2<\/span>)<\/li>\n<li>-* Prendre \u00e0 la pince, ou mieux, au porte-aiguille, l&rsquo;extr\u00e9mit\u00e9 proximale du fil (<span style=\"color: #000080;\">3<\/span>)<\/li>\n<li>-* Exercer une traction ferme et rapide sur ce m\u00eame fil, entra\u00eenant la travers\u00e9e <strong>d<\/strong>e la peau par l&rsquo;ardillon au niveau du point de sortie proximam du fil.<\/li>\n<\/ul>\n<p>L&rsquo;aspect du mat\u00e9riel de suture enlev\u00e9 est montr\u00e9 par la photo (<span style=\"color: #000080;\">4<\/span>).<\/p>\n<hr \/>\n<p>&nbsp;<\/p>\n<table style=\"height: 140px; width: 210px;\" border=\"1\" cellspacing=\"1\" cellpadding=\"1\" align=\"left\">\n<caption><strong>D\u00e9pose SN13<\/strong><br \/>\n<strong>renvoi texte &gt; num\u00e9ro photo<\/strong><\/caption>\n<tbody>\n<tr>\n<td style=\"text-align: center; vertical-align: middle; background-color: #cccccc; width: 105px; height: 70px;\"><span style=\"color: #000080;\"><span style=\"font-size: 24px;\"><strong>1<\/strong><\/span><\/span><\/td>\n<td style=\"text-align: center; vertical-align: middle; background-color: #cccccc; width: 105px; height: 70px;\"><span style=\"color: #000080;\"><span style=\"font-size: 24px;\"><strong>2<\/strong><\/span><\/span><\/td>\n<\/tr>\n<tr>\n<td style=\"text-align: center; vertical-align: middle; background-color: #cccccc; width: 105px; height: 70px;\"><span style=\"color: #000080;\"><span style=\"font-size: 24px;\"><strong>3<\/strong><\/span><\/span><\/td>\n<td style=\"text-align: center; vertical-align: middle; background-color: #cccccc; width: 105px; height: 70px;\"><span style=\"color: #000080;\"><span style=\"font-size: 24px;\"><strong>4<\/strong><\/span><\/span><\/td>\n<\/tr>\n<\/tbody>\n<\/table>\n<p>&nbsp;<\/p>\n<p>&nbsp;<\/p>\n<p>&nbsp;<\/p>\n<p>&nbsp;<\/p>\n<p>&nbsp;<\/p>\n<p>&nbsp;<\/p>\n<p><strong>D\u00e9pose<\/strong><\/p>\n<p><a href=\"https:\/\/mboudry.fr\/thesewp2\/wp-content\/uploads\/2014\/11\/sn13-depose.png\"><img loading=\"lazy\" decoding=\"async\" class=\"aligncenter wp-image-143 size-full\" src=\"https:\/\/mboudry.fr\/thesewp2\/wp-content\/uploads\/2014\/11\/sn13-depose.png\" alt=\"SN13 depose\" width=\"1876\" height=\"1390\" srcset=\"https:\/\/mboudry.fr\/thesewp2\/wp-content\/uploads\/2014\/11\/sn13-depose.png 1876w, https:\/\/mboudry.fr\/thesewp2\/wp-content\/uploads\/2014\/11\/sn13-depose-300x222.png 300w, https:\/\/mboudry.fr\/thesewp2\/wp-content\/uploads\/2014\/11\/sn13-depose-768x569.png 768w, https:\/\/mboudry.fr\/thesewp2\/wp-content\/uploads\/2014\/11\/sn13-depose-1024x759.png 1024w\" sizes=\"auto, (max-width: 767px) 89vw, (max-width: 1000px) 54vw, (max-width: 1071px) 543px, 580px\" \/><\/a><\/p>\n<p>&nbsp;<\/p>\n<hr \/>\n<p>&nbsp;<\/p>\n<p><a title=\"Emploi du SN 13 : Pose\" href=\"https:\/\/mboudry.fr\/thesewp2\/experimentation-du-sn13\/generalites\/\">Page suivante<\/a><br \/>\n<a title=\"Le SN 13\" href=\"https:\/\/mboudry.fr\/thesewp2\/emploi-du-sn13\/emploi-du-sn-13-pose\/\">Page pr\u00e9c\u00e9dente<\/a><br \/>\n<a title=\"Plan\" href=\"https:\/\/mboudry.fr\/thesewp2\/plan\/\">Plan du document<\/a><\/p>\n","protected":false},"excerpt":{"rendered":"<p>D\u00c9POSE DU SN 13 Elle existe, le mat\u00e9riel \u00e9tant amovible. Elle est rapide, tr\u00e8s simple et peu douloureuse (douleur br\u00e8ve, souvent minime). Nous la r\u00e9alisons, pour les cas de suture des fl\u00e9chisseurs, 3 semaines \u00e0 1 mois apr\u00e8s la pose, sur un malade allong\u00e9. -* Apr\u00e8s d\u00e9sinfection des t\u00e9guments (1), successivement, il faudra : -* &hellip; <\/p>\n<p class=\"link-more\"><a href=\"https:\/\/mboudry.fr\/thesewp2\/emploi-du-sn13\/emploi-du-sn-13-depose\/\" class=\"more-link\">Continuer la lecture<span class=\"screen-reader-text\"> de &laquo;&nbsp;Emploi du SN 13 : D\u00e9pose&nbsp;&raquo;<\/span><\/a><\/p>\n","protected":false},"author":1,"featured_media":0,"parent":11,"menu_order":0,"comment_status":"open","ping_status":"open","template":"","meta":{"footnotes":""},"class_list":["post-83","page","type-page","status-publish","hentry"],"_links":{"self":[{"href":"https:\/\/mboudry.fr\/thesewp2\/wp-json\/wp\/v2\/pages\/83","targetHints":{"allow":["GET"]}}],"collection":[{"href":"https:\/\/mboudry.fr\/thesewp2\/wp-json\/wp\/v2\/pages"}],"about":[{"href":"https:\/\/mboudry.fr\/thesewp2\/wp-json\/wp\/v2\/types\/page"}],"author":[{"embeddable":true,"href":"https:\/\/mboudry.fr\/thesewp2\/wp-json\/wp\/v2\/users\/1"}],"replies":[{"embeddable":true,"href":"https:\/\/mboudry.fr\/thesewp2\/wp-json\/wp\/v2\/comments?post=83"}],"version-history":[{"count":3,"href":"https:\/\/mboudry.fr\/thesewp2\/wp-json\/wp\/v2\/pages\/83\/revisions"}],"predecessor-version":[{"id":551,"href":"https:\/\/mboudry.fr\/thesewp2\/wp-json\/wp\/v2\/pages\/83\/revisions\/551"}],"up":[{"embeddable":true,"href":"https:\/\/mboudry.fr\/thesewp2\/wp-json\/wp\/v2\/pages\/11"}],"wp:attachment":[{"href":"https:\/\/mboudry.fr\/thesewp2\/wp-json\/wp\/v2\/media?parent=83"}],"curies":[{"name":"wp","href":"https:\/\/api.w.org\/{rel}","templated":true}]}}