{"id":89,"date":"2014-11-29T15:22:57","date_gmt":"2014-11-29T14:22:57","guid":{"rendered":"http:\/\/mboudry.wordpress.com\/?page_id=89"},"modified":"2019-08-18T10:47:48","modified_gmt":"2019-08-18T08:47:48","slug":"generalites","status":"publish","type":"page","link":"https:\/\/mboudry.fr\/thesewp2\/experimentation-du-sn13\/generalites\/","title":{"rendered":"G\u00e9n\u00e9ralit\u00e9s"},"content":{"rendered":"<p>Il nous est apparu int\u00e9ressant de r\u00e9aliser une \u00e9tude exp\u00e9rimentale du SN 13 des laboratoires ETHICON<\/p>\n<p>Nous n&rsquo;avons r\u00e9alis\u00e9 que des essais statiques sur le SN 13 lui-m\u00eame et sur sa pr\u00e9paration SN 13 \/ Tendon humain conserv\u00e9.<\/p>\n<p>Ces essais ont \u00e9t\u00e9 r\u00e9alis\u00e9s gr\u00e2ce \u00e0 l&rsquo;aide du Centre d&rsquo;\u00c9tudes et de Recherches Biologiques de la Marine \u00e0 TOULON sur un lot de SN 13 fourni gracieusement par les Laboratoires ETHICON.<\/p>\n<hr \/>\n<p>&nbsp;<\/p>\n<p><a title=\"Echantillon\" href=\"https:\/\/mboudry.fr\/thesewp2\/experimentation-du-sn13\/echantillon\/\">Page suivante<\/a><br \/>\n<a title=\"Emploi du SN 13 : D\u00e9pose\" href=\"https:\/\/mboudry.fr\/thesewp2\/emploi-du-sn13\/emploi-du-sn-13-depose\/\">Page pr\u00e9c\u00e9dente<\/a><br \/>\n<a title=\"Plan\" href=\"https:\/\/mboudry.fr\/thesewp2\/plan\/\">Plan du document<\/a><\/p>\n","protected":false},"excerpt":{"rendered":"<p>Il nous est apparu int\u00e9ressant de r\u00e9aliser une \u00e9tude exp\u00e9rimentale du SN 13 des laboratoires ETHICON Nous n&rsquo;avons r\u00e9alis\u00e9 que des essais statiques sur le SN 13 lui-m\u00eame et sur sa pr\u00e9paration SN 13 \/ Tendon humain conserv\u00e9. Ces essais ont \u00e9t\u00e9 r\u00e9alis\u00e9s gr\u00e2ce \u00e0 l&rsquo;aide du Centre d&rsquo;\u00c9tudes et de Recherches Biologiques de la &hellip; <\/p>\n<p class=\"link-more\"><a href=\"https:\/\/mboudry.fr\/thesewp2\/experimentation-du-sn13\/generalites\/\" class=\"more-link\">Continuer la lecture<span class=\"screen-reader-text\"> de &laquo;&nbsp;G\u00e9n\u00e9ralit\u00e9s&nbsp;&raquo;<\/span><\/a><\/p>\n","protected":false},"author":1,"featured_media":0,"parent":13,"menu_order":0,"comment_status":"open","ping_status":"open","template":"","meta":{"footnotes":""},"class_list":["post-89","page","type-page","status-publish","hentry"],"_links":{"self":[{"href":"https:\/\/mboudry.fr\/thesewp2\/wp-json\/wp\/v2\/pages\/89","targetHints":{"allow":["GET"]}}],"collection":[{"href":"https:\/\/mboudry.fr\/thesewp2\/wp-json\/wp\/v2\/pages"}],"about":[{"href":"https:\/\/mboudry.fr\/thesewp2\/wp-json\/wp\/v2\/types\/page"}],"author":[{"embeddable":true,"href":"https:\/\/mboudry.fr\/thesewp2\/wp-json\/wp\/v2\/users\/1"}],"replies":[{"embeddable":true,"href":"https:\/\/mboudry.fr\/thesewp2\/wp-json\/wp\/v2\/comments?post=89"}],"version-history":[{"count":2,"href":"https:\/\/mboudry.fr\/thesewp2\/wp-json\/wp\/v2\/pages\/89\/revisions"}],"predecessor-version":[{"id":432,"href":"https:\/\/mboudry.fr\/thesewp2\/wp-json\/wp\/v2\/pages\/89\/revisions\/432"}],"up":[{"embeddable":true,"href":"https:\/\/mboudry.fr\/thesewp2\/wp-json\/wp\/v2\/pages\/13"}],"wp:attachment":[{"href":"https:\/\/mboudry.fr\/thesewp2\/wp-json\/wp\/v2\/media?parent=89"}],"curies":[{"name":"wp","href":"https:\/\/api.w.org\/{rel}","templated":true}]}}